{"id":2741,"date":"2021-07-13T16:53:04","date_gmt":"2021-07-13T14:53:04","guid":{"rendered":"https:\/\/rtv.sabaj.pl\/?post_type=product&#038;p=2741"},"modified":"2024-08-29T11:37:58","modified_gmt":"2024-08-29T09:37:58","slug":"dwukierunkowy-pilot-bezprzewodowy-rf-do-podnosnikow-sabaj","status":"publish","type":"product","link":"https:\/\/rtv.sabaj.pl\/de\/produkt\/dwukierunkowy-pilot-bezprzewodowy-rf-do-podnosnikow-sabaj\/","title":{"rendered":"Dwukierunkowy pilot bezprzewodowy RF do podno\u015bnik\u00f3w Sabaj"},"content":{"rendered":"<div data-elementor-type=\"wp-post\" data-elementor-id=\"2741\" class=\"elementor elementor-2741\" data-elementor-post-type=\"product\">\n\t\t\t\t\t\t<section data-particle_enable=\"false\" data-particle-mobile-disabled=\"false\" class=\"elementor-section elementor-top-section elementor-element elementor-element-790bad8 elementor-section-full_width elementor-section-height-default elementor-section-height-default\" data-id=\"790bad8\" data-element_type=\"section\">\n\t\t\t\t\t\t<div class=\"elementor-container elementor-column-gap-no\">\n\t\t\t\t\t<div class=\"elementor-column elementor-col-100 elementor-top-column elementor-element elementor-element-8cf7c28\" data-id=\"8cf7c28\" data-element_type=\"column\" data-settings=\"{&quot;background_background&quot;:&quot;classic&quot;}\">\n\t\t\t<div class=\"elementor-widget-wrap elementor-element-populated\">\n\t\t\t\t\t\t<div class=\"elementor-element elementor-element-b969e49 elementor-widget elementor-widget-heading\" data-id=\"b969e49\" data-element_type=\"widget\" data-widget_type=\"heading.default\">\n\t\t\t\t<div class=\"elementor-widget-container\">\n\t\t\t<h2 class=\"elementor-heading-title elementor-size-default elementor-heading-title elementor-align-after-center\">Do pobrania<\/h2>\t\t<\/div>\n\t\t\t\t<\/div>\n\t\t\t\t<section data-particle_enable=\"false\" data-particle-mobile-disabled=\"false\" class=\"elementor-section elementor-inner-section elementor-element elementor-element-73052a8 elementor-section-full_width elementor-section-height-default elementor-section-height-default\" data-id=\"73052a8\" data-element_type=\"section\" data-settings=\"{&quot;background_background&quot;:&quot;classic&quot;}\">\n\t\t\t\t\t\t<div class=\"elementor-container elementor-column-gap-no\">\n\t\t\t\t\t<div class=\"elementor-column elementor-col-50 elementor-inner-column elementor-element elementor-element-b1e426f\" data-id=\"b1e426f\" data-element_type=\"column\">\n\t\t\t<div class=\"elementor-widget-wrap elementor-element-populated\">\n\t\t\t\t\t\t<div class=\"elementor-element elementor-element-3f037bf elementor-widget elementor-widget-text-editor\" data-id=\"3f037bf\" data-element_type=\"widget\" data-widget_type=\"text-editor.default\">\n\t\t\t\t<div class=\"elementor-widget-container\">\n\t\t\t\t\t\t\t<p><strong><a href=\"https:\/\/rtv.sabaj.pl\/wp-content\/uploads\/2024\/02\/RF-Remote.pdf\">RF Remote wymiary<\/a><\/strong><\/p>\t\t\t\t\t\t<\/div>\n\t\t\t\t<\/div>\n\t\t\t\t\t<\/div>\n\t\t<\/div>\n\t\t\t\t<div class=\"elementor-column elementor-col-50 elementor-inner-column elementor-element elementor-element-9057723\" data-id=\"9057723\" data-element_type=\"column\">\n\t\t\t<div class=\"elementor-widget-wrap elementor-element-populated\">\n\t\t\t\t\t\t<div class=\"elementor-element elementor-element-f3679cb elementor-view-default elementor-widget elementor-widget-icon\" data-id=\"f3679cb\" data-element_type=\"widget\" data-widget_type=\"icon.default\">\n\t\t\t\t<div class=\"elementor-widget-container\">\n\t\t\t\t\t<div class=\"elementor-icon-wrapper\">\n\t\t\t<a class=\"elementor-icon\" href=\"https:\/\/rtv.sabaj.pl\/wp-content\/uploads\/2024\/02\/RF-Remote.pdf\" target=\"_blank\">\n\t\t\t<i aria-hidden=\"true\" class=\"fas fa-download\"><\/i>\t\t\t<\/a>\n\t\t<\/div>\n\t\t\t\t<\/div>\n\t\t\t\t<\/div>\n\t\t\t\t\t<\/div>\n\t\t<\/div>\n\t\t\t\t\t<\/div>\n\t\t<\/section>\n\t\t\t\t<section data-particle_enable=\"false\" data-particle-mobile-disabled=\"false\" class=\"elementor-section elementor-inner-section elementor-element elementor-element-50ca8e6 elementor-section-full_width elementor-section-height-default elementor-section-height-default\" data-id=\"50ca8e6\" data-element_type=\"section\" data-settings=\"{&quot;background_background&quot;:&quot;classic&quot;}\">\n\t\t\t\t\t\t<div class=\"elementor-container elementor-column-gap-no\">\n\t\t\t\t\t<div class=\"elementor-column elementor-col-50 elementor-inner-column elementor-element elementor-element-b00d462\" data-id=\"b00d462\" data-element_type=\"column\">\n\t\t\t<div class=\"elementor-widget-wrap elementor-element-populated\">\n\t\t\t\t\t\t<div class=\"elementor-element elementor-element-567b476 elementor-widget elementor-widget-text-editor\" data-id=\"567b476\" data-element_type=\"widget\" data-widget_type=\"text-editor.default\">\n\t\t\t\t<div class=\"elementor-widget-container\">\n\t\t\t\t\t\t\t<p><a href=\"https:\/\/rtv.sabaj.pl\/wp-content\/uploads\/2022\/02\/deklaracja-zgodnosci-rtv.pdf\" data-wplink-edit=\"true\"><strong>Deklaracja zgodno\u015bci CE<\/strong><\/a><\/p>\t\t\t\t\t\t<\/div>\n\t\t\t\t<\/div>\n\t\t\t\t\t<\/div>\n\t\t<\/div>\n\t\t\t\t<div class=\"elementor-column elementor-col-50 elementor-inner-column elementor-element elementor-element-1d0539f\" data-id=\"1d0539f\" data-element_type=\"column\">\n\t\t\t<div class=\"elementor-widget-wrap elementor-element-populated\">\n\t\t\t\t\t\t<div class=\"elementor-element elementor-element-43aa401 elementor-view-default elementor-widget elementor-widget-icon\" data-id=\"43aa401\" data-element_type=\"widget\" data-widget_type=\"icon.default\">\n\t\t\t\t<div class=\"elementor-widget-container\">\n\t\t\t\t\t<div class=\"elementor-icon-wrapper\">\n\t\t\t<a class=\"elementor-icon\" href=\"https:\/\/rtv.sabaj.pl\/wp-content\/uploads\/2024\/02\/deklaracja-zgodnosci-rtv.pdf\" target=\"_blank\">\n\t\t\t<i aria-hidden=\"true\" class=\"fas fa-download\"><\/i>\t\t\t<\/a>\n\t\t<\/div>\n\t\t\t\t<\/div>\n\t\t\t\t<\/div>\n\t\t\t\t\t<\/div>\n\t\t<\/div>\n\t\t\t\t\t<\/div>\n\t\t<\/section>\n\t\t\t\t\t<\/div>\n\t\t<\/div>\n\t\t\t\t\t<\/div>\n\t\t<\/section>\n\t\t\t\t<\/div>","protected":false},"excerpt":{"rendered":"<p>Uniwersalny pilot radiowy do wszystkich typ\u00f3w podno\u015bnik\u00f3w firmy Sabaj.<\/p>","protected":false},"featured_media":10354,"template":"","meta":{"_acf_changed":false},"product_brand":[],"product_cat":[104],"product_tag":[],"class_list":{"0":"post-2741","1":"product","2":"type-product","3":"status-publish","4":"has-post-thumbnail","6":"product_cat-akcesoria","8":"first","9":"instock","10":"shipping-taxable","11":"product-type-simple"},"acf":[],"yoast_head":"<!-- This site is optimized with the Yoast SEO plugin v27.1 - https:\/\/yoast.com\/product\/yoast-seo-wordpress\/ -->\n<title>Dwukierunkowy pilot bezprzewodowy RF do podno\u015bnik\u00f3w Sabaj - Sabaj<\/title>\n<meta name=\"description\" content=\"Uniwersalny pilot radiowy do wszystkich typ\u00f3w podno\u015bnik\u00f3w firmy Sabaj. - Best Quality TV Lifts - Intercontinental Delivery - Sabaj\" \/>\n<meta name=\"robots\" content=\"index, follow, max-snippet:-1, max-image-preview:large, max-video-preview:-1\" \/>\n<link rel=\"canonical\" href=\"https:\/\/rtv.sabaj.pl\/de\/produkt\/dwukierunkowy-pilot-bezprzewodowy-rf-do-podnosnikow-sabaj\/\" \/>\n<meta property=\"og:locale\" content=\"de_DE\" \/>\n<meta property=\"og:type\" content=\"article\" \/>\n<meta property=\"og:title\" content=\"Dwukierunkowy pilot bezprzewodowy RF do podno\u015bnik\u00f3w Sabaj - Sabaj\" \/>\n<meta property=\"og:description\" content=\"Uniwersalny pilot radiowy do wszystkich typ\u00f3w podno\u015bnik\u00f3w firmy Sabaj. - Best Quality TV Lifts - Intercontinental Delivery - Sabaj\" \/>\n<meta property=\"og:url\" content=\"https:\/\/rtv.sabaj.pl\/de\/produkt\/dwukierunkowy-pilot-bezprzewodowy-rf-do-podnosnikow-sabaj\/\" \/>\n<meta property=\"og:site_name\" content=\"Sabaj\" \/>\n<meta property=\"article:publisher\" content=\"https:\/\/pl-pl.facebook.com\/sabajgroup\/\" \/>\n<meta property=\"article:modified_time\" content=\"2024-08-29T09:37:58+00:00\" \/>\n<meta property=\"og:image\" content=\"https:\/\/rtv.sabaj.pl\/wp-content\/uploads\/2021\/07\/Pilot-RF-do-posnosnikow-Sabaj.webp\" \/>\n\t<meta property=\"og:image:width\" content=\"1550\" \/>\n\t<meta property=\"og:image:height\" content=\"1416\" \/>\n\t<meta property=\"og:image:type\" content=\"image\/webp\" \/>\n<meta name=\"twitter:card\" content=\"summary_large_image\" \/>\n<meta name=\"twitter:label1\" content=\"Gesch\u00e4tzte Lesezeit\" \/>\n\t<meta name=\"twitter:data1\" content=\"1\u00a0Minute\" \/>\n<script type=\"application\/ld+json\" class=\"yoast-schema-graph\">{\"@context\":\"https:\/\/schema.org\",\"@graph\":[{\"@type\":\"WebPage\",\"@id\":\"https:\/\/rtv.sabaj.pl\/product\/dwukierunkowy-pilot-bezprzewodowy-rf-do-podnosnikow-sabaj\/\",\"url\":\"https:\/\/rtv.sabaj.pl\/product\/dwukierunkowy-pilot-bezprzewodowy-rf-do-podnosnikow-sabaj\/\",\"name\":\"Dwukierunkowy pilot bezprzewodowy RF do podno\u015bnik\u00f3w Sabaj - Sabaj\",\"isPartOf\":{\"@id\":\"https:\/\/rtv.sabaj.pl\/#website\"},\"primaryImageOfPage\":{\"@id\":\"https:\/\/rtv.sabaj.pl\/product\/dwukierunkowy-pilot-bezprzewodowy-rf-do-podnosnikow-sabaj\/#primaryimage\"},\"image\":{\"@id\":\"https:\/\/rtv.sabaj.pl\/product\/dwukierunkowy-pilot-bezprzewodowy-rf-do-podnosnikow-sabaj\/#primaryimage\"},\"thumbnailUrl\":\"https:\/\/rtv.sabaj.pl\/wp-content\/uploads\/2021\/07\/Pilot-RF-do-posnosnikow-Sabaj.webp\",\"datePublished\":\"2021-07-13T14:53:04+00:00\",\"dateModified\":\"2024-08-29T09:37:58+00:00\",\"description\":\"Uniwersalny pilot radiowy do wszystkich typ\u00f3w podno\u015bnik\u00f3w firmy Sabaj. - Best Quality TV Lifts - Intercontinental Delivery - Sabaj\",\"breadcrumb\":{\"@id\":\"https:\/\/rtv.sabaj.pl\/product\/dwukierunkowy-pilot-bezprzewodowy-rf-do-podnosnikow-sabaj\/#breadcrumb\"},\"inLanguage\":\"de\",\"potentialAction\":[{\"@type\":\"ReadAction\",\"target\":[\"https:\/\/rtv.sabaj.pl\/product\/dwukierunkowy-pilot-bezprzewodowy-rf-do-podnosnikow-sabaj\/\"]}]},{\"@type\":\"ImageObject\",\"inLanguage\":\"de\",\"@id\":\"https:\/\/rtv.sabaj.pl\/product\/dwukierunkowy-pilot-bezprzewodowy-rf-do-podnosnikow-sabaj\/#primaryimage\",\"url\":\"https:\/\/rtv.sabaj.pl\/wp-content\/uploads\/2021\/07\/Pilot-RF-do-posnosnikow-Sabaj.webp\",\"contentUrl\":\"https:\/\/rtv.sabaj.pl\/wp-content\/uploads\/2021\/07\/Pilot-RF-do-posnosnikow-Sabaj.webp\",\"width\":1550,\"height\":1416,\"caption\":\"Pilot RF do posno\u015bnik\u00f3w Sabaj\"},{\"@type\":\"BreadcrumbList\",\"@id\":\"https:\/\/rtv.sabaj.pl\/product\/dwukierunkowy-pilot-bezprzewodowy-rf-do-podnosnikow-sabaj\/#breadcrumb\",\"itemListElement\":[{\"@type\":\"ListItem\",\"position\":1,\"name\":\"Katalog produkt\u00f3w\",\"item\":\"https:\/\/rtv.sabaj.pl\/shop-2\/\"},{\"@type\":\"ListItem\",\"position\":2,\"name\":\"Dwukierunkowy pilot bezprzewodowy RF do podno\u015bnik\u00f3w Sabaj\"}]},{\"@type\":\"WebSite\",\"@id\":\"https:\/\/rtv.sabaj.pl\/#website\",\"url\":\"https:\/\/rtv.sabaj.pl\/\",\"name\":\"TV Lifts Sabaj\",\"description\":\"TV lifts are a solution that allows motorized hiding of your television in furniture, the ceiling, or the wall. With TV lifts, you can free up your living room space from a large screen, contributing to a more aesthetic and functional interior. Automating the operation of your television with TV lifts enables you to enjoy a modern, organized home. Choose TV lifts to optimize the space in your home.\",\"publisher\":{\"@id\":\"https:\/\/rtv.sabaj.pl\/#organization\"},\"alternateName\":\"RTV Sabaj\",\"potentialAction\":[{\"@type\":\"SearchAction\",\"target\":{\"@type\":\"EntryPoint\",\"urlTemplate\":\"https:\/\/rtv.sabaj.pl\/?s={search_term_string}\"},\"query-input\":{\"@type\":\"PropertyValueSpecification\",\"valueRequired\":true,\"valueName\":\"search_term_string\"}}],\"inLanguage\":\"de\"},{\"@type\":\"Organization\",\"@id\":\"https:\/\/rtv.sabaj.pl\/#organization\",\"name\":\"Sabaj\",\"url\":\"https:\/\/rtv.sabaj.pl\/\",\"logo\":{\"@type\":\"ImageObject\",\"inLanguage\":\"de\",\"@id\":\"https:\/\/rtv.sabaj.pl\/#\/schema\/logo\/image\/\",\"url\":\"https:\/\/rtv.sabaj.pl\/wp-content\/uploads\/2018\/07\/sabaj.jpg\",\"contentUrl\":\"https:\/\/rtv.sabaj.pl\/wp-content\/uploads\/2018\/07\/sabaj.jpg\",\"width\":284,\"height\":106,\"caption\":\"Sabaj\"},\"image\":{\"@id\":\"https:\/\/rtv.sabaj.pl\/#\/schema\/logo\/image\/\"},\"sameAs\":[\"https:\/\/pl-pl.facebook.com\/sabajgroup\/\",\"https:\/\/pl.linkedin.com\/company\/sabaj-system\"]}]}<\/script>\n<!-- \/ Yoast SEO plugin. -->","yoast_head_json":{"title":"Dwukierunkowy pilot bezprzewodowy RF do podno\u015bnik\u00f3w Sabaj - Sabaj","description":"Uniwersalny pilot radiowy do wszystkich typ\u00f3w podno\u015bnik\u00f3w firmy Sabaj. - Best Quality TV Lifts - Intercontinental Delivery - Sabaj","robots":{"index":"index","follow":"follow","max-snippet":"max-snippet:-1","max-image-preview":"max-image-preview:large","max-video-preview":"max-video-preview:-1"},"canonical":"https:\/\/rtv.sabaj.pl\/de\/produkt\/dwukierunkowy-pilot-bezprzewodowy-rf-do-podnosnikow-sabaj\/","og_locale":"de_DE","og_type":"article","og_title":"Dwukierunkowy pilot bezprzewodowy RF do podno\u015bnik\u00f3w Sabaj - Sabaj","og_description":"Uniwersalny pilot radiowy do wszystkich typ\u00f3w podno\u015bnik\u00f3w firmy Sabaj. - Best Quality TV Lifts - Intercontinental Delivery - Sabaj","og_url":"https:\/\/rtv.sabaj.pl\/de\/produkt\/dwukierunkowy-pilot-bezprzewodowy-rf-do-podnosnikow-sabaj\/","og_site_name":"Sabaj","article_publisher":"https:\/\/pl-pl.facebook.com\/sabajgroup\/","article_modified_time":"2024-08-29T09:37:58+00:00","og_image":[{"width":1550,"height":1416,"url":"https:\/\/rtv.sabaj.pl\/wp-content\/uploads\/2021\/07\/Pilot-RF-do-posnosnikow-Sabaj.webp","type":"image\/webp"}],"twitter_card":"summary_large_image","twitter_misc":{"Gesch\u00e4tzte Lesezeit":"1\u00a0Minute"},"schema":{"@context":"https:\/\/schema.org","@graph":[{"@type":"WebPage","@id":"https:\/\/rtv.sabaj.pl\/product\/dwukierunkowy-pilot-bezprzewodowy-rf-do-podnosnikow-sabaj\/","url":"https:\/\/rtv.sabaj.pl\/product\/dwukierunkowy-pilot-bezprzewodowy-rf-do-podnosnikow-sabaj\/","name":"Dwukierunkowy pilot bezprzewodowy RF do podno\u015bnik\u00f3w Sabaj - Sabaj","isPartOf":{"@id":"https:\/\/rtv.sabaj.pl\/#website"},"primaryImageOfPage":{"@id":"https:\/\/rtv.sabaj.pl\/product\/dwukierunkowy-pilot-bezprzewodowy-rf-do-podnosnikow-sabaj\/#primaryimage"},"image":{"@id":"https:\/\/rtv.sabaj.pl\/product\/dwukierunkowy-pilot-bezprzewodowy-rf-do-podnosnikow-sabaj\/#primaryimage"},"thumbnailUrl":"https:\/\/rtv.sabaj.pl\/wp-content\/uploads\/2021\/07\/Pilot-RF-do-posnosnikow-Sabaj.webp","datePublished":"2021-07-13T14:53:04+00:00","dateModified":"2024-08-29T09:37:58+00:00","description":"Uniwersalny pilot radiowy do wszystkich typ\u00f3w podno\u015bnik\u00f3w firmy Sabaj. - Best Quality TV Lifts - Intercontinental Delivery - Sabaj","breadcrumb":{"@id":"https:\/\/rtv.sabaj.pl\/product\/dwukierunkowy-pilot-bezprzewodowy-rf-do-podnosnikow-sabaj\/#breadcrumb"},"inLanguage":"de","potentialAction":[{"@type":"ReadAction","target":["https:\/\/rtv.sabaj.pl\/product\/dwukierunkowy-pilot-bezprzewodowy-rf-do-podnosnikow-sabaj\/"]}]},{"@type":"ImageObject","inLanguage":"de","@id":"https:\/\/rtv.sabaj.pl\/product\/dwukierunkowy-pilot-bezprzewodowy-rf-do-podnosnikow-sabaj\/#primaryimage","url":"https:\/\/rtv.sabaj.pl\/wp-content\/uploads\/2021\/07\/Pilot-RF-do-posnosnikow-Sabaj.webp","contentUrl":"https:\/\/rtv.sabaj.pl\/wp-content\/uploads\/2021\/07\/Pilot-RF-do-posnosnikow-Sabaj.webp","width":1550,"height":1416,"caption":"Pilot RF do posno\u015bnik\u00f3w Sabaj"},{"@type":"BreadcrumbList","@id":"https:\/\/rtv.sabaj.pl\/product\/dwukierunkowy-pilot-bezprzewodowy-rf-do-podnosnikow-sabaj\/#breadcrumb","itemListElement":[{"@type":"ListItem","position":1,"name":"Katalog produkt\u00f3w","item":"https:\/\/rtv.sabaj.pl\/shop-2\/"},{"@type":"ListItem","position":2,"name":"Dwukierunkowy pilot bezprzewodowy RF do podno\u015bnik\u00f3w Sabaj"}]},{"@type":"WebSite","@id":"https:\/\/rtv.sabaj.pl\/#website","url":"https:\/\/rtv.sabaj.pl\/","name":"TV Lifts Sabaj","description":"TV lifts are a solution that allows motorized hiding of your television in furniture, the ceiling, or the wall. With TV lifts, you can free up your living room space from a large screen, contributing to a more aesthetic and functional interior. Automating the operation of your television with TV lifts enables you to enjoy a modern, organized home. Choose TV lifts to optimize the space in your home.","publisher":{"@id":"https:\/\/rtv.sabaj.pl\/#organization"},"alternateName":"RTV Sabaj","potentialAction":[{"@type":"SearchAction","target":{"@type":"EntryPoint","urlTemplate":"https:\/\/rtv.sabaj.pl\/?s={search_term_string}"},"query-input":{"@type":"PropertyValueSpecification","valueRequired":true,"valueName":"search_term_string"}}],"inLanguage":"de"},{"@type":"Organization","@id":"https:\/\/rtv.sabaj.pl\/#organization","name":"Sabaj","url":"https:\/\/rtv.sabaj.pl\/","logo":{"@type":"ImageObject","inLanguage":"de","@id":"https:\/\/rtv.sabaj.pl\/#\/schema\/logo\/image\/","url":"https:\/\/rtv.sabaj.pl\/wp-content\/uploads\/2018\/07\/sabaj.jpg","contentUrl":"https:\/\/rtv.sabaj.pl\/wp-content\/uploads\/2018\/07\/sabaj.jpg","width":284,"height":106,"caption":"Sabaj"},"image":{"@id":"https:\/\/rtv.sabaj.pl\/#\/schema\/logo\/image\/"},"sameAs":["https:\/\/pl-pl.facebook.com\/sabajgroup\/","https:\/\/pl.linkedin.com\/company\/sabaj-system"]}]}},"_links":{"self":[{"href":"https:\/\/rtv.sabaj.pl\/de\/wp-json\/wp\/v2\/product\/2741","targetHints":{"allow":["GET"]}}],"collection":[{"href":"https:\/\/rtv.sabaj.pl\/de\/wp-json\/wp\/v2\/product"}],"about":[{"href":"https:\/\/rtv.sabaj.pl\/de\/wp-json\/wp\/v2\/types\/product"}],"version-history":[{"count":0,"href":"https:\/\/rtv.sabaj.pl\/de\/wp-json\/wp\/v2\/product\/2741\/revisions"}],"wp:featuredmedia":[{"embeddable":true,"href":"https:\/\/rtv.sabaj.pl\/de\/wp-json\/wp\/v2\/media\/10354"}],"wp:attachment":[{"href":"https:\/\/rtv.sabaj.pl\/de\/wp-json\/wp\/v2\/media?parent=2741"}],"wp:term":[{"taxonomy":"product_brand","embeddable":true,"href":"https:\/\/rtv.sabaj.pl\/de\/wp-json\/wp\/v2\/product_brand?post=2741"},{"taxonomy":"product_cat","embeddable":true,"href":"https:\/\/rtv.sabaj.pl\/de\/wp-json\/wp\/v2\/product_cat?post=2741"},{"taxonomy":"product_tag","embeddable":true,"href":"https:\/\/rtv.sabaj.pl\/de\/wp-json\/wp\/v2\/product_tag?post=2741"}],"curies":[{"name":"wp","href":"https:\/\/api.w.org\/{rel}","templated":true}]}}