{"id":2772,"date":"2021-07-13T17:01:49","date_gmt":"2021-07-13T15:01:49","guid":{"rendered":"https:\/\/rtv.sabaj.pl\/?post_type=product&#038;p=2772"},"modified":"2024-08-29T11:37:42","modified_gmt":"2024-08-29T09:37:42","slug":"odbiornik-podczerwieni-ir-eye","status":"publish","type":"product","link":"https:\/\/rtv.sabaj.pl\/de\/produkt\/odbiornik-podczerwieni-ir-eye\/","title":{"rendered":"Odbiornik podczerwieni \u2013 IR-EyE"},"content":{"rendered":"<div data-elementor-type=\"wp-post\" data-elementor-id=\"2772\" class=\"elementor elementor-2772\" data-elementor-post-type=\"product\">\n\t\t\t\t\t\t<section data-particle_enable=\"false\" data-particle-mobile-disabled=\"false\" class=\"elementor-section elementor-top-section elementor-element elementor-element-7bdd35d elementor-section-full_width elementor-section-height-default elementor-section-height-default\" data-id=\"7bdd35d\" data-element_type=\"section\">\n\t\t\t\t\t\t<div class=\"elementor-container elementor-column-gap-no\">\n\t\t\t\t\t<div class=\"elementor-column elementor-col-100 elementor-top-column elementor-element elementor-element-e6ba623\" data-id=\"e6ba623\" data-element_type=\"column\" data-settings=\"{&quot;background_background&quot;:&quot;classic&quot;}\">\n\t\t\t<div class=\"elementor-widget-wrap elementor-element-populated\">\n\t\t\t\t\t\t<div class=\"elementor-element elementor-element-b95fa84 elementor-widget elementor-widget-heading\" data-id=\"b95fa84\" data-element_type=\"widget\" data-widget_type=\"heading.default\">\n\t\t\t\t<div class=\"elementor-widget-container\">\n\t\t\t<h2 class=\"elementor-heading-title elementor-size-default elementor-heading-title elementor-align-after-center\">Do pobrania<\/h2>\t\t<\/div>\n\t\t\t\t<\/div>\n\t\t\t\t<section data-particle_enable=\"false\" data-particle-mobile-disabled=\"false\" class=\"elementor-section elementor-inner-section elementor-element elementor-element-c113b93 elementor-section-full_width elementor-section-height-default elementor-section-height-default\" data-id=\"c113b93\" data-element_type=\"section\" data-settings=\"{&quot;background_background&quot;:&quot;classic&quot;}\">\n\t\t\t\t\t\t<div class=\"elementor-container elementor-column-gap-no\">\n\t\t\t\t\t<div class=\"elementor-column elementor-col-50 elementor-inner-column elementor-element elementor-element-f99aaf0\" data-id=\"f99aaf0\" data-element_type=\"column\">\n\t\t\t<div class=\"elementor-widget-wrap elementor-element-populated\">\n\t\t\t\t\t\t<div class=\"elementor-element elementor-element-00d1907 elementor-widget elementor-widget-text-editor\" data-id=\"00d1907\" data-element_type=\"widget\" data-widget_type=\"text-editor.default\">\n\t\t\t\t<div class=\"elementor-widget-container\">\n\t\t\t\t\t\t\t<p><strong><a href=\"https:\/\/rtv.sabaj.pl\/wp-content\/uploads\/2024\/02\/IR-EYE-1.pdf\">IR-EYE wymiary<\/a><\/strong><\/p>\t\t\t\t\t\t<\/div>\n\t\t\t\t<\/div>\n\t\t\t\t\t<\/div>\n\t\t<\/div>\n\t\t\t\t<div class=\"elementor-column elementor-col-50 elementor-inner-column elementor-element elementor-element-ee0b9c2\" data-id=\"ee0b9c2\" data-element_type=\"column\">\n\t\t\t<div class=\"elementor-widget-wrap elementor-element-populated\">\n\t\t\t\t\t\t<div class=\"elementor-element elementor-element-5f850f6 elementor-view-default elementor-widget elementor-widget-icon\" data-id=\"5f850f6\" data-element_type=\"widget\" data-widget_type=\"icon.default\">\n\t\t\t\t<div class=\"elementor-widget-container\">\n\t\t\t\t\t<div class=\"elementor-icon-wrapper\">\n\t\t\t<a class=\"elementor-icon\" href=\"https:\/\/rtv.sabaj.pl\/wp-content\/uploads\/2024\/02\/IR-EYE-1.pdf\" target=\"_blank\">\n\t\t\t<i aria-hidden=\"true\" class=\"fas fa-download\"><\/i>\t\t\t<\/a>\n\t\t<\/div>\n\t\t\t\t<\/div>\n\t\t\t\t<\/div>\n\t\t\t\t\t<\/div>\n\t\t<\/div>\n\t\t\t\t\t<\/div>\n\t\t<\/section>\n\t\t\t\t<section data-particle_enable=\"false\" data-particle-mobile-disabled=\"false\" class=\"elementor-section elementor-inner-section elementor-element elementor-element-ec245ff elementor-section-full_width elementor-section-height-default elementor-section-height-default\" data-id=\"ec245ff\" data-element_type=\"section\" data-settings=\"{&quot;background_background&quot;:&quot;classic&quot;}\">\n\t\t\t\t\t\t<div class=\"elementor-container elementor-column-gap-no\">\n\t\t\t\t\t<div class=\"elementor-column elementor-col-50 elementor-inner-column elementor-element elementor-element-22c4a29\" data-id=\"22c4a29\" data-element_type=\"column\">\n\t\t\t<div class=\"elementor-widget-wrap elementor-element-populated\">\n\t\t\t\t\t\t<div class=\"elementor-element elementor-element-32b4bff elementor-widget elementor-widget-text-editor\" data-id=\"32b4bff\" data-element_type=\"widget\" data-widget_type=\"text-editor.default\">\n\t\t\t\t<div class=\"elementor-widget-container\">\n\t\t\t\t\t\t\t<p><strong><a href=\"https:\/\/rtv.sabaj.pl\/wp-content\/uploads\/2022\/02\/deklaracja-zgodnosci-rtv.pdf\">CE certification<\/a><\/strong><\/p>\t\t\t\t\t\t<\/div>\n\t\t\t\t<\/div>\n\t\t\t\t\t<\/div>\n\t\t<\/div>\n\t\t\t\t<div class=\"elementor-column elementor-col-50 elementor-inner-column elementor-element elementor-element-5e4cb29\" data-id=\"5e4cb29\" data-element_type=\"column\">\n\t\t\t<div class=\"elementor-widget-wrap elementor-element-populated\">\n\t\t\t\t\t\t<div class=\"elementor-element elementor-element-3df22ca elementor-view-default elementor-widget elementor-widget-icon\" data-id=\"3df22ca\" data-element_type=\"widget\" data-widget_type=\"icon.default\">\n\t\t\t\t<div class=\"elementor-widget-container\">\n\t\t\t\t\t<div class=\"elementor-icon-wrapper\">\n\t\t\t<a class=\"elementor-icon\" href=\"https:\/\/rtv.sabaj.pl\/wp-content\/uploads\/2024\/02\/deklaracja-zgodnosci-rtv.pdf\" target=\"_blank\">\n\t\t\t<i aria-hidden=\"true\" class=\"fas fa-download\"><\/i>\t\t\t<\/a>\n\t\t<\/div>\n\t\t\t\t<\/div>\n\t\t\t\t<\/div>\n\t\t\t\t\t<\/div>\n\t\t<\/div>\n\t\t\t\t\t<\/div>\n\t\t<\/section>\n\t\t\t\t\t<\/div>\n\t\t<\/div>\n\t\t\t\t\t<\/div>\n\t\t<\/section>\n\t\t\t\t<\/div>","protected":false},"excerpt":{"rendered":"<p>D\u0142ugo\u015b\u0107 przewodu 3m.<br \/>\nOdbiornik podczerwieni z wtyczk\u0105 RJ-45. Do sterowania podno\u015bnikami serii RF.<\/p>","protected":false},"featured_media":3852,"template":"","meta":{"_acf_changed":false},"product_brand":[],"product_cat":[104],"product_tag":[],"class_list":{"0":"post-2772","1":"product","2":"type-product","3":"status-publish","4":"has-post-thumbnail","6":"product_cat-akcesoria","8":"first","9":"instock","10":"shipping-taxable","11":"product-type-simple"},"acf":[],"yoast_head":"<!-- This site is optimized with the Yoast SEO plugin v27.1 - https:\/\/yoast.com\/product\/yoast-seo-wordpress\/ -->\n<title>Odbiornik podczerwieni \u2013 IR-EyE - Sabaj<\/title>\n<meta name=\"description\" content=\"D\u0142ugo\u015b\u0107 przewodu 3m. Odbiornik podczerwieni z wtyczk\u0105 RJ-45. Do sterowania podno\u015bnikami serii RF. - Best Quality TV Lifts - Intercontinental Delivery - Sabaj\" \/>\n<meta name=\"robots\" content=\"index, follow, max-snippet:-1, max-image-preview:large, max-video-preview:-1\" \/>\n<link rel=\"canonical\" href=\"https:\/\/rtv.sabaj.pl\/de\/produkt\/odbiornik-podczerwieni-ir-eye\/\" \/>\n<meta property=\"og:locale\" content=\"de_DE\" \/>\n<meta property=\"og:type\" content=\"article\" \/>\n<meta property=\"og:title\" content=\"Odbiornik podczerwieni \u2013 IR-EyE - Sabaj\" \/>\n<meta property=\"og:description\" content=\"D\u0142ugo\u015b\u0107 przewodu 3m. Odbiornik podczerwieni z wtyczk\u0105 RJ-45. Do sterowania podno\u015bnikami serii RF. - Best Quality TV Lifts - Intercontinental Delivery - Sabaj\" \/>\n<meta property=\"og:url\" content=\"https:\/\/rtv.sabaj.pl\/de\/produkt\/odbiornik-podczerwieni-ir-eye\/\" \/>\n<meta property=\"og:site_name\" content=\"Sabaj\" \/>\n<meta property=\"article:publisher\" content=\"https:\/\/pl-pl.facebook.com\/sabajgroup\/\" \/>\n<meta property=\"article:modified_time\" content=\"2024-08-29T09:37:42+00:00\" \/>\n<meta property=\"og:image\" content=\"https:\/\/rtv.sabaj.pl\/wp-content\/uploads\/2021\/07\/IMG_20170407_104331-2-e1491906166742.jpg\" \/>\n\t<meta property=\"og:image:width\" content=\"500\" \/>\n\t<meta property=\"og:image:height\" content=\"283\" \/>\n\t<meta property=\"og:image:type\" content=\"image\/jpeg\" \/>\n<meta name=\"twitter:card\" content=\"summary_large_image\" \/>\n<meta name=\"twitter:label1\" content=\"Gesch\u00e4tzte Lesezeit\" \/>\n\t<meta name=\"twitter:data1\" content=\"1\u00a0Minute\" \/>\n<script type=\"application\/ld+json\" class=\"yoast-schema-graph\">{\"@context\":\"https:\/\/schema.org\",\"@graph\":[{\"@type\":\"WebPage\",\"@id\":\"https:\/\/rtv.sabaj.pl\/product\/odbiornik-podczerwieni-ir-eye\/\",\"url\":\"https:\/\/rtv.sabaj.pl\/product\/odbiornik-podczerwieni-ir-eye\/\",\"name\":\"Odbiornik podczerwieni \u2013 IR-EyE - Sabaj\",\"isPartOf\":{\"@id\":\"https:\/\/rtv.sabaj.pl\/#website\"},\"primaryImageOfPage\":{\"@id\":\"https:\/\/rtv.sabaj.pl\/product\/odbiornik-podczerwieni-ir-eye\/#primaryimage\"},\"image\":{\"@id\":\"https:\/\/rtv.sabaj.pl\/product\/odbiornik-podczerwieni-ir-eye\/#primaryimage\"},\"thumbnailUrl\":\"https:\/\/rtv.sabaj.pl\/wp-content\/uploads\/2021\/07\/IMG_20170407_104331-2-e1491906166742.jpg\",\"datePublished\":\"2021-07-13T15:01:49+00:00\",\"dateModified\":\"2024-08-29T09:37:42+00:00\",\"description\":\"D\u0142ugo\u015b\u0107 przewodu 3m. Odbiornik podczerwieni z wtyczk\u0105 RJ-45. Do sterowania podno\u015bnikami serii RF. - Best Quality TV Lifts - Intercontinental Delivery - Sabaj\",\"breadcrumb\":{\"@id\":\"https:\/\/rtv.sabaj.pl\/product\/odbiornik-podczerwieni-ir-eye\/#breadcrumb\"},\"inLanguage\":\"de\",\"potentialAction\":[{\"@type\":\"ReadAction\",\"target\":[\"https:\/\/rtv.sabaj.pl\/product\/odbiornik-podczerwieni-ir-eye\/\"]}]},{\"@type\":\"ImageObject\",\"inLanguage\":\"de\",\"@id\":\"https:\/\/rtv.sabaj.pl\/product\/odbiornik-podczerwieni-ir-eye\/#primaryimage\",\"url\":\"https:\/\/rtv.sabaj.pl\/wp-content\/uploads\/2021\/07\/IMG_20170407_104331-2-e1491906166742.jpg\",\"contentUrl\":\"https:\/\/rtv.sabaj.pl\/wp-content\/uploads\/2021\/07\/IMG_20170407_104331-2-e1491906166742.jpg\",\"width\":500,\"height\":283,\"caption\":\"IMG 20170407 104331 2 e1491906166742\"},{\"@type\":\"BreadcrumbList\",\"@id\":\"https:\/\/rtv.sabaj.pl\/product\/odbiornik-podczerwieni-ir-eye\/#breadcrumb\",\"itemListElement\":[{\"@type\":\"ListItem\",\"position\":1,\"name\":\"Katalog produkt\u00f3w\",\"item\":\"https:\/\/rtv.sabaj.pl\/shop-2\/\"},{\"@type\":\"ListItem\",\"position\":2,\"name\":\"Odbiornik podczerwieni \u2013 IR-EyE\"}]},{\"@type\":\"WebSite\",\"@id\":\"https:\/\/rtv.sabaj.pl\/#website\",\"url\":\"https:\/\/rtv.sabaj.pl\/\",\"name\":\"TV Lifts Sabaj\",\"description\":\"TV lifts are a solution that allows motorized hiding of your television in furniture, the ceiling, or the wall. With TV lifts, you can free up your living room space from a large screen, contributing to a more aesthetic and functional interior. Automating the operation of your television with TV lifts enables you to enjoy a modern, organized home. Choose TV lifts to optimize the space in your home.\",\"publisher\":{\"@id\":\"https:\/\/rtv.sabaj.pl\/#organization\"},\"alternateName\":\"RTV Sabaj\",\"potentialAction\":[{\"@type\":\"SearchAction\",\"target\":{\"@type\":\"EntryPoint\",\"urlTemplate\":\"https:\/\/rtv.sabaj.pl\/?s={search_term_string}\"},\"query-input\":{\"@type\":\"PropertyValueSpecification\",\"valueRequired\":true,\"valueName\":\"search_term_string\"}}],\"inLanguage\":\"de\"},{\"@type\":\"Organization\",\"@id\":\"https:\/\/rtv.sabaj.pl\/#organization\",\"name\":\"Sabaj\",\"url\":\"https:\/\/rtv.sabaj.pl\/\",\"logo\":{\"@type\":\"ImageObject\",\"inLanguage\":\"de\",\"@id\":\"https:\/\/rtv.sabaj.pl\/#\/schema\/logo\/image\/\",\"url\":\"https:\/\/rtv.sabaj.pl\/wp-content\/uploads\/2018\/07\/sabaj.jpg\",\"contentUrl\":\"https:\/\/rtv.sabaj.pl\/wp-content\/uploads\/2018\/07\/sabaj.jpg\",\"width\":284,\"height\":106,\"caption\":\"Sabaj\"},\"image\":{\"@id\":\"https:\/\/rtv.sabaj.pl\/#\/schema\/logo\/image\/\"},\"sameAs\":[\"https:\/\/pl-pl.facebook.com\/sabajgroup\/\",\"https:\/\/pl.linkedin.com\/company\/sabaj-system\"]}]}<\/script>\n<!-- \/ Yoast SEO plugin. -->","yoast_head_json":{"title":"Odbiornik podczerwieni \u2013 IR-EyE - Sabaj","description":"D\u0142ugo\u015b\u0107 przewodu 3m. Odbiornik podczerwieni z wtyczk\u0105 RJ-45. Do sterowania podno\u015bnikami serii RF. - Best Quality TV Lifts - Intercontinental Delivery - Sabaj","robots":{"index":"index","follow":"follow","max-snippet":"max-snippet:-1","max-image-preview":"max-image-preview:large","max-video-preview":"max-video-preview:-1"},"canonical":"https:\/\/rtv.sabaj.pl\/de\/produkt\/odbiornik-podczerwieni-ir-eye\/","og_locale":"de_DE","og_type":"article","og_title":"Odbiornik podczerwieni \u2013 IR-EyE - Sabaj","og_description":"D\u0142ugo\u015b\u0107 przewodu 3m. Odbiornik podczerwieni z wtyczk\u0105 RJ-45. Do sterowania podno\u015bnikami serii RF. - Best Quality TV Lifts - Intercontinental Delivery - Sabaj","og_url":"https:\/\/rtv.sabaj.pl\/de\/produkt\/odbiornik-podczerwieni-ir-eye\/","og_site_name":"Sabaj","article_publisher":"https:\/\/pl-pl.facebook.com\/sabajgroup\/","article_modified_time":"2024-08-29T09:37:42+00:00","og_image":[{"width":500,"height":283,"url":"https:\/\/rtv.sabaj.pl\/wp-content\/uploads\/2021\/07\/IMG_20170407_104331-2-e1491906166742.jpg","type":"image\/jpeg"}],"twitter_card":"summary_large_image","twitter_misc":{"Gesch\u00e4tzte Lesezeit":"1\u00a0Minute"},"schema":{"@context":"https:\/\/schema.org","@graph":[{"@type":"WebPage","@id":"https:\/\/rtv.sabaj.pl\/product\/odbiornik-podczerwieni-ir-eye\/","url":"https:\/\/rtv.sabaj.pl\/product\/odbiornik-podczerwieni-ir-eye\/","name":"Odbiornik podczerwieni \u2013 IR-EyE - Sabaj","isPartOf":{"@id":"https:\/\/rtv.sabaj.pl\/#website"},"primaryImageOfPage":{"@id":"https:\/\/rtv.sabaj.pl\/product\/odbiornik-podczerwieni-ir-eye\/#primaryimage"},"image":{"@id":"https:\/\/rtv.sabaj.pl\/product\/odbiornik-podczerwieni-ir-eye\/#primaryimage"},"thumbnailUrl":"https:\/\/rtv.sabaj.pl\/wp-content\/uploads\/2021\/07\/IMG_20170407_104331-2-e1491906166742.jpg","datePublished":"2021-07-13T15:01:49+00:00","dateModified":"2024-08-29T09:37:42+00:00","description":"D\u0142ugo\u015b\u0107 przewodu 3m. Odbiornik podczerwieni z wtyczk\u0105 RJ-45. Do sterowania podno\u015bnikami serii RF. - Best Quality TV Lifts - Intercontinental Delivery - Sabaj","breadcrumb":{"@id":"https:\/\/rtv.sabaj.pl\/product\/odbiornik-podczerwieni-ir-eye\/#breadcrumb"},"inLanguage":"de","potentialAction":[{"@type":"ReadAction","target":["https:\/\/rtv.sabaj.pl\/product\/odbiornik-podczerwieni-ir-eye\/"]}]},{"@type":"ImageObject","inLanguage":"de","@id":"https:\/\/rtv.sabaj.pl\/product\/odbiornik-podczerwieni-ir-eye\/#primaryimage","url":"https:\/\/rtv.sabaj.pl\/wp-content\/uploads\/2021\/07\/IMG_20170407_104331-2-e1491906166742.jpg","contentUrl":"https:\/\/rtv.sabaj.pl\/wp-content\/uploads\/2021\/07\/IMG_20170407_104331-2-e1491906166742.jpg","width":500,"height":283,"caption":"IMG 20170407 104331 2 e1491906166742"},{"@type":"BreadcrumbList","@id":"https:\/\/rtv.sabaj.pl\/product\/odbiornik-podczerwieni-ir-eye\/#breadcrumb","itemListElement":[{"@type":"ListItem","position":1,"name":"Katalog produkt\u00f3w","item":"https:\/\/rtv.sabaj.pl\/shop-2\/"},{"@type":"ListItem","position":2,"name":"Odbiornik podczerwieni \u2013 IR-EyE"}]},{"@type":"WebSite","@id":"https:\/\/rtv.sabaj.pl\/#website","url":"https:\/\/rtv.sabaj.pl\/","name":"TV Lifts Sabaj","description":"TV lifts are a solution that allows motorized hiding of your television in furniture, the ceiling, or the wall. With TV lifts, you can free up your living room space from a large screen, contributing to a more aesthetic and functional interior. Automating the operation of your television with TV lifts enables you to enjoy a modern, organized home. Choose TV lifts to optimize the space in your home.","publisher":{"@id":"https:\/\/rtv.sabaj.pl\/#organization"},"alternateName":"RTV Sabaj","potentialAction":[{"@type":"SearchAction","target":{"@type":"EntryPoint","urlTemplate":"https:\/\/rtv.sabaj.pl\/?s={search_term_string}"},"query-input":{"@type":"PropertyValueSpecification","valueRequired":true,"valueName":"search_term_string"}}],"inLanguage":"de"},{"@type":"Organization","@id":"https:\/\/rtv.sabaj.pl\/#organization","name":"Sabaj","url":"https:\/\/rtv.sabaj.pl\/","logo":{"@type":"ImageObject","inLanguage":"de","@id":"https:\/\/rtv.sabaj.pl\/#\/schema\/logo\/image\/","url":"https:\/\/rtv.sabaj.pl\/wp-content\/uploads\/2018\/07\/sabaj.jpg","contentUrl":"https:\/\/rtv.sabaj.pl\/wp-content\/uploads\/2018\/07\/sabaj.jpg","width":284,"height":106,"caption":"Sabaj"},"image":{"@id":"https:\/\/rtv.sabaj.pl\/#\/schema\/logo\/image\/"},"sameAs":["https:\/\/pl-pl.facebook.com\/sabajgroup\/","https:\/\/pl.linkedin.com\/company\/sabaj-system"]}]}},"_links":{"self":[{"href":"https:\/\/rtv.sabaj.pl\/de\/wp-json\/wp\/v2\/product\/2772","targetHints":{"allow":["GET"]}}],"collection":[{"href":"https:\/\/rtv.sabaj.pl\/de\/wp-json\/wp\/v2\/product"}],"about":[{"href":"https:\/\/rtv.sabaj.pl\/de\/wp-json\/wp\/v2\/types\/product"}],"version-history":[{"count":0,"href":"https:\/\/rtv.sabaj.pl\/de\/wp-json\/wp\/v2\/product\/2772\/revisions"}],"wp:featuredmedia":[{"embeddable":true,"href":"https:\/\/rtv.sabaj.pl\/de\/wp-json\/wp\/v2\/media\/3852"}],"wp:attachment":[{"href":"https:\/\/rtv.sabaj.pl\/de\/wp-json\/wp\/v2\/media?parent=2772"}],"wp:term":[{"taxonomy":"product_brand","embeddable":true,"href":"https:\/\/rtv.sabaj.pl\/de\/wp-json\/wp\/v2\/product_brand?post=2772"},{"taxonomy":"product_cat","embeddable":true,"href":"https:\/\/rtv.sabaj.pl\/de\/wp-json\/wp\/v2\/product_cat?post=2772"},{"taxonomy":"product_tag","embeddable":true,"href":"https:\/\/rtv.sabaj.pl\/de\/wp-json\/wp\/v2\/product_tag?post=2772"}],"curies":[{"name":"wp","href":"https:\/\/api.w.org\/{rel}","templated":true}]}}