{"id":2860,"date":"2021-07-13T17:20:49","date_gmt":"2021-07-13T15:20:49","guid":{"rendered":"https:\/\/rtv.sabaj.pl\/?post_type=product&#038;p=2860"},"modified":"2024-08-29T11:35:31","modified_gmt":"2024-08-29T09:35:31","slug":"zestaw-uchwytow-do-zamocowania-glosnikow-do-mobilift-ug-m","status":"publish","type":"product","link":"https:\/\/rtv.sabaj.pl\/de\/produkt\/zestaw-uchwytow-do-zamocowania-glosnikow-do-mobilift-ug-m\/","title":{"rendered":"Zestaw uchwyt\u00f3w do zamocowania g\u0142o\u015bnik\u00f3w do Mobilift \u2013 UG-M"},"content":{"rendered":"","protected":false},"excerpt":{"rendered":"<div class=\"col-xs-12 tabela\">\n<p>Kod katalogowy:\u00a0UG-M<\/p>\n<\/div>\n<div class=\"col-xs-12 funkcje\">Uniwersalny zestaw uchwyt\u00f3w do zamocowania g\u0142o\u015bnik\u00f3w w mobilnych stojakach multimedialnych MOBILIFT.<\/div>","protected":false},"featured_media":5027,"template":"","meta":{"_acf_changed":false},"product_brand":[],"product_cat":[104,101],"product_tag":[],"class_list":{"0":"post-2860","1":"product","2":"type-product","3":"status-publish","4":"has-post-thumbnail","6":"product_cat-akcesoria","7":"product_cat-mobilne-stojaki-podlogowe","9":"first","10":"instock","11":"shipping-taxable","12":"product-type-simple"},"acf":[],"yoast_head":"<!-- This site is optimized with the Yoast SEO plugin v27.1 - https:\/\/yoast.com\/product\/yoast-seo-wordpress\/ -->\n<title>Zestaw uchwyt\u00f3w do zamocowania g\u0142o\u015bnik\u00f3w do Mobilift \u2013 UG-M - Sabaj<\/title>\n<meta name=\"description\" content=\"Kod katalogowy:\u00a0UG-M   Uniwersalny zestaw uchwyt\u00f3w do zamocowania g\u0142o\u015bnik\u00f3w w mobilnych stojakach multimedialnych MOBILIFT. - Best Quality TV Lifts - Intercontinental Delivery - Sabaj\" \/>\n<meta name=\"robots\" content=\"index, follow, max-snippet:-1, max-image-preview:large, max-video-preview:-1\" \/>\n<link rel=\"canonical\" href=\"https:\/\/rtv.sabaj.pl\/de\/produkt\/zestaw-uchwytow-do-zamocowania-glosnikow-do-mobilift-ug-m\/\" \/>\n<meta property=\"og:locale\" content=\"de_DE\" \/>\n<meta property=\"og:type\" content=\"article\" \/>\n<meta property=\"og:title\" content=\"Zestaw uchwyt\u00f3w do zamocowania g\u0142o\u015bnik\u00f3w do Mobilift \u2013 UG-M - Sabaj\" \/>\n<meta property=\"og:description\" content=\"Kod katalogowy:\u00a0UG-M   Uniwersalny zestaw uchwyt\u00f3w do zamocowania g\u0142o\u015bnik\u00f3w w mobilnych stojakach multimedialnych MOBILIFT. - Best Quality TV Lifts - Intercontinental Delivery - Sabaj\" \/>\n<meta property=\"og:url\" content=\"https:\/\/rtv.sabaj.pl\/de\/produkt\/zestaw-uchwytow-do-zamocowania-glosnikow-do-mobilift-ug-m\/\" \/>\n<meta property=\"og:site_name\" content=\"Sabaj\" \/>\n<meta property=\"article:publisher\" content=\"https:\/\/pl-pl.facebook.com\/sabajgroup\/\" \/>\n<meta property=\"article:modified_time\" content=\"2024-08-29T09:35:31+00:00\" \/>\n<meta property=\"og:image\" content=\"https:\/\/rtv.sabaj.pl\/wp-content\/uploads\/2021\/07\/UG-M-2.jpg\" \/>\n\t<meta property=\"og:image:width\" content=\"469\" \/>\n\t<meta property=\"og:image:height\" content=\"377\" \/>\n\t<meta property=\"og:image:type\" content=\"image\/jpeg\" \/>\n<meta name=\"twitter:card\" content=\"summary_large_image\" \/>\n<meta name=\"twitter:label1\" content=\"Gesch\u00e4tzte Lesezeit\" \/>\n\t<meta name=\"twitter:data1\" content=\"1\u00a0Minute\" \/>\n<script type=\"application\/ld+json\" class=\"yoast-schema-graph\">{\"@context\":\"https:\/\/schema.org\",\"@graph\":[{\"@type\":\"WebPage\",\"@id\":\"https:\/\/rtv.sabaj.pl\/product\/zestaw-uchwytow-do-zamocowania-glosnikow-do-mobilift-ug-m\/\",\"url\":\"https:\/\/rtv.sabaj.pl\/product\/zestaw-uchwytow-do-zamocowania-glosnikow-do-mobilift-ug-m\/\",\"name\":\"Zestaw uchwyt\u00f3w do zamocowania g\u0142o\u015bnik\u00f3w do Mobilift \u2013 UG-M - Sabaj\",\"isPartOf\":{\"@id\":\"https:\/\/rtv.sabaj.pl\/#website\"},\"primaryImageOfPage\":{\"@id\":\"https:\/\/rtv.sabaj.pl\/product\/zestaw-uchwytow-do-zamocowania-glosnikow-do-mobilift-ug-m\/#primaryimage\"},\"image\":{\"@id\":\"https:\/\/rtv.sabaj.pl\/product\/zestaw-uchwytow-do-zamocowania-glosnikow-do-mobilift-ug-m\/#primaryimage\"},\"thumbnailUrl\":\"https:\/\/rtv.sabaj.pl\/wp-content\/uploads\/2021\/07\/UG-M-2.jpg\",\"datePublished\":\"2021-07-13T15:20:49+00:00\",\"dateModified\":\"2024-08-29T09:35:31+00:00\",\"description\":\"Kod katalogowy:\u00a0UG-M Uniwersalny zestaw uchwyt\u00f3w do zamocowania g\u0142o\u015bnik\u00f3w w mobilnych stojakach multimedialnych MOBILIFT. - Best Quality TV Lifts - Intercontinental Delivery - Sabaj\",\"breadcrumb\":{\"@id\":\"https:\/\/rtv.sabaj.pl\/product\/zestaw-uchwytow-do-zamocowania-glosnikow-do-mobilift-ug-m\/#breadcrumb\"},\"inLanguage\":\"de\",\"potentialAction\":[{\"@type\":\"ReadAction\",\"target\":[\"https:\/\/rtv.sabaj.pl\/product\/zestaw-uchwytow-do-zamocowania-glosnikow-do-mobilift-ug-m\/\"]}]},{\"@type\":\"ImageObject\",\"inLanguage\":\"de\",\"@id\":\"https:\/\/rtv.sabaj.pl\/product\/zestaw-uchwytow-do-zamocowania-glosnikow-do-mobilift-ug-m\/#primaryimage\",\"url\":\"https:\/\/rtv.sabaj.pl\/wp-content\/uploads\/2021\/07\/UG-M-2.jpg\",\"contentUrl\":\"https:\/\/rtv.sabaj.pl\/wp-content\/uploads\/2021\/07\/UG-M-2.jpg\",\"width\":469,\"height\":377,\"caption\":\"UG M 2\"},{\"@type\":\"BreadcrumbList\",\"@id\":\"https:\/\/rtv.sabaj.pl\/product\/zestaw-uchwytow-do-zamocowania-glosnikow-do-mobilift-ug-m\/#breadcrumb\",\"itemListElement\":[{\"@type\":\"ListItem\",\"position\":1,\"name\":\"Katalog produkt\u00f3w\",\"item\":\"https:\/\/rtv.sabaj.pl\/shop-2\/\"},{\"@type\":\"ListItem\",\"position\":2,\"name\":\"Zestaw uchwyt\u00f3w do zamocowania g\u0142o\u015bnik\u00f3w do Mobilift \u2013 UG-M\"}]},{\"@type\":\"WebSite\",\"@id\":\"https:\/\/rtv.sabaj.pl\/#website\",\"url\":\"https:\/\/rtv.sabaj.pl\/\",\"name\":\"TV Lifts Sabaj\",\"description\":\"TV lifts are a solution that allows motorized hiding of your television in furniture, the ceiling, or the wall. With TV lifts, you can free up your living room space from a large screen, contributing to a more aesthetic and functional interior. Automating the operation of your television with TV lifts enables you to enjoy a modern, organized home. Choose TV lifts to optimize the space in your home.\",\"publisher\":{\"@id\":\"https:\/\/rtv.sabaj.pl\/#organization\"},\"alternateName\":\"RTV Sabaj\",\"potentialAction\":[{\"@type\":\"SearchAction\",\"target\":{\"@type\":\"EntryPoint\",\"urlTemplate\":\"https:\/\/rtv.sabaj.pl\/?s={search_term_string}\"},\"query-input\":{\"@type\":\"PropertyValueSpecification\",\"valueRequired\":true,\"valueName\":\"search_term_string\"}}],\"inLanguage\":\"de\"},{\"@type\":\"Organization\",\"@id\":\"https:\/\/rtv.sabaj.pl\/#organization\",\"name\":\"Sabaj\",\"url\":\"https:\/\/rtv.sabaj.pl\/\",\"logo\":{\"@type\":\"ImageObject\",\"inLanguage\":\"de\",\"@id\":\"https:\/\/rtv.sabaj.pl\/#\/schema\/logo\/image\/\",\"url\":\"https:\/\/rtv.sabaj.pl\/wp-content\/uploads\/2018\/07\/sabaj.jpg\",\"contentUrl\":\"https:\/\/rtv.sabaj.pl\/wp-content\/uploads\/2018\/07\/sabaj.jpg\",\"width\":284,\"height\":106,\"caption\":\"Sabaj\"},\"image\":{\"@id\":\"https:\/\/rtv.sabaj.pl\/#\/schema\/logo\/image\/\"},\"sameAs\":[\"https:\/\/pl-pl.facebook.com\/sabajgroup\/\",\"https:\/\/pl.linkedin.com\/company\/sabaj-system\"]}]}<\/script>\n<!-- \/ Yoast SEO plugin. -->","yoast_head_json":{"title":"Zestaw uchwyt\u00f3w do zamocowania g\u0142o\u015bnik\u00f3w do Mobilift \u2013 UG-M - Sabaj","description":"Kod katalogowy:\u00a0UG-M   Uniwersalny zestaw uchwyt\u00f3w do zamocowania g\u0142o\u015bnik\u00f3w w mobilnych stojakach multimedialnych MOBILIFT. - Best Quality TV Lifts - Intercontinental Delivery - Sabaj","robots":{"index":"index","follow":"follow","max-snippet":"max-snippet:-1","max-image-preview":"max-image-preview:large","max-video-preview":"max-video-preview:-1"},"canonical":"https:\/\/rtv.sabaj.pl\/de\/produkt\/zestaw-uchwytow-do-zamocowania-glosnikow-do-mobilift-ug-m\/","og_locale":"de_DE","og_type":"article","og_title":"Zestaw uchwyt\u00f3w do zamocowania g\u0142o\u015bnik\u00f3w do Mobilift \u2013 UG-M - Sabaj","og_description":"Kod katalogowy:\u00a0UG-M   Uniwersalny zestaw uchwyt\u00f3w do zamocowania g\u0142o\u015bnik\u00f3w w mobilnych stojakach multimedialnych MOBILIFT. - Best Quality TV Lifts - Intercontinental Delivery - Sabaj","og_url":"https:\/\/rtv.sabaj.pl\/de\/produkt\/zestaw-uchwytow-do-zamocowania-glosnikow-do-mobilift-ug-m\/","og_site_name":"Sabaj","article_publisher":"https:\/\/pl-pl.facebook.com\/sabajgroup\/","article_modified_time":"2024-08-29T09:35:31+00:00","og_image":[{"width":469,"height":377,"url":"https:\/\/rtv.sabaj.pl\/wp-content\/uploads\/2021\/07\/UG-M-2.jpg","type":"image\/jpeg"}],"twitter_card":"summary_large_image","twitter_misc":{"Gesch\u00e4tzte Lesezeit":"1\u00a0Minute"},"schema":{"@context":"https:\/\/schema.org","@graph":[{"@type":"WebPage","@id":"https:\/\/rtv.sabaj.pl\/product\/zestaw-uchwytow-do-zamocowania-glosnikow-do-mobilift-ug-m\/","url":"https:\/\/rtv.sabaj.pl\/product\/zestaw-uchwytow-do-zamocowania-glosnikow-do-mobilift-ug-m\/","name":"Zestaw uchwyt\u00f3w do zamocowania g\u0142o\u015bnik\u00f3w do Mobilift \u2013 UG-M - Sabaj","isPartOf":{"@id":"https:\/\/rtv.sabaj.pl\/#website"},"primaryImageOfPage":{"@id":"https:\/\/rtv.sabaj.pl\/product\/zestaw-uchwytow-do-zamocowania-glosnikow-do-mobilift-ug-m\/#primaryimage"},"image":{"@id":"https:\/\/rtv.sabaj.pl\/product\/zestaw-uchwytow-do-zamocowania-glosnikow-do-mobilift-ug-m\/#primaryimage"},"thumbnailUrl":"https:\/\/rtv.sabaj.pl\/wp-content\/uploads\/2021\/07\/UG-M-2.jpg","datePublished":"2021-07-13T15:20:49+00:00","dateModified":"2024-08-29T09:35:31+00:00","description":"Kod katalogowy:\u00a0UG-M Uniwersalny zestaw uchwyt\u00f3w do zamocowania g\u0142o\u015bnik\u00f3w w mobilnych stojakach multimedialnych MOBILIFT. - Best Quality TV Lifts - Intercontinental Delivery - Sabaj","breadcrumb":{"@id":"https:\/\/rtv.sabaj.pl\/product\/zestaw-uchwytow-do-zamocowania-glosnikow-do-mobilift-ug-m\/#breadcrumb"},"inLanguage":"de","potentialAction":[{"@type":"ReadAction","target":["https:\/\/rtv.sabaj.pl\/product\/zestaw-uchwytow-do-zamocowania-glosnikow-do-mobilift-ug-m\/"]}]},{"@type":"ImageObject","inLanguage":"de","@id":"https:\/\/rtv.sabaj.pl\/product\/zestaw-uchwytow-do-zamocowania-glosnikow-do-mobilift-ug-m\/#primaryimage","url":"https:\/\/rtv.sabaj.pl\/wp-content\/uploads\/2021\/07\/UG-M-2.jpg","contentUrl":"https:\/\/rtv.sabaj.pl\/wp-content\/uploads\/2021\/07\/UG-M-2.jpg","width":469,"height":377,"caption":"UG M 2"},{"@type":"BreadcrumbList","@id":"https:\/\/rtv.sabaj.pl\/product\/zestaw-uchwytow-do-zamocowania-glosnikow-do-mobilift-ug-m\/#breadcrumb","itemListElement":[{"@type":"ListItem","position":1,"name":"Katalog produkt\u00f3w","item":"https:\/\/rtv.sabaj.pl\/shop-2\/"},{"@type":"ListItem","position":2,"name":"Zestaw uchwyt\u00f3w do zamocowania g\u0142o\u015bnik\u00f3w do Mobilift \u2013 UG-M"}]},{"@type":"WebSite","@id":"https:\/\/rtv.sabaj.pl\/#website","url":"https:\/\/rtv.sabaj.pl\/","name":"TV Lifts Sabaj","description":"TV lifts are a solution that allows motorized hiding of your television in furniture, the ceiling, or the wall. With TV lifts, you can free up your living room space from a large screen, contributing to a more aesthetic and functional interior. Automating the operation of your television with TV lifts enables you to enjoy a modern, organized home. Choose TV lifts to optimize the space in your home.","publisher":{"@id":"https:\/\/rtv.sabaj.pl\/#organization"},"alternateName":"RTV Sabaj","potentialAction":[{"@type":"SearchAction","target":{"@type":"EntryPoint","urlTemplate":"https:\/\/rtv.sabaj.pl\/?s={search_term_string}"},"query-input":{"@type":"PropertyValueSpecification","valueRequired":true,"valueName":"search_term_string"}}],"inLanguage":"de"},{"@type":"Organization","@id":"https:\/\/rtv.sabaj.pl\/#organization","name":"Sabaj","url":"https:\/\/rtv.sabaj.pl\/","logo":{"@type":"ImageObject","inLanguage":"de","@id":"https:\/\/rtv.sabaj.pl\/#\/schema\/logo\/image\/","url":"https:\/\/rtv.sabaj.pl\/wp-content\/uploads\/2018\/07\/sabaj.jpg","contentUrl":"https:\/\/rtv.sabaj.pl\/wp-content\/uploads\/2018\/07\/sabaj.jpg","width":284,"height":106,"caption":"Sabaj"},"image":{"@id":"https:\/\/rtv.sabaj.pl\/#\/schema\/logo\/image\/"},"sameAs":["https:\/\/pl-pl.facebook.com\/sabajgroup\/","https:\/\/pl.linkedin.com\/company\/sabaj-system"]}]}},"_links":{"self":[{"href":"https:\/\/rtv.sabaj.pl\/de\/wp-json\/wp\/v2\/product\/2860","targetHints":{"allow":["GET"]}}],"collection":[{"href":"https:\/\/rtv.sabaj.pl\/de\/wp-json\/wp\/v2\/product"}],"about":[{"href":"https:\/\/rtv.sabaj.pl\/de\/wp-json\/wp\/v2\/types\/product"}],"version-history":[{"count":0,"href":"https:\/\/rtv.sabaj.pl\/de\/wp-json\/wp\/v2\/product\/2860\/revisions"}],"wp:featuredmedia":[{"embeddable":true,"href":"https:\/\/rtv.sabaj.pl\/de\/wp-json\/wp\/v2\/media\/5027"}],"wp:attachment":[{"href":"https:\/\/rtv.sabaj.pl\/de\/wp-json\/wp\/v2\/media?parent=2860"}],"wp:term":[{"taxonomy":"product_brand","embeddable":true,"href":"https:\/\/rtv.sabaj.pl\/de\/wp-json\/wp\/v2\/product_brand?post=2860"},{"taxonomy":"product_cat","embeddable":true,"href":"https:\/\/rtv.sabaj.pl\/de\/wp-json\/wp\/v2\/product_cat?post=2860"},{"taxonomy":"product_tag","embeddable":true,"href":"https:\/\/rtv.sabaj.pl\/de\/wp-json\/wp\/v2\/product_tag?post=2860"}],"curies":[{"name":"wp","href":"https:\/\/api.w.org\/{rel}","templated":true}]}}