{"id":3711,"date":"2021-07-14T14:17:33","date_gmt":"2021-07-14T12:17:33","guid":{"rendered":"https:\/\/rtv.sabaj.pl\/?post_type=product&#038;p=3711"},"modified":"2024-09-30T13:43:18","modified_gmt":"2024-09-30T11:43:18","slug":"k-series-extender-bracket-for-low-vesa-mount-screen-k-brck-extd","status":"publish","type":"product","link":"https:\/\/rtv.sabaj.pl\/de\/produkt\/k-series-extender-bracket-for-low-vesa-mount-screen-k-brck-extd\/","title":{"rendered":"K-Serie Verl\u00e4ngerungsb\u00fcgel f\u00fcr Bildschirm mit niedrigem VESA-Montage \u2013 K-BRCK-EXTD"},"content":{"rendered":"","protected":false},"excerpt":{"rendered":"<div class=\"col-xs-12 tabela\">\n<p>Product ID: K-BRCK-EXTD<\/p>\n<p>Extender for Low VESA mounted TVs, like most OLED and QLED screens, where mounts are not in the central position of the TV, but closer to the lower edge. Fits all Sabaj TV Lifts.<\/p>\n<\/div>\n<div class=\"col-xs-12 funkcje\"><\/div>","protected":false},"featured_media":3712,"template":"","meta":{"_acf_changed":false},"product_brand":[],"product_cat":[145,826,830],"product_tag":[],"class_list":{"0":"post-3711","1":"product","2":"type-product","3":"status-publish","4":"has-post-thumbnail","6":"product_cat-accessories","7":"product_cat-accessories-all-products","8":"product_cat-accessories-for-tv-lifts","10":"first","11":"instock","12":"shipping-taxable","13":"product-type-simple"},"acf":[],"yoast_head":"<!-- This site is optimized with the Yoast SEO plugin v27.1 - https:\/\/yoast.com\/product\/yoast-seo-wordpress\/ -->\n<title>K-Series extender bracket for low VESA mount screen \u2013 K-BRCK-EXTD -<\/title>\n<meta name=\"description\" content=\"Product ID: K-BRCK-EXTD  Extender for Low VESA mounted TVs, like most OLED and QLED screens, where mounts are not in the central position of the TV, but closer to the lower edge. Fits all Sabaj TV Lifts. - Best Quality TV Lifts - Intercontinental Delivery - Sabaj\" \/>\n<meta name=\"robots\" content=\"index, follow, max-snippet:-1, max-image-preview:large, max-video-preview:-1\" \/>\n<link rel=\"canonical\" href=\"https:\/\/rtv.sabaj.pl\/de\/produkt\/k-series-extender-bracket-for-low-vesa-mount-screen-k-brck-extd\/\" \/>\n<meta property=\"og:locale\" content=\"de_DE\" \/>\n<meta property=\"og:type\" content=\"article\" \/>\n<meta property=\"og:title\" content=\"K-Series extender bracket for low VESA mount screen \u2013 K-BRCK-EXTD -\" \/>\n<meta property=\"og:description\" content=\"Product ID: K-BRCK-EXTD  Extender for Low VESA mounted TVs, like most OLED and QLED screens, where mounts are not in the central position of the TV, but closer to the lower edge. Fits all Sabaj TV Lifts. - Best Quality TV Lifts - Intercontinental Delivery - Sabaj\" \/>\n<meta property=\"og:url\" content=\"https:\/\/rtv.sabaj.pl\/de\/produkt\/k-series-extender-bracket-for-low-vesa-mount-screen-k-brck-extd\/\" \/>\n<meta property=\"og:site_name\" content=\"Sabaj\" \/>\n<meta property=\"article:publisher\" content=\"https:\/\/pl-pl.facebook.com\/sabajgroup\/\" \/>\n<meta property=\"article:modified_time\" content=\"2024-09-30T11:43:18+00:00\" \/>\n<meta property=\"og:image\" content=\"https:\/\/rtv.sabaj.pl\/wp-content\/uploads\/2021\/07\/k-brck-extd.png\" \/>\n\t<meta property=\"og:image:width\" content=\"527\" \/>\n\t<meta property=\"og:image:height\" content=\"422\" \/>\n\t<meta property=\"og:image:type\" content=\"image\/png\" \/>\n<meta name=\"twitter:card\" content=\"summary_large_image\" \/>\n<meta name=\"twitter:label1\" content=\"Gesch\u00e4tzte Lesezeit\" \/>\n\t<meta name=\"twitter:data1\" content=\"1\u00a0Minute\" \/>\n<script type=\"application\/ld+json\" class=\"yoast-schema-graph\">{\"@context\":\"https:\/\/schema.org\",\"@graph\":[{\"@type\":\"WebPage\",\"@id\":\"https:\/\/rtv.sabaj.pl\/product\/k-series-extender-bracket-for-low-vesa-mount-screen-k-brck-extd\/\",\"url\":\"https:\/\/rtv.sabaj.pl\/product\/k-series-extender-bracket-for-low-vesa-mount-screen-k-brck-extd\/\",\"name\":\"K-Series extender bracket for low VESA mount screen \u2013 K-BRCK-EXTD -\",\"isPartOf\":{\"@id\":\"https:\/\/rtv.sabaj.pl\/#website\"},\"primaryImageOfPage\":{\"@id\":\"https:\/\/rtv.sabaj.pl\/product\/k-series-extender-bracket-for-low-vesa-mount-screen-k-brck-extd\/#primaryimage\"},\"image\":{\"@id\":\"https:\/\/rtv.sabaj.pl\/product\/k-series-extender-bracket-for-low-vesa-mount-screen-k-brck-extd\/#primaryimage\"},\"thumbnailUrl\":\"https:\/\/rtv.sabaj.pl\/wp-content\/uploads\/2021\/07\/k-brck-extd.png\",\"datePublished\":\"2021-07-14T12:17:33+00:00\",\"dateModified\":\"2024-09-30T11:43:18+00:00\",\"description\":\"Product ID: K-BRCK-EXTD Extender for Low VESA mounted TVs, like most OLED and QLED screens, where mounts are not in the central position of the TV, but closer to the lower edge. Fits all Sabaj TV Lifts. - Best Quality TV Lifts - Intercontinental Delivery - Sabaj\",\"breadcrumb\":{\"@id\":\"https:\/\/rtv.sabaj.pl\/product\/k-series-extender-bracket-for-low-vesa-mount-screen-k-brck-extd\/#breadcrumb\"},\"inLanguage\":\"de\",\"potentialAction\":[{\"@type\":\"ReadAction\",\"target\":[\"https:\/\/rtv.sabaj.pl\/product\/k-series-extender-bracket-for-low-vesa-mount-screen-k-brck-extd\/\"]}]},{\"@type\":\"ImageObject\",\"inLanguage\":\"de\",\"@id\":\"https:\/\/rtv.sabaj.pl\/product\/k-series-extender-bracket-for-low-vesa-mount-screen-k-brck-extd\/#primaryimage\",\"url\":\"https:\/\/rtv.sabaj.pl\/wp-content\/uploads\/2021\/07\/k-brck-extd.png\",\"contentUrl\":\"https:\/\/rtv.sabaj.pl\/wp-content\/uploads\/2021\/07\/k-brck-extd.png\",\"width\":527,\"height\":422,\"caption\":\"k brck extd\"},{\"@type\":\"BreadcrumbList\",\"@id\":\"https:\/\/rtv.sabaj.pl\/product\/k-series-extender-bracket-for-low-vesa-mount-screen-k-brck-extd\/#breadcrumb\",\"itemListElement\":[{\"@type\":\"ListItem\",\"position\":1,\"name\":\"Katalog produkt\u00f3w\",\"item\":\"https:\/\/rtv.sabaj.pl\/shop-2\/\"},{\"@type\":\"ListItem\",\"position\":2,\"name\":\"K-Series extender bracket for low VESA mount screen \u2013 K-BRCK-EXTD\"}]},{\"@type\":\"WebSite\",\"@id\":\"https:\/\/rtv.sabaj.pl\/#website\",\"url\":\"https:\/\/rtv.sabaj.pl\/\",\"name\":\"TV Lifts Sabaj\",\"description\":\"TV lifts are a solution that allows motorized hiding of your television in furniture, the ceiling, or the wall. With TV lifts, you can free up your living room space from a large screen, contributing to a more aesthetic and functional interior. Automating the operation of your television with TV lifts enables you to enjoy a modern, organized home. Choose TV lifts to optimize the space in your home.\",\"publisher\":{\"@id\":\"https:\/\/rtv.sabaj.pl\/#organization\"},\"alternateName\":\"RTV Sabaj\",\"potentialAction\":[{\"@type\":\"SearchAction\",\"target\":{\"@type\":\"EntryPoint\",\"urlTemplate\":\"https:\/\/rtv.sabaj.pl\/?s={search_term_string}\"},\"query-input\":{\"@type\":\"PropertyValueSpecification\",\"valueRequired\":true,\"valueName\":\"search_term_string\"}}],\"inLanguage\":\"de\"},{\"@type\":\"Organization\",\"@id\":\"https:\/\/rtv.sabaj.pl\/#organization\",\"name\":\"Sabaj\",\"url\":\"https:\/\/rtv.sabaj.pl\/\",\"logo\":{\"@type\":\"ImageObject\",\"inLanguage\":\"de\",\"@id\":\"https:\/\/rtv.sabaj.pl\/#\/schema\/logo\/image\/\",\"url\":\"https:\/\/rtv.sabaj.pl\/wp-content\/uploads\/2018\/07\/sabaj.jpg\",\"contentUrl\":\"https:\/\/rtv.sabaj.pl\/wp-content\/uploads\/2018\/07\/sabaj.jpg\",\"width\":284,\"height\":106,\"caption\":\"Sabaj\"},\"image\":{\"@id\":\"https:\/\/rtv.sabaj.pl\/#\/schema\/logo\/image\/\"},\"sameAs\":[\"https:\/\/pl-pl.facebook.com\/sabajgroup\/\",\"https:\/\/pl.linkedin.com\/company\/sabaj-system\"]}]}<\/script>\n<!-- \/ Yoast SEO plugin. -->","yoast_head_json":{"title":"K-Series extender bracket for low VESA mount screen \u2013 K-BRCK-EXTD -","description":"Product ID: K-BRCK-EXTD  Extender for Low VESA mounted TVs, like most OLED and QLED screens, where mounts are not in the central position of the TV, but closer to the lower edge. Fits all Sabaj TV Lifts. - Best Quality TV Lifts - Intercontinental Delivery - Sabaj","robots":{"index":"index","follow":"follow","max-snippet":"max-snippet:-1","max-image-preview":"max-image-preview:large","max-video-preview":"max-video-preview:-1"},"canonical":"https:\/\/rtv.sabaj.pl\/de\/produkt\/k-series-extender-bracket-for-low-vesa-mount-screen-k-brck-extd\/","og_locale":"de_DE","og_type":"article","og_title":"K-Series extender bracket for low VESA mount screen \u2013 K-BRCK-EXTD -","og_description":"Product ID: K-BRCK-EXTD  Extender for Low VESA mounted TVs, like most OLED and QLED screens, where mounts are not in the central position of the TV, but closer to the lower edge. Fits all Sabaj TV Lifts. - Best Quality TV Lifts - Intercontinental Delivery - Sabaj","og_url":"https:\/\/rtv.sabaj.pl\/de\/produkt\/k-series-extender-bracket-for-low-vesa-mount-screen-k-brck-extd\/","og_site_name":"Sabaj","article_publisher":"https:\/\/pl-pl.facebook.com\/sabajgroup\/","article_modified_time":"2024-09-30T11:43:18+00:00","og_image":[{"width":527,"height":422,"url":"https:\/\/rtv.sabaj.pl\/wp-content\/uploads\/2021\/07\/k-brck-extd.png","type":"image\/png"}],"twitter_card":"summary_large_image","twitter_misc":{"Gesch\u00e4tzte Lesezeit":"1\u00a0Minute"},"schema":{"@context":"https:\/\/schema.org","@graph":[{"@type":"WebPage","@id":"https:\/\/rtv.sabaj.pl\/product\/k-series-extender-bracket-for-low-vesa-mount-screen-k-brck-extd\/","url":"https:\/\/rtv.sabaj.pl\/product\/k-series-extender-bracket-for-low-vesa-mount-screen-k-brck-extd\/","name":"K-Series extender bracket for low VESA mount screen \u2013 K-BRCK-EXTD -","isPartOf":{"@id":"https:\/\/rtv.sabaj.pl\/#website"},"primaryImageOfPage":{"@id":"https:\/\/rtv.sabaj.pl\/product\/k-series-extender-bracket-for-low-vesa-mount-screen-k-brck-extd\/#primaryimage"},"image":{"@id":"https:\/\/rtv.sabaj.pl\/product\/k-series-extender-bracket-for-low-vesa-mount-screen-k-brck-extd\/#primaryimage"},"thumbnailUrl":"https:\/\/rtv.sabaj.pl\/wp-content\/uploads\/2021\/07\/k-brck-extd.png","datePublished":"2021-07-14T12:17:33+00:00","dateModified":"2024-09-30T11:43:18+00:00","description":"Product ID: K-BRCK-EXTD Extender for Low VESA mounted TVs, like most OLED and QLED screens, where mounts are not in the central position of the TV, but closer to the lower edge. Fits all Sabaj TV Lifts. - Best Quality TV Lifts - Intercontinental Delivery - Sabaj","breadcrumb":{"@id":"https:\/\/rtv.sabaj.pl\/product\/k-series-extender-bracket-for-low-vesa-mount-screen-k-brck-extd\/#breadcrumb"},"inLanguage":"de","potentialAction":[{"@type":"ReadAction","target":["https:\/\/rtv.sabaj.pl\/product\/k-series-extender-bracket-for-low-vesa-mount-screen-k-brck-extd\/"]}]},{"@type":"ImageObject","inLanguage":"de","@id":"https:\/\/rtv.sabaj.pl\/product\/k-series-extender-bracket-for-low-vesa-mount-screen-k-brck-extd\/#primaryimage","url":"https:\/\/rtv.sabaj.pl\/wp-content\/uploads\/2021\/07\/k-brck-extd.png","contentUrl":"https:\/\/rtv.sabaj.pl\/wp-content\/uploads\/2021\/07\/k-brck-extd.png","width":527,"height":422,"caption":"k brck extd"},{"@type":"BreadcrumbList","@id":"https:\/\/rtv.sabaj.pl\/product\/k-series-extender-bracket-for-low-vesa-mount-screen-k-brck-extd\/#breadcrumb","itemListElement":[{"@type":"ListItem","position":1,"name":"Katalog produkt\u00f3w","item":"https:\/\/rtv.sabaj.pl\/shop-2\/"},{"@type":"ListItem","position":2,"name":"K-Series extender bracket for low VESA mount screen \u2013 K-BRCK-EXTD"}]},{"@type":"WebSite","@id":"https:\/\/rtv.sabaj.pl\/#website","url":"https:\/\/rtv.sabaj.pl\/","name":"TV Lifts Sabaj","description":"TV lifts are a solution that allows motorized hiding of your television in furniture, the ceiling, or the wall. With TV lifts, you can free up your living room space from a large screen, contributing to a more aesthetic and functional interior. Automating the operation of your television with TV lifts enables you to enjoy a modern, organized home. Choose TV lifts to optimize the space in your home.","publisher":{"@id":"https:\/\/rtv.sabaj.pl\/#organization"},"alternateName":"RTV Sabaj","potentialAction":[{"@type":"SearchAction","target":{"@type":"EntryPoint","urlTemplate":"https:\/\/rtv.sabaj.pl\/?s={search_term_string}"},"query-input":{"@type":"PropertyValueSpecification","valueRequired":true,"valueName":"search_term_string"}}],"inLanguage":"de"},{"@type":"Organization","@id":"https:\/\/rtv.sabaj.pl\/#organization","name":"Sabaj","url":"https:\/\/rtv.sabaj.pl\/","logo":{"@type":"ImageObject","inLanguage":"de","@id":"https:\/\/rtv.sabaj.pl\/#\/schema\/logo\/image\/","url":"https:\/\/rtv.sabaj.pl\/wp-content\/uploads\/2018\/07\/sabaj.jpg","contentUrl":"https:\/\/rtv.sabaj.pl\/wp-content\/uploads\/2018\/07\/sabaj.jpg","width":284,"height":106,"caption":"Sabaj"},"image":{"@id":"https:\/\/rtv.sabaj.pl\/#\/schema\/logo\/image\/"},"sameAs":["https:\/\/pl-pl.facebook.com\/sabajgroup\/","https:\/\/pl.linkedin.com\/company\/sabaj-system"]}]}},"_links":{"self":[{"href":"https:\/\/rtv.sabaj.pl\/de\/wp-json\/wp\/v2\/product\/3711","targetHints":{"allow":["GET"]}}],"collection":[{"href":"https:\/\/rtv.sabaj.pl\/de\/wp-json\/wp\/v2\/product"}],"about":[{"href":"https:\/\/rtv.sabaj.pl\/de\/wp-json\/wp\/v2\/types\/product"}],"version-history":[{"count":0,"href":"https:\/\/rtv.sabaj.pl\/de\/wp-json\/wp\/v2\/product\/3711\/revisions"}],"wp:featuredmedia":[{"embeddable":true,"href":"https:\/\/rtv.sabaj.pl\/de\/wp-json\/wp\/v2\/media\/3712"}],"wp:attachment":[{"href":"https:\/\/rtv.sabaj.pl\/de\/wp-json\/wp\/v2\/media?parent=3711"}],"wp:term":[{"taxonomy":"product_brand","embeddable":true,"href":"https:\/\/rtv.sabaj.pl\/de\/wp-json\/wp\/v2\/product_brand?post=3711"},{"taxonomy":"product_cat","embeddable":true,"href":"https:\/\/rtv.sabaj.pl\/de\/wp-json\/wp\/v2\/product_cat?post=3711"},{"taxonomy":"product_tag","embeddable":true,"href":"https:\/\/rtv.sabaj.pl\/de\/wp-json\/wp\/v2\/product_tag?post=3711"}],"curies":[{"name":"wp","href":"https:\/\/api.w.org\/{rel}","templated":true}]}}