{"id":9281,"date":"2023-02-02T11:46:46","date_gmt":"2023-02-02T10:46:46","guid":{"rendered":"https:\/\/rtv.sabaj.pl\/?post_type=product&#038;p=9281"},"modified":"2024-08-29T11:30:53","modified_gmt":"2024-08-29T09:30:53","slug":"filtr-przeciwzakloceniowy-plc-ampfltr","status":"publish","type":"product","link":"https:\/\/rtv.sabaj.pl\/es\/producto\/filtr-przeciwzakloceniowy-plc-ampfltr\/","title":{"rendered":"Filtr przeciwzak\u0142\u00f3ceniowy PLC-AMPFLTR"},"content":{"rendered":"","protected":false},"excerpt":{"rendered":"<p>Filtr przeciwzak\u0142\u00f3ceniowy do akcesori\u00f3w K-PLC, szczeg\u00f3lnie stosowany przy wi\u0119kszych odleg\u0142o\u015bciach, gdzie ryzyko zak\u0142\u00f3ce\u0144 jest wi\u0119ksze.<\/p>","protected":false},"featured_media":9314,"template":"","meta":{"_acf_changed":false},"product_brand":[],"product_cat":[104],"product_tag":[],"class_list":{"0":"post-9281","1":"product","2":"type-product","3":"status-publish","4":"has-post-thumbnail","6":"product_cat-akcesoria","8":"first","9":"instock","10":"shipping-taxable","11":"product-type-simple"},"acf":[],"yoast_head":"<!-- This site is optimized with the Yoast SEO plugin v27.1 - https:\/\/yoast.com\/product\/yoast-seo-wordpress\/ -->\n<title>Filtr przeciwzak\u0142\u00f3ceniowy PLC-AMPFLTR - Sabaj<\/title>\n<meta name=\"description\" content=\"Filtr przeciwzak\u0142\u00f3ceniowy do akcesori\u00f3w K-PLC, szczeg\u00f3lnie stosowany przy wi\u0119kszych odleg\u0142o\u015bciach, gdzie ryzyko zak\u0142\u00f3ce\u0144 jest wi\u0119ksze. - Best Quality TV Lifts - Intercontinental Delivery - Sabaj\" \/>\n<meta name=\"robots\" content=\"index, follow, max-snippet:-1, max-image-preview:large, max-video-preview:-1\" \/>\n<link rel=\"canonical\" href=\"https:\/\/rtv.sabaj.pl\/es\/producto\/filtr-przeciwzakloceniowy-plc-ampfltr\/\" \/>\n<meta property=\"og:locale\" content=\"es_ES\" \/>\n<meta property=\"og:type\" content=\"article\" \/>\n<meta property=\"og:title\" content=\"Filtr przeciwzak\u0142\u00f3ceniowy PLC-AMPFLTR - Sabaj\" \/>\n<meta property=\"og:description\" content=\"Filtr przeciwzak\u0142\u00f3ceniowy do akcesori\u00f3w K-PLC, szczeg\u00f3lnie stosowany przy wi\u0119kszych odleg\u0142o\u015bciach, gdzie ryzyko zak\u0142\u00f3ce\u0144 jest wi\u0119ksze. - Best Quality TV Lifts - Intercontinental Delivery - Sabaj\" \/>\n<meta property=\"og:url\" content=\"https:\/\/rtv.sabaj.pl\/es\/producto\/filtr-przeciwzakloceniowy-plc-ampfltr\/\" \/>\n<meta property=\"og:site_name\" content=\"Sabaj\" \/>\n<meta property=\"article:publisher\" content=\"https:\/\/pl-pl.facebook.com\/sabajgroup\/\" \/>\n<meta property=\"article:modified_time\" content=\"2024-08-29T09:30:53+00:00\" \/>\n<meta property=\"og:image\" content=\"https:\/\/rtv.sabaj.pl\/wp-content\/uploads\/2023\/02\/PLC-Amplifter-scaled.jpg\" \/>\n\t<meta property=\"og:image:width\" content=\"2560\" \/>\n\t<meta property=\"og:image:height\" content=\"2560\" \/>\n\t<meta property=\"og:image:type\" content=\"image\/jpeg\" \/>\n<meta name=\"twitter:card\" content=\"summary_large_image\" \/>\n<meta name=\"twitter:label1\" content=\"Tiempo de lectura\" \/>\n\t<meta name=\"twitter:data1\" content=\"1 minuto\" \/>\n<script type=\"application\/ld+json\" class=\"yoast-schema-graph\">{\"@context\":\"https:\/\/schema.org\",\"@graph\":[{\"@type\":\"WebPage\",\"@id\":\"https:\/\/rtv.sabaj.pl\/product\/filtr-przeciwzakloceniowy-plc-ampfltr\/\",\"url\":\"https:\/\/rtv.sabaj.pl\/product\/filtr-przeciwzakloceniowy-plc-ampfltr\/\",\"name\":\"Filtr przeciwzak\u0142\u00f3ceniowy PLC-AMPFLTR - Sabaj\",\"isPartOf\":{\"@id\":\"https:\/\/rtv.sabaj.pl\/#website\"},\"primaryImageOfPage\":{\"@id\":\"https:\/\/rtv.sabaj.pl\/product\/filtr-przeciwzakloceniowy-plc-ampfltr\/#primaryimage\"},\"image\":{\"@id\":\"https:\/\/rtv.sabaj.pl\/product\/filtr-przeciwzakloceniowy-plc-ampfltr\/#primaryimage\"},\"thumbnailUrl\":\"https:\/\/rtv.sabaj.pl\/wp-content\/uploads\/2023\/02\/PLC-Amplifter-scaled.jpg\",\"datePublished\":\"2023-02-02T10:46:46+00:00\",\"dateModified\":\"2024-08-29T09:30:53+00:00\",\"description\":\"Filtr przeciwzak\u0142\u00f3ceniowy do akcesori\u00f3w K-PLC, szczeg\u00f3lnie stosowany przy wi\u0119kszych odleg\u0142o\u015bciach, gdzie ryzyko zak\u0142\u00f3ce\u0144 jest wi\u0119ksze. - Best Quality TV Lifts - Intercontinental Delivery - Sabaj\",\"breadcrumb\":{\"@id\":\"https:\/\/rtv.sabaj.pl\/product\/filtr-przeciwzakloceniowy-plc-ampfltr\/#breadcrumb\"},\"inLanguage\":\"es\",\"potentialAction\":[{\"@type\":\"ReadAction\",\"target\":[\"https:\/\/rtv.sabaj.pl\/product\/filtr-przeciwzakloceniowy-plc-ampfltr\/\"]}]},{\"@type\":\"ImageObject\",\"inLanguage\":\"es\",\"@id\":\"https:\/\/rtv.sabaj.pl\/product\/filtr-przeciwzakloceniowy-plc-ampfltr\/#primaryimage\",\"url\":\"https:\/\/rtv.sabaj.pl\/wp-content\/uploads\/2023\/02\/PLC-Amplifter-scaled.jpg\",\"contentUrl\":\"https:\/\/rtv.sabaj.pl\/wp-content\/uploads\/2023\/02\/PLC-Amplifter-scaled.jpg\",\"width\":2560,\"height\":2560,\"caption\":\"PLC Amplifter\"},{\"@type\":\"BreadcrumbList\",\"@id\":\"https:\/\/rtv.sabaj.pl\/product\/filtr-przeciwzakloceniowy-plc-ampfltr\/#breadcrumb\",\"itemListElement\":[{\"@type\":\"ListItem\",\"position\":1,\"name\":\"Katalog produkt\u00f3w\",\"item\":\"https:\/\/rtv.sabaj.pl\/shop-2\/\"},{\"@type\":\"ListItem\",\"position\":2,\"name\":\"Filtr przeciwzak\u0142\u00f3ceniowy PLC-AMPFLTR\"}]},{\"@type\":\"WebSite\",\"@id\":\"https:\/\/rtv.sabaj.pl\/#website\",\"url\":\"https:\/\/rtv.sabaj.pl\/\",\"name\":\"TV Lifts Sabaj\",\"description\":\"TV lifts are a solution that allows motorized hiding of your television in furniture, the ceiling, or the wall. With TV lifts, you can free up your living room space from a large screen, contributing to a more aesthetic and functional interior. Automating the operation of your television with TV lifts enables you to enjoy a modern, organized home. Choose TV lifts to optimize the space in your home.\",\"publisher\":{\"@id\":\"https:\/\/rtv.sabaj.pl\/#organization\"},\"alternateName\":\"RTV Sabaj\",\"potentialAction\":[{\"@type\":\"SearchAction\",\"target\":{\"@type\":\"EntryPoint\",\"urlTemplate\":\"https:\/\/rtv.sabaj.pl\/?s={search_term_string}\"},\"query-input\":{\"@type\":\"PropertyValueSpecification\",\"valueRequired\":true,\"valueName\":\"search_term_string\"}}],\"inLanguage\":\"es\"},{\"@type\":\"Organization\",\"@id\":\"https:\/\/rtv.sabaj.pl\/#organization\",\"name\":\"Sabaj\",\"url\":\"https:\/\/rtv.sabaj.pl\/\",\"logo\":{\"@type\":\"ImageObject\",\"inLanguage\":\"es\",\"@id\":\"https:\/\/rtv.sabaj.pl\/#\/schema\/logo\/image\/\",\"url\":\"https:\/\/rtv.sabaj.pl\/wp-content\/uploads\/2018\/07\/sabaj.jpg\",\"contentUrl\":\"https:\/\/rtv.sabaj.pl\/wp-content\/uploads\/2018\/07\/sabaj.jpg\",\"width\":284,\"height\":106,\"caption\":\"Sabaj\"},\"image\":{\"@id\":\"https:\/\/rtv.sabaj.pl\/#\/schema\/logo\/image\/\"},\"sameAs\":[\"https:\/\/pl-pl.facebook.com\/sabajgroup\/\",\"https:\/\/pl.linkedin.com\/company\/sabaj-system\"]}]}<\/script>\n<!-- \/ Yoast SEO plugin. -->","yoast_head_json":{"title":"Filtr przeciwzak\u0142\u00f3ceniowy PLC-AMPFLTR - Sabaj","description":"Filtr przeciwzak\u0142\u00f3ceniowy do akcesori\u00f3w K-PLC, szczeg\u00f3lnie stosowany przy wi\u0119kszych odleg\u0142o\u015bciach, gdzie ryzyko zak\u0142\u00f3ce\u0144 jest wi\u0119ksze. - Best Quality TV Lifts - Intercontinental Delivery - Sabaj","robots":{"index":"index","follow":"follow","max-snippet":"max-snippet:-1","max-image-preview":"max-image-preview:large","max-video-preview":"max-video-preview:-1"},"canonical":"https:\/\/rtv.sabaj.pl\/es\/producto\/filtr-przeciwzakloceniowy-plc-ampfltr\/","og_locale":"es_ES","og_type":"article","og_title":"Filtr przeciwzak\u0142\u00f3ceniowy PLC-AMPFLTR - Sabaj","og_description":"Filtr przeciwzak\u0142\u00f3ceniowy do akcesori\u00f3w K-PLC, szczeg\u00f3lnie stosowany przy wi\u0119kszych odleg\u0142o\u015bciach, gdzie ryzyko zak\u0142\u00f3ce\u0144 jest wi\u0119ksze. - Best Quality TV Lifts - Intercontinental Delivery - Sabaj","og_url":"https:\/\/rtv.sabaj.pl\/es\/producto\/filtr-przeciwzakloceniowy-plc-ampfltr\/","og_site_name":"Sabaj","article_publisher":"https:\/\/pl-pl.facebook.com\/sabajgroup\/","article_modified_time":"2024-08-29T09:30:53+00:00","og_image":[{"width":2560,"height":2560,"url":"https:\/\/rtv.sabaj.pl\/wp-content\/uploads\/2023\/02\/PLC-Amplifter-scaled.jpg","type":"image\/jpeg"}],"twitter_card":"summary_large_image","twitter_misc":{"Tiempo de lectura":"1 minuto"},"schema":{"@context":"https:\/\/schema.org","@graph":[{"@type":"WebPage","@id":"https:\/\/rtv.sabaj.pl\/product\/filtr-przeciwzakloceniowy-plc-ampfltr\/","url":"https:\/\/rtv.sabaj.pl\/product\/filtr-przeciwzakloceniowy-plc-ampfltr\/","name":"Filtr przeciwzak\u0142\u00f3ceniowy PLC-AMPFLTR - Sabaj","isPartOf":{"@id":"https:\/\/rtv.sabaj.pl\/#website"},"primaryImageOfPage":{"@id":"https:\/\/rtv.sabaj.pl\/product\/filtr-przeciwzakloceniowy-plc-ampfltr\/#primaryimage"},"image":{"@id":"https:\/\/rtv.sabaj.pl\/product\/filtr-przeciwzakloceniowy-plc-ampfltr\/#primaryimage"},"thumbnailUrl":"https:\/\/rtv.sabaj.pl\/wp-content\/uploads\/2023\/02\/PLC-Amplifter-scaled.jpg","datePublished":"2023-02-02T10:46:46+00:00","dateModified":"2024-08-29T09:30:53+00:00","description":"Filtr przeciwzak\u0142\u00f3ceniowy do akcesori\u00f3w K-PLC, szczeg\u00f3lnie stosowany przy wi\u0119kszych odleg\u0142o\u015bciach, gdzie ryzyko zak\u0142\u00f3ce\u0144 jest wi\u0119ksze. - Best Quality TV Lifts - Intercontinental Delivery - Sabaj","breadcrumb":{"@id":"https:\/\/rtv.sabaj.pl\/product\/filtr-przeciwzakloceniowy-plc-ampfltr\/#breadcrumb"},"inLanguage":"es","potentialAction":[{"@type":"ReadAction","target":["https:\/\/rtv.sabaj.pl\/product\/filtr-przeciwzakloceniowy-plc-ampfltr\/"]}]},{"@type":"ImageObject","inLanguage":"es","@id":"https:\/\/rtv.sabaj.pl\/product\/filtr-przeciwzakloceniowy-plc-ampfltr\/#primaryimage","url":"https:\/\/rtv.sabaj.pl\/wp-content\/uploads\/2023\/02\/PLC-Amplifter-scaled.jpg","contentUrl":"https:\/\/rtv.sabaj.pl\/wp-content\/uploads\/2023\/02\/PLC-Amplifter-scaled.jpg","width":2560,"height":2560,"caption":"PLC Amplifter"},{"@type":"BreadcrumbList","@id":"https:\/\/rtv.sabaj.pl\/product\/filtr-przeciwzakloceniowy-plc-ampfltr\/#breadcrumb","itemListElement":[{"@type":"ListItem","position":1,"name":"Katalog produkt\u00f3w","item":"https:\/\/rtv.sabaj.pl\/shop-2\/"},{"@type":"ListItem","position":2,"name":"Filtr przeciwzak\u0142\u00f3ceniowy PLC-AMPFLTR"}]},{"@type":"WebSite","@id":"https:\/\/rtv.sabaj.pl\/#website","url":"https:\/\/rtv.sabaj.pl\/","name":"TV Lifts Sabaj","description":"TV lifts are a solution that allows motorized hiding of your television in furniture, the ceiling, or the wall. With TV lifts, you can free up your living room space from a large screen, contributing to a more aesthetic and functional interior. Automating the operation of your television with TV lifts enables you to enjoy a modern, organized home. Choose TV lifts to optimize the space in your home.","publisher":{"@id":"https:\/\/rtv.sabaj.pl\/#organization"},"alternateName":"RTV Sabaj","potentialAction":[{"@type":"SearchAction","target":{"@type":"EntryPoint","urlTemplate":"https:\/\/rtv.sabaj.pl\/?s={search_term_string}"},"query-input":{"@type":"PropertyValueSpecification","valueRequired":true,"valueName":"search_term_string"}}],"inLanguage":"es"},{"@type":"Organization","@id":"https:\/\/rtv.sabaj.pl\/#organization","name":"Sabaj","url":"https:\/\/rtv.sabaj.pl\/","logo":{"@type":"ImageObject","inLanguage":"es","@id":"https:\/\/rtv.sabaj.pl\/#\/schema\/logo\/image\/","url":"https:\/\/rtv.sabaj.pl\/wp-content\/uploads\/2018\/07\/sabaj.jpg","contentUrl":"https:\/\/rtv.sabaj.pl\/wp-content\/uploads\/2018\/07\/sabaj.jpg","width":284,"height":106,"caption":"Sabaj"},"image":{"@id":"https:\/\/rtv.sabaj.pl\/#\/schema\/logo\/image\/"},"sameAs":["https:\/\/pl-pl.facebook.com\/sabajgroup\/","https:\/\/pl.linkedin.com\/company\/sabaj-system"]}]}},"_links":{"self":[{"href":"https:\/\/rtv.sabaj.pl\/es\/wp-json\/wp\/v2\/product\/9281","targetHints":{"allow":["GET"]}}],"collection":[{"href":"https:\/\/rtv.sabaj.pl\/es\/wp-json\/wp\/v2\/product"}],"about":[{"href":"https:\/\/rtv.sabaj.pl\/es\/wp-json\/wp\/v2\/types\/product"}],"version-history":[{"count":0,"href":"https:\/\/rtv.sabaj.pl\/es\/wp-json\/wp\/v2\/product\/9281\/revisions"}],"wp:featuredmedia":[{"embeddable":true,"href":"https:\/\/rtv.sabaj.pl\/es\/wp-json\/wp\/v2\/media\/9314"}],"wp:attachment":[{"href":"https:\/\/rtv.sabaj.pl\/es\/wp-json\/wp\/v2\/media?parent=9281"}],"wp:term":[{"taxonomy":"product_brand","embeddable":true,"href":"https:\/\/rtv.sabaj.pl\/es\/wp-json\/wp\/v2\/product_brand?post=9281"},{"taxonomy":"product_cat","embeddable":true,"href":"https:\/\/rtv.sabaj.pl\/es\/wp-json\/wp\/v2\/product_cat?post=9281"},{"taxonomy":"product_tag","embeddable":true,"href":"https:\/\/rtv.sabaj.pl\/es\/wp-json\/wp\/v2\/product_tag?post=9281"}],"curies":[{"name":"wp","href":"https:\/\/api.w.org\/{rel}","templated":true}]}}