{"id":3448,"date":"2021-07-14T11:37:13","date_gmt":"2021-07-14T09:37:13","guid":{"rendered":"https:\/\/rtv.sabaj.pl\/?page_id=3448"},"modified":"2021-07-14T17:05:05","modified_gmt":"2021-07-14T15:05:05","slug":"video-zone","status":"publish","type":"page","link":"https:\/\/rtv.sabaj.pl\/fr\/zone-video\/","title":{"rendered":"Zone Vid\u00e9o"},"content":{"rendered":"<div data-elementor-type=\"wp-post\" data-elementor-id=\"3448\" class=\"elementor elementor-3448\" data-elementor-post-type=\"page\">\n\t\t\t\t\t\t<section data-particle_enable=\"false\" data-particle-mobile-disabled=\"false\" class=\"elementor-section elementor-top-section elementor-element elementor-element-c1bf4c4 elementor-section-boxed elementor-section-height-default elementor-section-height-default\" data-id=\"c1bf4c4\" data-element_type=\"section\">\n\t\t\t\t\t\t<div class=\"elementor-container elementor-column-gap-default\">\n\t\t\t\t\t<div class=\"elementor-column elementor-col-50 elementor-top-column elementor-element elementor-element-27b727f\" data-id=\"27b727f\" data-element_type=\"column\">\n\t\t\t<div class=\"elementor-widget-wrap elementor-element-populated\">\n\t\t\t\t\t\t<div class=\"elementor-element elementor-element-c90a7f5 elementor-widget elementor-widget-heading\" data-id=\"c90a7f5\" data-element_type=\"widget\" data-widget_type=\"heading.default\">\n\t\t\t\t<div class=\"elementor-widget-container\">\n\t\t\t<h4 class=\"elementor-heading-title elementor-size-default elementor-heading-title\">Manuel d'installation de l'\u00e9l\u00e9vateur TV K-ECO<\/h4>\t\t<\/div>\n\t\t\t\t<\/div>\n\t\t\t\t<div data-over-color=\"\" data-over=\"overlay\" class=\"elementor-element elementor-element-964b60f elementor-widget elementor-widget-video\" data-id=\"964b60f\" data-element_type=\"widget\" data-settings=\"{&quot;youtube_url&quot;:&quot;https:\\\/\\\/www.youtube.com\\\/watch?v=eyZAjCegI8g&amp;feature=emb_logo&quot;,&quot;video_type&quot;:&quot;youtube&quot;,&quot;controls&quot;:&quot;yes&quot;}\" data-widget_type=\"video.default\">\n\t\t\t\t<div class=\"elementor-widget-container\">\n\t\t\t\t\t<div class=\"elementor-wrapper elementor-open-inline\">\n\t\t\t<div class=\"elementor-video\"><\/div>\t\t<\/div>\n\t\t\t\t<\/div>\n\t\t\t\t<\/div>\n\t\t\t\t\t<\/div>\n\t\t<\/div>\n\t\t\t\t<div class=\"elementor-column elementor-col-50 elementor-top-column elementor-element elementor-element-a9c2a4e\" data-id=\"a9c2a4e\" data-element_type=\"column\">\n\t\t\t<div class=\"elementor-widget-wrap elementor-element-populated\">\n\t\t\t\t\t\t<div class=\"elementor-element elementor-element-a2a5b00 elementor-widget elementor-widget-heading\" data-id=\"a2a5b00\" data-element_type=\"widget\" data-widget_type=\"heading.default\">\n\t\t\t\t<div class=\"elementor-widget-container\">\n\t\t\t<h4 class=\"elementor-heading-title elementor-size-default elementor-heading-title\">Manuel d'installation de l'\u00e9l\u00e9vateur TV K-Premium<\/h4>\t\t<\/div>\n\t\t\t\t<\/div>\n\t\t\t\t<div data-over-color=\"\" data-over=\"overlay\" class=\"elementor-element elementor-element-ad4a1ef elementor-widget elementor-widget-video\" data-id=\"ad4a1ef\" data-element_type=\"widget\" data-settings=\"{&quot;youtube_url&quot;:&quot;https:\\\/\\\/www.youtube.com\\\/watch?v=m29jP3M1aNU&amp;feature=emb_logo&quot;,&quot;video_type&quot;:&quot;youtube&quot;,&quot;controls&quot;:&quot;yes&quot;}\" data-widget_type=\"video.default\">\n\t\t\t\t<div class=\"elementor-widget-container\">\n\t\t\t\t\t<div class=\"elementor-wrapper elementor-open-inline\">\n\t\t\t<div class=\"elementor-video\"><\/div>\t\t<\/div>\n\t\t\t\t<\/div>\n\t\t\t\t<\/div>\n\t\t\t\t\t<\/div>\n\t\t<\/div>\n\t\t\t\t\t<\/div>\n\t\t<\/section>\n\t\t\t\t<section data-particle_enable=\"false\" data-particle-mobile-disabled=\"false\" class=\"elementor-section elementor-top-section elementor-element elementor-element-442c73c elementor-section-boxed elementor-section-height-default elementor-section-height-default\" data-id=\"442c73c\" data-element_type=\"section\">\n\t\t\t\t\t\t<div class=\"elementor-container elementor-column-gap-default\">\n\t\t\t\t\t<div class=\"elementor-column elementor-col-50 elementor-top-column elementor-element elementor-element-10ec54c\" data-id=\"10ec54c\" data-element_type=\"column\">\n\t\t\t<div class=\"elementor-widget-wrap elementor-element-populated\">\n\t\t\t\t\t\t<div class=\"elementor-element elementor-element-31a40b6 elementor-widget elementor-widget-heading\" data-id=\"31a40b6\" data-element_type=\"widget\" data-widget_type=\"heading.default\">\n\t\t\t\t<div class=\"elementor-widget-container\">\n\t\t\t<h4 class=\"elementor-heading-title elementor-size-default elementor-heading-title\">Instructions pour le montage de l'\u00e9l\u00e9vateur au projecteur\n\n<\/h4>\t\t<\/div>\n\t\t\t\t<\/div>\n\t\t\t\t<div data-over-color=\"\" data-over=\"overlay\" class=\"elementor-element elementor-element-e9468b0 elementor-widget elementor-widget-video\" data-id=\"e9468b0\" data-element_type=\"widget\" data-settings=\"{&quot;youtube_url&quot;:&quot;https:\\\/\\\/www.youtube.com\\\/watch?v=yybHh7YZU84&amp;feature=emb_logo&quot;,&quot;video_type&quot;:&quot;youtube&quot;,&quot;controls&quot;:&quot;yes&quot;}\" data-widget_type=\"video.default\">\n\t\t\t\t<div class=\"elementor-widget-container\">\n\t\t\t\t\t<div class=\"elementor-wrapper elementor-open-inline\">\n\t\t\t<div class=\"elementor-video\"><\/div>\t\t<\/div>\n\t\t\t\t<\/div>\n\t\t\t\t<\/div>\n\t\t\t\t\t<\/div>\n\t\t<\/div>\n\t\t\t\t<div class=\"elementor-column elementor-col-50 elementor-top-column elementor-element elementor-element-b713eb3\" data-id=\"b713eb3\" data-element_type=\"column\">\n\t\t\t<div class=\"elementor-widget-wrap elementor-element-populated\">\n\t\t\t\t\t\t<div class=\"elementor-element elementor-element-7b9627e elementor-widget elementor-widget-heading\" data-id=\"7b9627e\" data-element_type=\"widget\" data-widget_type=\"heading.default\">\n\t\t\t\t<div class=\"elementor-widget-container\">\n\t\t\t<h4 class=\"elementor-heading-title elementor-size-default elementor-heading-title\">Instructions d'installation de l'\u00e9l\u00e9vateur de plafond pour la t\u00e9l\u00e9vision\n\n<\/h4>\t\t<\/div>\n\t\t\t\t<\/div>\n\t\t\t\t<div data-over-color=\"\" data-over=\"overlay\" class=\"elementor-element elementor-element-50d06c0 elementor-widget elementor-widget-video\" data-id=\"50d06c0\" data-element_type=\"widget\" data-settings=\"{&quot;youtube_url&quot;:&quot;https:\\\/\\\/www.youtube.com\\\/watch?v=1Erp88kOxcM&amp;feature=emb_logo&quot;,&quot;video_type&quot;:&quot;youtube&quot;,&quot;controls&quot;:&quot;yes&quot;}\" data-widget_type=\"video.default\">\n\t\t\t\t<div class=\"elementor-widget-container\">\n\t\t\t\t\t<div class=\"elementor-wrapper elementor-open-inline\">\n\t\t\t<div class=\"elementor-video\"><\/div>\t\t<\/div>\n\t\t\t\t<\/div>\n\t\t\t\t<\/div>\n\t\t\t\t\t<\/div>\n\t\t<\/div>\n\t\t\t\t\t<\/div>\n\t\t<\/section>\n\t\t\t\t<\/div>","protected":false},"excerpt":{"rendered":"<p>K-ECO Tv Lift installation manual K-Premium Tv Lift installation manual Instruction for mounting the elevator to the projector&#8230;<\/p>","protected":false},"author":4,"featured_media":2231,"parent":0,"menu_order":0,"comment_status":"closed","ping_status":"closed","template":"elementor_header_footer","meta":{"_acf_changed":false,"footnotes":""},"class_list":["post-3448","page","type-page","status-publish","has-post-thumbnail","hentry"],"acf":[],"yoast_head":"<!-- This site is optimized with the Yoast SEO plugin v27.1 - https:\/\/yoast.com\/product\/yoast-seo-wordpress\/ -->\n<title>Video Zone - Sabaj<\/title>\n<meta name=\"description\" content=\"K-ECO Tv Lift installation manual https:\/\/www.youtube.com\/watch?v=eyZAjCegI8g&#038;feature=emb_logo K-Premium Tv Lift installation manual - TV lifts are a solution that allows motorized hiding of your television in furniture, the ceiling, or the wall. With TV lifts, you can free up your living room space from a large screen, contributing to a more aesthetic and functional interior. Automating the operation of your television with TV lifts enables you to enjoy a modern, organized home. Choose TV lifts to optimize the space in your home. - Sabaj\" \/>\n<meta name=\"robots\" content=\"index, follow, max-snippet:-1, max-image-preview:large, max-video-preview:-1\" \/>\n<link rel=\"canonical\" href=\"https:\/\/rtv.sabaj.pl\/fr\/video-zone\/\" \/>\n<meta property=\"og:locale\" content=\"fr_FR\" \/>\n<meta property=\"og:type\" content=\"article\" \/>\n<meta property=\"og:title\" content=\"Video Zone - Sabaj\" \/>\n<meta property=\"og:description\" content=\"K-ECO Tv Lift installation manual https:\/\/www.youtube.com\/watch?v=eyZAjCegI8g&#038;feature=emb_logo K-Premium Tv Lift installation manual - TV lifts are a solution that allows motorized hiding of your television in furniture, the ceiling, or the wall. With TV lifts, you can free up your living room space from a large screen, contributing to a more aesthetic and functional interior. Automating the operation of your television with TV lifts enables you to enjoy a modern, organized home. Choose TV lifts to optimize the space in your home. - Sabaj\" \/>\n<meta property=\"og:url\" content=\"https:\/\/rtv.sabaj.pl\/fr\/video-zone\/\" \/>\n<meta property=\"og:site_name\" content=\"Sabaj\" \/>\n<meta property=\"article:publisher\" content=\"https:\/\/pl-pl.facebook.com\/sabajgroup\/\" \/>\n<meta property=\"article:modified_time\" content=\"2021-07-14T15:05:05+00:00\" \/>\n<meta property=\"og:image\" content=\"https:\/\/rtv.sabaj.pl\/wp-content\/uploads\/2021\/03\/videoo.jpg\" \/>\n\t<meta property=\"og:image:width\" content=\"1920\" \/>\n\t<meta property=\"og:image:height\" content=\"816\" \/>\n\t<meta property=\"og:image:type\" content=\"image\/jpeg\" \/>\n<meta name=\"twitter:card\" content=\"summary_large_image\" \/>\n<script type=\"application\/ld+json\" class=\"yoast-schema-graph\">{\"@context\":\"https:\/\/schema.org\",\"@graph\":[{\"@type\":\"WebPage\",\"@id\":\"https:\/\/rtv.sabaj.pl\/en\/video-zone\/\",\"url\":\"https:\/\/rtv.sabaj.pl\/en\/video-zone\/\",\"name\":\"Video Zone - Sabaj\",\"isPartOf\":{\"@id\":\"https:\/\/rtv.sabaj.pl\/#website\"},\"primaryImageOfPage\":{\"@id\":\"https:\/\/rtv.sabaj.pl\/en\/video-zone\/#primaryimage\"},\"image\":{\"@id\":\"https:\/\/rtv.sabaj.pl\/en\/video-zone\/#primaryimage\"},\"thumbnailUrl\":\"https:\/\/rtv.sabaj.pl\/wp-content\/uploads\/2021\/03\/videoo.jpg\",\"datePublished\":\"2021-07-14T09:37:13+00:00\",\"dateModified\":\"2021-07-14T15:05:05+00:00\",\"description\":\"K-ECO Tv Lift installation manual https:\/\/www.youtube.com\/watch?v=eyZAjCegI8g&#038;feature=emb_logo K-Premium Tv Lift installation manual - TV lifts are a solution that allows motorized hiding of your television in furniture, the ceiling, or the wall. With TV lifts, you can free up your living room space from a large screen, contributing to a more aesthetic and functional interior. Automating the operation of your television with TV lifts enables you to enjoy a modern, organized home. Choose TV lifts to optimize the space in your home. - Sabaj\",\"inLanguage\":\"fr-FR\",\"potentialAction\":[{\"@type\":\"ReadAction\",\"target\":[\"https:\/\/rtv.sabaj.pl\/en\/video-zone\/\"]}]},{\"@type\":\"ImageObject\",\"inLanguage\":\"fr-FR\",\"@id\":\"https:\/\/rtv.sabaj.pl\/en\/video-zone\/#primaryimage\",\"url\":\"https:\/\/rtv.sabaj.pl\/wp-content\/uploads\/2021\/03\/videoo.jpg\",\"contentUrl\":\"https:\/\/rtv.sabaj.pl\/wp-content\/uploads\/2021\/03\/videoo.jpg\",\"width\":1920,\"height\":816,\"caption\":\"videoo\"},{\"@type\":\"WebSite\",\"@id\":\"https:\/\/rtv.sabaj.pl\/#website\",\"url\":\"https:\/\/rtv.sabaj.pl\/\",\"name\":\"TV Lifts Sabaj\",\"description\":\"TV lifts are a solution that allows motorized hiding of your television in furniture, the ceiling, or the wall. With TV lifts, you can free up your living room space from a large screen, contributing to a more aesthetic and functional interior. Automating the operation of your television with TV lifts enables you to enjoy a modern, organized home. Choose TV lifts to optimize the space in your home.\",\"publisher\":{\"@id\":\"https:\/\/rtv.sabaj.pl\/#organization\"},\"alternateName\":\"RTV Sabaj\",\"potentialAction\":[{\"@type\":\"SearchAction\",\"target\":{\"@type\":\"EntryPoint\",\"urlTemplate\":\"https:\/\/rtv.sabaj.pl\/?s={search_term_string}\"},\"query-input\":{\"@type\":\"PropertyValueSpecification\",\"valueRequired\":true,\"valueName\":\"search_term_string\"}}],\"inLanguage\":\"fr-FR\"},{\"@type\":\"Organization\",\"@id\":\"https:\/\/rtv.sabaj.pl\/#organization\",\"name\":\"Sabaj\",\"url\":\"https:\/\/rtv.sabaj.pl\/\",\"logo\":{\"@type\":\"ImageObject\",\"inLanguage\":\"fr-FR\",\"@id\":\"https:\/\/rtv.sabaj.pl\/#\/schema\/logo\/image\/\",\"url\":\"https:\/\/rtv.sabaj.pl\/wp-content\/uploads\/2018\/07\/sabaj.jpg\",\"contentUrl\":\"https:\/\/rtv.sabaj.pl\/wp-content\/uploads\/2018\/07\/sabaj.jpg\",\"width\":284,\"height\":106,\"caption\":\"Sabaj\"},\"image\":{\"@id\":\"https:\/\/rtv.sabaj.pl\/#\/schema\/logo\/image\/\"},\"sameAs\":[\"https:\/\/pl-pl.facebook.com\/sabajgroup\/\",\"https:\/\/pl.linkedin.com\/company\/sabaj-system\"]}]}<\/script>\n<!-- \/ Yoast SEO plugin. -->","yoast_head_json":{"title":"Video Zone - Sabaj","description":"K-ECO Tv Lift installation manual https:\/\/www.youtube.com\/watch?v=eyZAjCegI8g&#038;feature=emb_logo K-Premium Tv Lift installation manual - TV lifts are a solution that allows motorized hiding of your television in furniture, the ceiling, or the wall. With TV lifts, you can free up your living room space from a large screen, contributing to a more aesthetic and functional interior. Automating the operation of your television with TV lifts enables you to enjoy a modern, organized home. Choose TV lifts to optimize the space in your home. - Sabaj","robots":{"index":"index","follow":"follow","max-snippet":"max-snippet:-1","max-image-preview":"max-image-preview:large","max-video-preview":"max-video-preview:-1"},"canonical":"https:\/\/rtv.sabaj.pl\/fr\/video-zone\/","og_locale":"fr_FR","og_type":"article","og_title":"Video Zone - Sabaj","og_description":"K-ECO Tv Lift installation manual https:\/\/www.youtube.com\/watch?v=eyZAjCegI8g&#038;feature=emb_logo K-Premium Tv Lift installation manual - TV lifts are a solution that allows motorized hiding of your television in furniture, the ceiling, or the wall. With TV lifts, you can free up your living room space from a large screen, contributing to a more aesthetic and functional interior. Automating the operation of your television with TV lifts enables you to enjoy a modern, organized home. Choose TV lifts to optimize the space in your home. - Sabaj","og_url":"https:\/\/rtv.sabaj.pl\/fr\/video-zone\/","og_site_name":"Sabaj","article_publisher":"https:\/\/pl-pl.facebook.com\/sabajgroup\/","article_modified_time":"2021-07-14T15:05:05+00:00","og_image":[{"width":1920,"height":816,"url":"https:\/\/rtv.sabaj.pl\/wp-content\/uploads\/2021\/03\/videoo.jpg","type":"image\/jpeg"}],"twitter_card":"summary_large_image","schema":{"@context":"https:\/\/schema.org","@graph":[{"@type":"WebPage","@id":"https:\/\/rtv.sabaj.pl\/en\/video-zone\/","url":"https:\/\/rtv.sabaj.pl\/en\/video-zone\/","name":"Video Zone - Sabaj","isPartOf":{"@id":"https:\/\/rtv.sabaj.pl\/#website"},"primaryImageOfPage":{"@id":"https:\/\/rtv.sabaj.pl\/en\/video-zone\/#primaryimage"},"image":{"@id":"https:\/\/rtv.sabaj.pl\/en\/video-zone\/#primaryimage"},"thumbnailUrl":"https:\/\/rtv.sabaj.pl\/wp-content\/uploads\/2021\/03\/videoo.jpg","datePublished":"2021-07-14T09:37:13+00:00","dateModified":"2021-07-14T15:05:05+00:00","description":"K-ECO Tv Lift installation manual https:\/\/www.youtube.com\/watch?v=eyZAjCegI8g&#038;feature=emb_logo K-Premium Tv Lift installation manual - TV lifts are a solution that allows motorized hiding of your television in furniture, the ceiling, or the wall. With TV lifts, you can free up your living room space from a large screen, contributing to a more aesthetic and functional interior. Automating the operation of your television with TV lifts enables you to enjoy a modern, organized home. Choose TV lifts to optimize the space in your home. - Sabaj","inLanguage":"fr-FR","potentialAction":[{"@type":"ReadAction","target":["https:\/\/rtv.sabaj.pl\/en\/video-zone\/"]}]},{"@type":"ImageObject","inLanguage":"fr-FR","@id":"https:\/\/rtv.sabaj.pl\/en\/video-zone\/#primaryimage","url":"https:\/\/rtv.sabaj.pl\/wp-content\/uploads\/2021\/03\/videoo.jpg","contentUrl":"https:\/\/rtv.sabaj.pl\/wp-content\/uploads\/2021\/03\/videoo.jpg","width":1920,"height":816,"caption":"videoo"},{"@type":"WebSite","@id":"https:\/\/rtv.sabaj.pl\/#website","url":"https:\/\/rtv.sabaj.pl\/","name":"TV Lifts Sabaj","description":"TV lifts are a solution that allows motorized hiding of your television in furniture, the ceiling, or the wall. With TV lifts, you can free up your living room space from a large screen, contributing to a more aesthetic and functional interior. Automating the operation of your television with TV lifts enables you to enjoy a modern, organized home. Choose TV lifts to optimize the space in your home.","publisher":{"@id":"https:\/\/rtv.sabaj.pl\/#organization"},"alternateName":"RTV Sabaj","potentialAction":[{"@type":"SearchAction","target":{"@type":"EntryPoint","urlTemplate":"https:\/\/rtv.sabaj.pl\/?s={search_term_string}"},"query-input":{"@type":"PropertyValueSpecification","valueRequired":true,"valueName":"search_term_string"}}],"inLanguage":"fr-FR"},{"@type":"Organization","@id":"https:\/\/rtv.sabaj.pl\/#organization","name":"Sabaj","url":"https:\/\/rtv.sabaj.pl\/","logo":{"@type":"ImageObject","inLanguage":"fr-FR","@id":"https:\/\/rtv.sabaj.pl\/#\/schema\/logo\/image\/","url":"https:\/\/rtv.sabaj.pl\/wp-content\/uploads\/2018\/07\/sabaj.jpg","contentUrl":"https:\/\/rtv.sabaj.pl\/wp-content\/uploads\/2018\/07\/sabaj.jpg","width":284,"height":106,"caption":"Sabaj"},"image":{"@id":"https:\/\/rtv.sabaj.pl\/#\/schema\/logo\/image\/"},"sameAs":["https:\/\/pl-pl.facebook.com\/sabajgroup\/","https:\/\/pl.linkedin.com\/company\/sabaj-system"]}]}},"_links":{"self":[{"href":"https:\/\/rtv.sabaj.pl\/fr\/wp-json\/wp\/v2\/pages\/3448","targetHints":{"allow":["GET"]}}],"collection":[{"href":"https:\/\/rtv.sabaj.pl\/fr\/wp-json\/wp\/v2\/pages"}],"about":[{"href":"https:\/\/rtv.sabaj.pl\/fr\/wp-json\/wp\/v2\/types\/page"}],"author":[{"embeddable":true,"href":"https:\/\/rtv.sabaj.pl\/fr\/wp-json\/wp\/v2\/users\/4"}],"replies":[{"embeddable":true,"href":"https:\/\/rtv.sabaj.pl\/fr\/wp-json\/wp\/v2\/comments?post=3448"}],"version-history":[{"count":0,"href":"https:\/\/rtv.sabaj.pl\/fr\/wp-json\/wp\/v2\/pages\/3448\/revisions"}],"wp:featuredmedia":[{"embeddable":true,"href":"https:\/\/rtv.sabaj.pl\/fr\/wp-json\/wp\/v2\/media\/2231"}],"wp:attachment":[{"href":"https:\/\/rtv.sabaj.pl\/fr\/wp-json\/wp\/v2\/media?parent=3448"}],"curies":[{"name":"wp","href":"https:\/\/api.w.org\/{rel}","templated":true}]}}