{"id":26581,"date":"2025-03-05T10:19:13","date_gmt":"2025-03-05T09:19:13","guid":{"rendered":"https:\/\/rtv.sabaj.pl\/?post_type=product&#038;p=26581"},"modified":"2025-07-10T15:17:40","modified_gmt":"2025-07-10T13:17:40","slug":"tv-stand-m-l-nm","status":"publish","type":"product","link":"https:\/\/rtv.sabaj.pl\/fr\/produit\/tv-stand-m-l-nm\/","title":{"rendered":"TV-STAND M\/L NM &#8211; Glass TV Stand for up to 46 Inches \u00b1 45\u00b0"},"content":{"rendered":"<div data-elementor-type=\"product-post\" data-elementor-id=\"26581\" class=\"elementor elementor-26581\" data-elementor-post-type=\"product\">\n\t\t\t\t\t\t<section data-particle_enable=\"false\" data-particle-mobile-disabled=\"false\" class=\"elementor-section elementor-top-section elementor-element elementor-element-e2bffcf elementor-section-full_width elementor-section-height-default elementor-section-height-default\" data-id=\"e2bffcf\" data-element_type=\"section\">\n\t\t\t\t\t\t<div class=\"elementor-container elementor-column-gap-no\">\n\t\t\t\t\t<div class=\"elementor-column elementor-col-100 elementor-top-column elementor-element elementor-element-a67924b\" data-id=\"a67924b\" data-element_type=\"column\" data-settings=\"{&quot;background_background&quot;:&quot;classic&quot;}\">\n\t\t\t<div class=\"elementor-widget-wrap elementor-element-populated\">\n\t\t\t\t\t\t<div class=\"elementor-element elementor-element-c6b3d70 elementor-widget elementor-widget-heading\" data-id=\"c6b3d70\" data-element_type=\"widget\" data-widget_type=\"heading.default\">\n\t\t\t\t<div class=\"elementor-widget-container\">\n\t\t\t<h2 class=\"elementor-heading-title elementor-size-default elementor-heading-title elementor-align-after-center\">Fichiers \u00e0 t\u00e9l\u00e9charger<\/h2>\t\t<\/div>\n\t\t\t\t<\/div>\n\t\t\t\t<section data-particle_enable=\"false\" data-particle-mobile-disabled=\"false\" class=\"elementor-section elementor-inner-section elementor-element elementor-element-3cb546b elementor-section-full_width elementor-section-height-default elementor-section-height-default\" data-id=\"3cb546b\" data-element_type=\"section\" data-settings=\"{&quot;background_background&quot;:&quot;classic&quot;}\">\n\t\t\t\t\t\t<div class=\"elementor-container elementor-column-gap-no\">\n\t\t\t\t\t<div class=\"elementor-column elementor-col-50 elementor-inner-column elementor-element elementor-element-e90d002\" data-id=\"e90d002\" data-element_type=\"column\">\n\t\t\t<div class=\"elementor-widget-wrap elementor-element-populated\">\n\t\t\t\t\t\t<div class=\"elementor-element elementor-element-1a843b9 elementor-widget elementor-widget-text-editor\" data-id=\"1a843b9\" data-element_type=\"widget\" data-widget_type=\"text-editor.default\">\n\t\t\t\t<div class=\"elementor-widget-container\">\n\t\t\t\t\t\t\t<p><strong><a href=\"https:\/\/rtv.sabaj.pl\/wp-content\/uploads\/2025\/03\/T-Stand-NM-M_L_XL-ENG-PL-Manual-.pdf\">T-Stand NM M_L_XL ENG-PL Manual<\/a><\/strong><\/p>\t\t\t\t\t\t<\/div>\n\t\t\t\t<\/div>\n\t\t\t\t\t<\/div>\n\t\t<\/div>\n\t\t\t\t<div class=\"elementor-column elementor-col-50 elementor-inner-column elementor-element elementor-element-82efa0e\" data-id=\"82efa0e\" data-element_type=\"column\">\n\t\t\t<div class=\"elementor-widget-wrap elementor-element-populated\">\n\t\t\t\t\t\t<div class=\"elementor-element elementor-element-a130cc7 elementor-view-default elementor-widget elementor-widget-icon\" data-id=\"a130cc7\" data-element_type=\"widget\" data-widget_type=\"icon.default\">\n\t\t\t\t<div class=\"elementor-widget-container\">\n\t\t\t\t\t<div class=\"elementor-icon-wrapper\">\n\t\t\t<a class=\"elementor-icon\" href=\"https:\/\/rtv.sabaj.pl\/wp-content\/uploads\/2025\/03\/T-Stand-NM-M_L_XL-ENG-PL-Manual-.pdf\" target=\"_blank\">\n\t\t\t<i aria-hidden=\"true\" class=\"fas fa-download\"><\/i>\t\t\t<\/a>\n\t\t<\/div>\n\t\t\t\t<\/div>\n\t\t\t\t<\/div>\n\t\t\t\t\t<\/div>\n\t\t<\/div>\n\t\t\t\t\t<\/div>\n\t\t<\/section>\n\t\t\t\t<section data-particle_enable=\"false\" data-particle-mobile-disabled=\"false\" class=\"elementor-section elementor-inner-section elementor-element elementor-element-7fe508b elementor-section-full_width elementor-section-height-default elementor-section-height-default\" data-id=\"7fe508b\" data-element_type=\"section\" data-settings=\"{&quot;background_background&quot;:&quot;classic&quot;}\">\n\t\t\t\t\t\t<div class=\"elementor-container elementor-column-gap-no\">\n\t\t\t\t\t<div class=\"elementor-column elementor-col-50 elementor-inner-column elementor-element elementor-element-0d3acba\" data-id=\"0d3acba\" data-element_type=\"column\">\n\t\t\t<div class=\"elementor-widget-wrap elementor-element-populated\">\n\t\t\t\t\t\t<div class=\"elementor-element elementor-element-69fc6a3 elementor-widget elementor-widget-text-editor\" data-id=\"69fc6a3\" data-element_type=\"widget\" data-widget_type=\"text-editor.default\">\n\t\t\t\t<div class=\"elementor-widget-container\">\n\t\t\t\t\t\t\t<p><strong><a href=\"https:\/\/rtv.sabaj.pl\/wp-content\/uploads\/2025\/03\/t-stand-datasheet-sabaj-system.pdf\" data-wplink-edit=\"true\">t-stand-datasheet-sabaj-system<\/a><\/strong><\/p>\t\t\t\t\t\t<\/div>\n\t\t\t\t<\/div>\n\t\t\t\t\t<\/div>\n\t\t<\/div>\n\t\t\t\t<div class=\"elementor-column elementor-col-50 elementor-inner-column elementor-element elementor-element-08a394d\" data-id=\"08a394d\" data-element_type=\"column\">\n\t\t\t<div class=\"elementor-widget-wrap elementor-element-populated\">\n\t\t\t\t\t\t<div class=\"elementor-element elementor-element-dfb2bb7 elementor-view-default elementor-widget elementor-widget-icon\" data-id=\"dfb2bb7\" data-element_type=\"widget\" data-widget_type=\"icon.default\">\n\t\t\t\t<div class=\"elementor-widget-container\">\n\t\t\t\t\t<div class=\"elementor-icon-wrapper\">\n\t\t\t<a class=\"elementor-icon\" href=\"https:\/\/rtv.sabaj.pl\/wp-content\/uploads\/2025\/03\/t-stand-datasheet-sabaj-system.pdf\" target=\"_blank\">\n\t\t\t<i aria-hidden=\"true\" class=\"fas fa-download\"><\/i>\t\t\t<\/a>\n\t\t<\/div>\n\t\t\t\t<\/div>\n\t\t\t\t<\/div>\n\t\t\t\t\t<\/div>\n\t\t<\/div>\n\t\t\t\t\t<\/div>\n\t\t<\/section>\n\t\t\t\t\t<\/div>\n\t\t<\/div>\n\t\t\t\t\t<\/div>\n\t\t<\/section>\n\t\t\t\t<\/div>","protected":false},"excerpt":{"rendered":"<p data-start=\"0\" data-end=\"48\"><strong data-start=\"0\" data-end=\"46\">Tabletop TV Stand from the TV-Stand Series<\/strong><\/p>\n<p data-start=\"50\" data-end=\"213\">The <strong data-start=\"54\" data-end=\"88\">TV-Stand Series Tabletop Stand<\/strong> offers a <strong data-start=\"98\" data-end=\"131\">safe and easy-to-use solution<\/strong> for mounting TVs weighing up to <strong data-start=\"164\" data-end=\"173\" data-is-only-node=\"\">40 kg<\/strong> with a <strong data-start=\"181\" data-end=\"210\">VESA system up to 600\u00d7400<\/strong>.<\/p>\n<p data-start=\"215\" data-end=\"538\">The <strong data-start=\"219\" data-end=\"235\">swivel stand<\/strong>, with its <strong data-start=\"246\" data-end=\"275\">simple and elegant design<\/strong>, blends perfectly with any <strong data-start=\"303\" data-end=\"329\" data-is-only-node=\"\">TV and furniture style<\/strong>. The <strong data-start=\"335\" data-end=\"376\">45-degree left and right swivel angle<\/strong> allows you to <strong data-start=\"391\" data-end=\"421\">adjust the screen position<\/strong> for the <strong data-start=\"430\" data-end=\"457\">best viewing experience<\/strong> from anywhere in the room\u2014<strong data-start=\"484\" data-end=\"535\">at home, in the office, or in a conference room<\/strong>.<\/p>\n<p data-start=\"540\" data-end=\"700\">A <strong data-start=\"542\" data-end=\"564\">stylish glass base<\/strong> completes the design, ensuring both <strong data-start=\"601\" data-end=\"629\">stability and aesthetics<\/strong>. Additionally, the <strong data-start=\"649\" data-end=\"697\" data-is-only-node=\"\">arms can be extended using optional brackets<\/strong>.<\/p>\n<h3 data-start=\"702\" data-end=\"745\"><strong data-start=\"706\" data-end=\"743\">SABAJ TV-STAND-NM Swivel TV Stand<\/strong><\/h3>\n<ul>\n<li data-start=\"746\" data-end=\"1214\"><strong data-start=\"748\" data-end=\"767\">Swivel TV Stand<\/strong><\/li>\n<li data-start=\"746\" data-end=\"1214\"><strong data-start=\"772\" data-end=\"793\">Installation facile<\/strong><\/li>\n<li data-start=\"746\" data-end=\"1214\"><strong data-start=\"798\" data-end=\"826\">Maximum TV weight: 30 kg<\/strong><\/li>\n<li data-start=\"746\" data-end=\"1214\"><strong data-start=\"831\" data-end=\"863\">Screen size: Up to 46 inches<\/strong><\/li>\n<li data-start=\"746\" data-end=\"1214\"><strong data-start=\"868\" data-end=\"893\">Maximum VESA: 600&#215;400<\/strong><\/li>\n<li data-start=\"746\" data-end=\"1214\"><strong data-start=\"898\" data-end=\"923\">Minimum VESA: 100&#215;100<\/strong><\/li>\n<li data-start=\"746\" data-end=\"1214\"><strong data-start=\"928\" data-end=\"944\">Couleur : Noir<\/strong><\/li>\n<li data-start=\"746\" data-end=\"1214\"><strong data-start=\"949\" data-end=\"985\">Elegant design with a glass base<\/strong><\/li>\n<li data-start=\"746\" data-end=\"1214\"><strong data-start=\"990\" data-end=\"1022\">Swivel angle: 45\u00b0 left\/right<\/strong><\/li>\n<li data-start=\"746\" data-end=\"1214\"><strong data-start=\"1027\" data-end=\"1110\">Durable construction &#8211; made from beautifully designed and sturdy tempered glass<\/strong><\/li>\n<li data-start=\"746\" data-end=\"1214\"><strong data-start=\"1115\" data-end=\"1191\">Cable management &#8211; equipped with guides and clips for easy cable routing<\/strong><\/li>\n<li data-start=\"746\" data-end=\"1214\"><strong data-start=\"1196\" data-end=\"1212\">Weight: 8 kg<\/strong><\/li>\n<\/ul>\n<p>TV-STAND M NM EAN: 5902027609042<br \/>\nTV-STAND L NM EAN: 5902027609035<\/p>","protected":false},"featured_media":26607,"template":"","meta":{"_acf_changed":false},"product_brand":[],"product_cat":[800,838,822],"product_tag":[],"class_list":{"0":"post-26581","1":"product","2":"type-product","3":"status-publish","4":"has-post-thumbnail","6":"product_cat-all-products","7":"product_cat-our-products","8":"product_cat-tv-stands-motorised","10":"first","11":"instock","12":"shipping-taxable","13":"product-type-simple"},"acf":[],"yoast_head":"<!-- This site is optimized with the Yoast SEO plugin v27.1 - https:\/\/yoast.com\/product\/yoast-seo-wordpress\/ -->\n<title>Rotating Tv Stand - IN-STAND-NM | Best Price - Sabaj<\/title>\n<meta name=\"description\" content=\"Rotating TV stand with 360-degree manual screen rotation and premium metal construction for optimal viewing. - CHECK NOW - Sabaj System\" \/>\n<meta name=\"robots\" content=\"index, follow, max-snippet:-1, max-image-preview:large, max-video-preview:-1\" \/>\n<link rel=\"canonical\" href=\"https:\/\/rtv.sabaj.pl\/fr\/produit\/tv-stand-m-l-nm\/\" \/>\n<meta property=\"og:locale\" content=\"fr_FR\" \/>\n<meta property=\"og:type\" content=\"article\" \/>\n<meta property=\"og:title\" content=\"Rotating Tv Stand - IN-STAND-NM | Best Price - Sabaj\" \/>\n<meta property=\"og:description\" content=\"Rotating TV stand with 360-degree manual screen rotation and premium metal construction for optimal viewing. - CHECK NOW - Sabaj System\" \/>\n<meta property=\"og:url\" content=\"https:\/\/rtv.sabaj.pl\/fr\/produit\/tv-stand-m-l-nm\/\" \/>\n<meta property=\"og:site_name\" content=\"Sabaj\" \/>\n<meta property=\"article:publisher\" content=\"https:\/\/pl-pl.facebook.com\/sabajgroup\/\" \/>\n<meta property=\"article:modified_time\" content=\"2025-07-10T13:17:40+00:00\" \/>\n<meta property=\"og:image\" content=\"https:\/\/rtv.sabaj.pl\/wp-content\/uploads\/2025\/03\/image-z-logo.png\" \/>\n\t<meta property=\"og:image:width\" content=\"1600\" \/>\n\t<meta property=\"og:image:height\" content=\"1600\" \/>\n\t<meta property=\"og:image:type\" content=\"image\/png\" \/>\n<meta name=\"twitter:card\" content=\"summary_large_image\" \/>\n<meta name=\"twitter:label1\" content=\"Dur\u00e9e de lecture estim\u00e9e\" \/>\n\t<meta name=\"twitter:data1\" content=\"1 minute\" \/>\n<script type=\"application\/ld+json\" class=\"yoast-schema-graph\">{\"@context\":\"https:\/\/schema.org\",\"@graph\":[{\"@type\":\"WebPage\",\"@id\":\"https:\/\/rtv.sabaj.pl\/product\/tv-stand-m-l-nm\/\",\"url\":\"https:\/\/rtv.sabaj.pl\/product\/tv-stand-m-l-nm\/\",\"name\":\"Rotating Tv Stand - IN-STAND-NM | Best Price - Sabaj\",\"isPartOf\":{\"@id\":\"https:\/\/rtv.sabaj.pl\/#website\"},\"primaryImageOfPage\":{\"@id\":\"https:\/\/rtv.sabaj.pl\/product\/tv-stand-m-l-nm\/#primaryimage\"},\"image\":{\"@id\":\"https:\/\/rtv.sabaj.pl\/product\/tv-stand-m-l-nm\/#primaryimage\"},\"thumbnailUrl\":\"https:\/\/rtv.sabaj.pl\/wp-content\/uploads\/2025\/03\/image-z-logo.png\",\"datePublished\":\"2025-03-05T09:19:13+00:00\",\"dateModified\":\"2025-07-10T13:17:40+00:00\",\"description\":\"Rotating TV stand with 360-degree manual screen rotation and premium metal construction for optimal viewing. - CHECK NOW - Sabaj System\",\"breadcrumb\":{\"@id\":\"https:\/\/rtv.sabaj.pl\/product\/tv-stand-m-l-nm\/#breadcrumb\"},\"inLanguage\":\"fr-FR\",\"potentialAction\":[{\"@type\":\"ReadAction\",\"target\":[\"https:\/\/rtv.sabaj.pl\/product\/tv-stand-m-l-nm\/\"]}]},{\"@type\":\"ImageObject\",\"inLanguage\":\"fr-FR\",\"@id\":\"https:\/\/rtv.sabaj.pl\/product\/tv-stand-m-l-nm\/#primaryimage\",\"url\":\"https:\/\/rtv.sabaj.pl\/wp-content\/uploads\/2025\/03\/image-z-logo.png\",\"contentUrl\":\"https:\/\/rtv.sabaj.pl\/wp-content\/uploads\/2025\/03\/image-z-logo.png\",\"width\":1600,\"height\":1600,\"caption\":\"image z logo\"},{\"@type\":\"BreadcrumbList\",\"@id\":\"https:\/\/rtv.sabaj.pl\/product\/tv-stand-m-l-nm\/#breadcrumb\",\"itemListElement\":[{\"@type\":\"ListItem\",\"position\":1,\"name\":\"Katalog produkt\u00f3w\",\"item\":\"https:\/\/rtv.sabaj.pl\/shop-2\/\"},{\"@type\":\"ListItem\",\"position\":2,\"name\":\"TV-STAND M\/L NM &#8211; Glass TV Stand for up to 46 Inches \u00b1 45\u00b0\"}]},{\"@type\":\"WebSite\",\"@id\":\"https:\/\/rtv.sabaj.pl\/#website\",\"url\":\"https:\/\/rtv.sabaj.pl\/\",\"name\":\"TV Lifts Sabaj\",\"description\":\"TV lifts are a solution that allows motorized hiding of your television in furniture, the ceiling, or the wall. With TV lifts, you can free up your living room space from a large screen, contributing to a more aesthetic and functional interior. Automating the operation of your television with TV lifts enables you to enjoy a modern, organized home. Choose TV lifts to optimize the space in your home.\",\"publisher\":{\"@id\":\"https:\/\/rtv.sabaj.pl\/#organization\"},\"alternateName\":\"RTV Sabaj\",\"potentialAction\":[{\"@type\":\"SearchAction\",\"target\":{\"@type\":\"EntryPoint\",\"urlTemplate\":\"https:\/\/rtv.sabaj.pl\/?s={search_term_string}\"},\"query-input\":{\"@type\":\"PropertyValueSpecification\",\"valueRequired\":true,\"valueName\":\"search_term_string\"}}],\"inLanguage\":\"fr-FR\"},{\"@type\":\"Organization\",\"@id\":\"https:\/\/rtv.sabaj.pl\/#organization\",\"name\":\"Sabaj\",\"url\":\"https:\/\/rtv.sabaj.pl\/\",\"logo\":{\"@type\":\"ImageObject\",\"inLanguage\":\"fr-FR\",\"@id\":\"https:\/\/rtv.sabaj.pl\/#\/schema\/logo\/image\/\",\"url\":\"https:\/\/rtv.sabaj.pl\/wp-content\/uploads\/2018\/07\/sabaj.jpg\",\"contentUrl\":\"https:\/\/rtv.sabaj.pl\/wp-content\/uploads\/2018\/07\/sabaj.jpg\",\"width\":284,\"height\":106,\"caption\":\"Sabaj\"},\"image\":{\"@id\":\"https:\/\/rtv.sabaj.pl\/#\/schema\/logo\/image\/\"},\"sameAs\":[\"https:\/\/pl-pl.facebook.com\/sabajgroup\/\",\"https:\/\/pl.linkedin.com\/company\/sabaj-system\"]}]}<\/script>\n<!-- \/ Yoast SEO plugin. -->","yoast_head_json":{"title":"Rotating Tv Stand - IN-STAND-NM | Best Price - Sabaj","description":"Rotating TV stand with 360-degree manual screen rotation and premium metal construction for optimal viewing. - CHECK NOW - Sabaj System","robots":{"index":"index","follow":"follow","max-snippet":"max-snippet:-1","max-image-preview":"max-image-preview:large","max-video-preview":"max-video-preview:-1"},"canonical":"https:\/\/rtv.sabaj.pl\/fr\/produit\/tv-stand-m-l-nm\/","og_locale":"fr_FR","og_type":"article","og_title":"Rotating Tv Stand - IN-STAND-NM | Best Price - Sabaj","og_description":"Rotating TV stand with 360-degree manual screen rotation and premium metal construction for optimal viewing. - CHECK NOW - Sabaj System","og_url":"https:\/\/rtv.sabaj.pl\/fr\/produit\/tv-stand-m-l-nm\/","og_site_name":"Sabaj","article_publisher":"https:\/\/pl-pl.facebook.com\/sabajgroup\/","article_modified_time":"2025-07-10T13:17:40+00:00","og_image":[{"width":1600,"height":1600,"url":"https:\/\/rtv.sabaj.pl\/wp-content\/uploads\/2025\/03\/image-z-logo.png","type":"image\/png"}],"twitter_card":"summary_large_image","twitter_misc":{"Dur\u00e9e de lecture estim\u00e9e":"1 minute"},"schema":{"@context":"https:\/\/schema.org","@graph":[{"@type":"WebPage","@id":"https:\/\/rtv.sabaj.pl\/product\/tv-stand-m-l-nm\/","url":"https:\/\/rtv.sabaj.pl\/product\/tv-stand-m-l-nm\/","name":"Rotating Tv Stand - IN-STAND-NM | Best Price - Sabaj","isPartOf":{"@id":"https:\/\/rtv.sabaj.pl\/#website"},"primaryImageOfPage":{"@id":"https:\/\/rtv.sabaj.pl\/product\/tv-stand-m-l-nm\/#primaryimage"},"image":{"@id":"https:\/\/rtv.sabaj.pl\/product\/tv-stand-m-l-nm\/#primaryimage"},"thumbnailUrl":"https:\/\/rtv.sabaj.pl\/wp-content\/uploads\/2025\/03\/image-z-logo.png","datePublished":"2025-03-05T09:19:13+00:00","dateModified":"2025-07-10T13:17:40+00:00","description":"Rotating TV stand with 360-degree manual screen rotation and premium metal construction for optimal viewing. - CHECK NOW - Sabaj System","breadcrumb":{"@id":"https:\/\/rtv.sabaj.pl\/product\/tv-stand-m-l-nm\/#breadcrumb"},"inLanguage":"fr-FR","potentialAction":[{"@type":"ReadAction","target":["https:\/\/rtv.sabaj.pl\/product\/tv-stand-m-l-nm\/"]}]},{"@type":"ImageObject","inLanguage":"fr-FR","@id":"https:\/\/rtv.sabaj.pl\/product\/tv-stand-m-l-nm\/#primaryimage","url":"https:\/\/rtv.sabaj.pl\/wp-content\/uploads\/2025\/03\/image-z-logo.png","contentUrl":"https:\/\/rtv.sabaj.pl\/wp-content\/uploads\/2025\/03\/image-z-logo.png","width":1600,"height":1600,"caption":"image z logo"},{"@type":"BreadcrumbList","@id":"https:\/\/rtv.sabaj.pl\/product\/tv-stand-m-l-nm\/#breadcrumb","itemListElement":[{"@type":"ListItem","position":1,"name":"Katalog produkt\u00f3w","item":"https:\/\/rtv.sabaj.pl\/shop-2\/"},{"@type":"ListItem","position":2,"name":"TV-STAND M\/L NM &#8211; Glass TV Stand for up to 46 Inches \u00b1 45\u00b0"}]},{"@type":"WebSite","@id":"https:\/\/rtv.sabaj.pl\/#website","url":"https:\/\/rtv.sabaj.pl\/","name":"TV Lifts Sabaj","description":"TV lifts are a solution that allows motorized hiding of your television in furniture, the ceiling, or the wall. With TV lifts, you can free up your living room space from a large screen, contributing to a more aesthetic and functional interior. Automating the operation of your television with TV lifts enables you to enjoy a modern, organized home. Choose TV lifts to optimize the space in your home.","publisher":{"@id":"https:\/\/rtv.sabaj.pl\/#organization"},"alternateName":"RTV Sabaj","potentialAction":[{"@type":"SearchAction","target":{"@type":"EntryPoint","urlTemplate":"https:\/\/rtv.sabaj.pl\/?s={search_term_string}"},"query-input":{"@type":"PropertyValueSpecification","valueRequired":true,"valueName":"search_term_string"}}],"inLanguage":"fr-FR"},{"@type":"Organization","@id":"https:\/\/rtv.sabaj.pl\/#organization","name":"Sabaj","url":"https:\/\/rtv.sabaj.pl\/","logo":{"@type":"ImageObject","inLanguage":"fr-FR","@id":"https:\/\/rtv.sabaj.pl\/#\/schema\/logo\/image\/","url":"https:\/\/rtv.sabaj.pl\/wp-content\/uploads\/2018\/07\/sabaj.jpg","contentUrl":"https:\/\/rtv.sabaj.pl\/wp-content\/uploads\/2018\/07\/sabaj.jpg","width":284,"height":106,"caption":"Sabaj"},"image":{"@id":"https:\/\/rtv.sabaj.pl\/#\/schema\/logo\/image\/"},"sameAs":["https:\/\/pl-pl.facebook.com\/sabajgroup\/","https:\/\/pl.linkedin.com\/company\/sabaj-system"]}]}},"_links":{"self":[{"href":"https:\/\/rtv.sabaj.pl\/fr\/wp-json\/wp\/v2\/product\/26581","targetHints":{"allow":["GET"]}}],"collection":[{"href":"https:\/\/rtv.sabaj.pl\/fr\/wp-json\/wp\/v2\/product"}],"about":[{"href":"https:\/\/rtv.sabaj.pl\/fr\/wp-json\/wp\/v2\/types\/product"}],"version-history":[{"count":0,"href":"https:\/\/rtv.sabaj.pl\/fr\/wp-json\/wp\/v2\/product\/26581\/revisions"}],"wp:featuredmedia":[{"embeddable":true,"href":"https:\/\/rtv.sabaj.pl\/fr\/wp-json\/wp\/v2\/media\/26607"}],"wp:attachment":[{"href":"https:\/\/rtv.sabaj.pl\/fr\/wp-json\/wp\/v2\/media?parent=26581"}],"wp:term":[{"taxonomy":"product_brand","embeddable":true,"href":"https:\/\/rtv.sabaj.pl\/fr\/wp-json\/wp\/v2\/product_brand?post=26581"},{"taxonomy":"product_cat","embeddable":true,"href":"https:\/\/rtv.sabaj.pl\/fr\/wp-json\/wp\/v2\/product_cat?post=26581"},{"taxonomy":"product_tag","embeddable":true,"href":"https:\/\/rtv.sabaj.pl\/fr\/wp-json\/wp\/v2\/product_tag?post=26581"}],"curies":[{"name":"wp","href":"https:\/\/api.w.org\/{rel}","templated":true}]}}