{"id":3594,"date":"2021-07-14T13:58:01","date_gmt":"2021-07-14T11:58:01","guid":{"rendered":"https:\/\/rtv.sabaj.pl\/?post_type=product&#038;p=3594"},"modified":"2025-07-10T15:34:14","modified_gmt":"2025-07-10T13:34:14","slug":"2-way-operating-buttons-for-sabaj-tv-lifts","status":"publish","type":"product","link":"https:\/\/rtv.sabaj.pl\/fr\/produit\/2-way-operating-buttons-for-sabaj-tv-lifts\/","title":{"rendered":"Boutons de commande \u00e0 2 voies pour \u00e9l\u00e9vateurs TV Sabaj \u2013 K-BTN-2 WAY"},"content":{"rendered":"","protected":false},"excerpt":{"rendered":"<p>Peut \u00eatre utilis\u00e9 avec tous les \u00e9l\u00e9vateurs de t\u00e9l\u00e9vision SABAJ \u00e9quip\u00e9s d'une prise RJ-45 active.<\/p>\n<p>Product ID: K-BTN-2-WAY<\/p>","protected":false},"featured_media":8446,"template":"","meta":{"_acf_changed":false},"product_brand":[],"product_cat":[145,826,828,836,834,830,832],"product_tag":[],"class_list":{"0":"post-3594","1":"product","2":"type-product","3":"status-publish","4":"has-post-thumbnail","6":"product_cat-accessories","7":"product_cat-accessories-all-products","8":"product_cat-accessories-for-mobil-lift","9":"product_cat-accessories-for-monitor-lift","10":"product_cat-accessories-for-projector-lift","11":"product_cat-accessories-for-tv-lifts","12":"product_cat-accessories-for-wall-mounts","14":"first","15":"instock","16":"shipping-taxable","17":"product-type-simple"},"acf":[],"yoast_head":"<!-- This site is optimized with the Yoast SEO plugin v27.1 - https:\/\/yoast.com\/product\/yoast-seo-wordpress\/ -->\n<title>2 way operating buttons for Sabaj Tv Lifts - K-BTN-2 WAY - Sabaj<\/title>\n<meta name=\"description\" content=\"Can be used with all SABAJ TV lifts with an active RJ-45 socket.  Product ID: K-BTN-2-WAY - Best Quality TV Lifts - Intercontinental Delivery - Sabaj\" \/>\n<meta name=\"robots\" content=\"index, follow, max-snippet:-1, max-image-preview:large, max-video-preview:-1\" \/>\n<link rel=\"canonical\" href=\"https:\/\/rtv.sabaj.pl\/fr\/produit\/2-way-operating-buttons-for-sabaj-tv-lifts\/\" \/>\n<meta property=\"og:locale\" content=\"fr_FR\" \/>\n<meta property=\"og:type\" content=\"article\" \/>\n<meta property=\"og:title\" content=\"2 way operating buttons for Sabaj Tv Lifts - K-BTN-2 WAY - Sabaj\" \/>\n<meta property=\"og:description\" content=\"Can be used with all SABAJ TV lifts with an active RJ-45 socket.  Product ID: K-BTN-2-WAY - Best Quality TV Lifts - Intercontinental Delivery - Sabaj\" \/>\n<meta property=\"og:url\" content=\"https:\/\/rtv.sabaj.pl\/fr\/produit\/2-way-operating-buttons-for-sabaj-tv-lifts\/\" \/>\n<meta property=\"og:site_name\" content=\"Sabaj\" \/>\n<meta property=\"article:publisher\" content=\"https:\/\/pl-pl.facebook.com\/sabajgroup\/\" \/>\n<meta property=\"article:modified_time\" content=\"2025-07-10T13:34:14+00:00\" \/>\n<meta property=\"og:image\" content=\"https:\/\/rtv.sabaj.pl\/wp-content\/uploads\/2021\/07\/2-way-wire-buttons-tv-lift-sabaj-k-btn.png\" \/>\n\t<meta property=\"og:image:width\" content=\"800\" \/>\n\t<meta property=\"og:image:height\" content=\"533\" \/>\n\t<meta property=\"og:image:type\" content=\"image\/png\" \/>\n<meta name=\"twitter:card\" content=\"summary_large_image\" \/>\n<meta name=\"twitter:label1\" content=\"Dur\u00e9e de lecture estim\u00e9e\" \/>\n\t<meta name=\"twitter:data1\" content=\"1 minute\" \/>\n<script type=\"application\/ld+json\" class=\"yoast-schema-graph\">{\"@context\":\"https:\/\/schema.org\",\"@graph\":[{\"@type\":\"WebPage\",\"@id\":\"https:\/\/rtv.sabaj.pl\/product\/2-way-operating-buttons-for-sabaj-tv-lifts\/\",\"url\":\"https:\/\/rtv.sabaj.pl\/product\/2-way-operating-buttons-for-sabaj-tv-lifts\/\",\"name\":\"2 way operating buttons for Sabaj Tv Lifts - K-BTN-2 WAY - Sabaj\",\"isPartOf\":{\"@id\":\"https:\/\/rtv.sabaj.pl\/#website\"},\"primaryImageOfPage\":{\"@id\":\"https:\/\/rtv.sabaj.pl\/product\/2-way-operating-buttons-for-sabaj-tv-lifts\/#primaryimage\"},\"image\":{\"@id\":\"https:\/\/rtv.sabaj.pl\/product\/2-way-operating-buttons-for-sabaj-tv-lifts\/#primaryimage\"},\"thumbnailUrl\":\"https:\/\/rtv.sabaj.pl\/wp-content\/uploads\/2021\/07\/2-way-wire-buttons-tv-lift-sabaj-k-btn.png\",\"datePublished\":\"2021-07-14T11:58:01+00:00\",\"dateModified\":\"2025-07-10T13:34:14+00:00\",\"description\":\"Can be used with all SABAJ TV lifts with an active RJ-45 socket. Product ID: K-BTN-2-WAY - Best Quality TV Lifts - Intercontinental Delivery - Sabaj\",\"breadcrumb\":{\"@id\":\"https:\/\/rtv.sabaj.pl\/product\/2-way-operating-buttons-for-sabaj-tv-lifts\/#breadcrumb\"},\"inLanguage\":\"fr-FR\",\"potentialAction\":[{\"@type\":\"ReadAction\",\"target\":[\"https:\/\/rtv.sabaj.pl\/product\/2-way-operating-buttons-for-sabaj-tv-lifts\/\"]}]},{\"@type\":\"ImageObject\",\"inLanguage\":\"fr-FR\",\"@id\":\"https:\/\/rtv.sabaj.pl\/product\/2-way-operating-buttons-for-sabaj-tv-lifts\/#primaryimage\",\"url\":\"https:\/\/rtv.sabaj.pl\/wp-content\/uploads\/2021\/07\/2-way-wire-buttons-tv-lift-sabaj-k-btn.png\",\"contentUrl\":\"https:\/\/rtv.sabaj.pl\/wp-content\/uploads\/2021\/07\/2-way-wire-buttons-tv-lift-sabaj-k-btn.png\",\"width\":800,\"height\":533,\"caption\":\"2 way wire buttons tv lift sabaj k btn\"},{\"@type\":\"BreadcrumbList\",\"@id\":\"https:\/\/rtv.sabaj.pl\/product\/2-way-operating-buttons-for-sabaj-tv-lifts\/#breadcrumb\",\"itemListElement\":[{\"@type\":\"ListItem\",\"position\":1,\"name\":\"Katalog produkt\u00f3w\",\"item\":\"https:\/\/rtv.sabaj.pl\/shop-2\/\"},{\"@type\":\"ListItem\",\"position\":2,\"name\":\"2 way operating buttons for Sabaj Tv Lifts &#8211; K-BTN-2 WAY\"}]},{\"@type\":\"WebSite\",\"@id\":\"https:\/\/rtv.sabaj.pl\/#website\",\"url\":\"https:\/\/rtv.sabaj.pl\/\",\"name\":\"TV Lifts Sabaj\",\"description\":\"TV lifts are a solution that allows motorized hiding of your television in furniture, the ceiling, or the wall. With TV lifts, you can free up your living room space from a large screen, contributing to a more aesthetic and functional interior. Automating the operation of your television with TV lifts enables you to enjoy a modern, organized home. Choose TV lifts to optimize the space in your home.\",\"publisher\":{\"@id\":\"https:\/\/rtv.sabaj.pl\/#organization\"},\"alternateName\":\"RTV Sabaj\",\"potentialAction\":[{\"@type\":\"SearchAction\",\"target\":{\"@type\":\"EntryPoint\",\"urlTemplate\":\"https:\/\/rtv.sabaj.pl\/?s={search_term_string}\"},\"query-input\":{\"@type\":\"PropertyValueSpecification\",\"valueRequired\":true,\"valueName\":\"search_term_string\"}}],\"inLanguage\":\"fr-FR\"},{\"@type\":\"Organization\",\"@id\":\"https:\/\/rtv.sabaj.pl\/#organization\",\"name\":\"Sabaj\",\"url\":\"https:\/\/rtv.sabaj.pl\/\",\"logo\":{\"@type\":\"ImageObject\",\"inLanguage\":\"fr-FR\",\"@id\":\"https:\/\/rtv.sabaj.pl\/#\/schema\/logo\/image\/\",\"url\":\"https:\/\/rtv.sabaj.pl\/wp-content\/uploads\/2018\/07\/sabaj.jpg\",\"contentUrl\":\"https:\/\/rtv.sabaj.pl\/wp-content\/uploads\/2018\/07\/sabaj.jpg\",\"width\":284,\"height\":106,\"caption\":\"Sabaj\"},\"image\":{\"@id\":\"https:\/\/rtv.sabaj.pl\/#\/schema\/logo\/image\/\"},\"sameAs\":[\"https:\/\/pl-pl.facebook.com\/sabajgroup\/\",\"https:\/\/pl.linkedin.com\/company\/sabaj-system\"]}]}<\/script>\n<!-- \/ Yoast SEO plugin. -->","yoast_head_json":{"title":"2 way operating buttons for Sabaj Tv Lifts - K-BTN-2 WAY - Sabaj","description":"Can be used with all SABAJ TV lifts with an active RJ-45 socket.  Product ID: K-BTN-2-WAY - Best Quality TV Lifts - Intercontinental Delivery - Sabaj","robots":{"index":"index","follow":"follow","max-snippet":"max-snippet:-1","max-image-preview":"max-image-preview:large","max-video-preview":"max-video-preview:-1"},"canonical":"https:\/\/rtv.sabaj.pl\/fr\/produit\/2-way-operating-buttons-for-sabaj-tv-lifts\/","og_locale":"fr_FR","og_type":"article","og_title":"2 way operating buttons for Sabaj Tv Lifts - K-BTN-2 WAY - Sabaj","og_description":"Can be used with all SABAJ TV lifts with an active RJ-45 socket.  Product ID: K-BTN-2-WAY - Best Quality TV Lifts - Intercontinental Delivery - Sabaj","og_url":"https:\/\/rtv.sabaj.pl\/fr\/produit\/2-way-operating-buttons-for-sabaj-tv-lifts\/","og_site_name":"Sabaj","article_publisher":"https:\/\/pl-pl.facebook.com\/sabajgroup\/","article_modified_time":"2025-07-10T13:34:14+00:00","og_image":[{"width":800,"height":533,"url":"https:\/\/rtv.sabaj.pl\/wp-content\/uploads\/2021\/07\/2-way-wire-buttons-tv-lift-sabaj-k-btn.png","type":"image\/png"}],"twitter_card":"summary_large_image","twitter_misc":{"Dur\u00e9e de lecture estim\u00e9e":"1 minute"},"schema":{"@context":"https:\/\/schema.org","@graph":[{"@type":"WebPage","@id":"https:\/\/rtv.sabaj.pl\/product\/2-way-operating-buttons-for-sabaj-tv-lifts\/","url":"https:\/\/rtv.sabaj.pl\/product\/2-way-operating-buttons-for-sabaj-tv-lifts\/","name":"2 way operating buttons for Sabaj Tv Lifts - K-BTN-2 WAY - Sabaj","isPartOf":{"@id":"https:\/\/rtv.sabaj.pl\/#website"},"primaryImageOfPage":{"@id":"https:\/\/rtv.sabaj.pl\/product\/2-way-operating-buttons-for-sabaj-tv-lifts\/#primaryimage"},"image":{"@id":"https:\/\/rtv.sabaj.pl\/product\/2-way-operating-buttons-for-sabaj-tv-lifts\/#primaryimage"},"thumbnailUrl":"https:\/\/rtv.sabaj.pl\/wp-content\/uploads\/2021\/07\/2-way-wire-buttons-tv-lift-sabaj-k-btn.png","datePublished":"2021-07-14T11:58:01+00:00","dateModified":"2025-07-10T13:34:14+00:00","description":"Can be used with all SABAJ TV lifts with an active RJ-45 socket. Product ID: K-BTN-2-WAY - Best Quality TV Lifts - Intercontinental Delivery - Sabaj","breadcrumb":{"@id":"https:\/\/rtv.sabaj.pl\/product\/2-way-operating-buttons-for-sabaj-tv-lifts\/#breadcrumb"},"inLanguage":"fr-FR","potentialAction":[{"@type":"ReadAction","target":["https:\/\/rtv.sabaj.pl\/product\/2-way-operating-buttons-for-sabaj-tv-lifts\/"]}]},{"@type":"ImageObject","inLanguage":"fr-FR","@id":"https:\/\/rtv.sabaj.pl\/product\/2-way-operating-buttons-for-sabaj-tv-lifts\/#primaryimage","url":"https:\/\/rtv.sabaj.pl\/wp-content\/uploads\/2021\/07\/2-way-wire-buttons-tv-lift-sabaj-k-btn.png","contentUrl":"https:\/\/rtv.sabaj.pl\/wp-content\/uploads\/2021\/07\/2-way-wire-buttons-tv-lift-sabaj-k-btn.png","width":800,"height":533,"caption":"2 way wire buttons tv lift sabaj k btn"},{"@type":"BreadcrumbList","@id":"https:\/\/rtv.sabaj.pl\/product\/2-way-operating-buttons-for-sabaj-tv-lifts\/#breadcrumb","itemListElement":[{"@type":"ListItem","position":1,"name":"Katalog produkt\u00f3w","item":"https:\/\/rtv.sabaj.pl\/shop-2\/"},{"@type":"ListItem","position":2,"name":"2 way operating buttons for Sabaj Tv Lifts &#8211; K-BTN-2 WAY"}]},{"@type":"WebSite","@id":"https:\/\/rtv.sabaj.pl\/#website","url":"https:\/\/rtv.sabaj.pl\/","name":"TV Lifts Sabaj","description":"TV lifts are a solution that allows motorized hiding of your television in furniture, the ceiling, or the wall. With TV lifts, you can free up your living room space from a large screen, contributing to a more aesthetic and functional interior. Automating the operation of your television with TV lifts enables you to enjoy a modern, organized home. Choose TV lifts to optimize the space in your home.","publisher":{"@id":"https:\/\/rtv.sabaj.pl\/#organization"},"alternateName":"RTV Sabaj","potentialAction":[{"@type":"SearchAction","target":{"@type":"EntryPoint","urlTemplate":"https:\/\/rtv.sabaj.pl\/?s={search_term_string}"},"query-input":{"@type":"PropertyValueSpecification","valueRequired":true,"valueName":"search_term_string"}}],"inLanguage":"fr-FR"},{"@type":"Organization","@id":"https:\/\/rtv.sabaj.pl\/#organization","name":"Sabaj","url":"https:\/\/rtv.sabaj.pl\/","logo":{"@type":"ImageObject","inLanguage":"fr-FR","@id":"https:\/\/rtv.sabaj.pl\/#\/schema\/logo\/image\/","url":"https:\/\/rtv.sabaj.pl\/wp-content\/uploads\/2018\/07\/sabaj.jpg","contentUrl":"https:\/\/rtv.sabaj.pl\/wp-content\/uploads\/2018\/07\/sabaj.jpg","width":284,"height":106,"caption":"Sabaj"},"image":{"@id":"https:\/\/rtv.sabaj.pl\/#\/schema\/logo\/image\/"},"sameAs":["https:\/\/pl-pl.facebook.com\/sabajgroup\/","https:\/\/pl.linkedin.com\/company\/sabaj-system"]}]}},"_links":{"self":[{"href":"https:\/\/rtv.sabaj.pl\/fr\/wp-json\/wp\/v2\/product\/3594","targetHints":{"allow":["GET"]}}],"collection":[{"href":"https:\/\/rtv.sabaj.pl\/fr\/wp-json\/wp\/v2\/product"}],"about":[{"href":"https:\/\/rtv.sabaj.pl\/fr\/wp-json\/wp\/v2\/types\/product"}],"version-history":[{"count":0,"href":"https:\/\/rtv.sabaj.pl\/fr\/wp-json\/wp\/v2\/product\/3594\/revisions"}],"wp:featuredmedia":[{"embeddable":true,"href":"https:\/\/rtv.sabaj.pl\/fr\/wp-json\/wp\/v2\/media\/8446"}],"wp:attachment":[{"href":"https:\/\/rtv.sabaj.pl\/fr\/wp-json\/wp\/v2\/media?parent=3594"}],"wp:term":[{"taxonomy":"product_brand","embeddable":true,"href":"https:\/\/rtv.sabaj.pl\/fr\/wp-json\/wp\/v2\/product_brand?post=3594"},{"taxonomy":"product_cat","embeddable":true,"href":"https:\/\/rtv.sabaj.pl\/fr\/wp-json\/wp\/v2\/product_cat?post=3594"},{"taxonomy":"product_tag","embeddable":true,"href":"https:\/\/rtv.sabaj.pl\/fr\/wp-json\/wp\/v2\/product_tag?post=3594"}],"curies":[{"name":"wp","href":"https:\/\/api.w.org\/{rel}","templated":true}]}}