{"id":9413,"date":"2023-06-07T15:50:39","date_gmt":"2023-06-07T13:50:39","guid":{"rendered":"https:\/\/rtv.sabaj.pl\/?post_type=product&#038;p=9413"},"modified":"2025-07-10T16:13:10","modified_gmt":"2025-07-10T14:13:10","slug":"autolid-for-k-series-accessory","status":"publish","type":"product","link":"https:\/\/rtv.sabaj.pl\/fr\/produit\/autolid-for-k-series-accessory\/","title":{"rendered":"Autolid pour accessoires de la s\u00e9rie K"},"content":{"rendered":"<div data-elementor-type=\"wp-post\" data-elementor-id=\"9413\" class=\"elementor elementor-9413\" data-elementor-post-type=\"product\">\n\t\t\t\t\t\t<section data-particle_enable=\"false\" data-particle-mobile-disabled=\"false\" class=\"elementor-section elementor-top-section elementor-element elementor-element-718208f elementor-section-full_width elementor-section-height-default elementor-section-height-default\" data-id=\"718208f\" data-element_type=\"section\">\n\t\t\t\t\t\t<div class=\"elementor-container elementor-column-gap-no\">\n\t\t\t\t\t<div class=\"elementor-column elementor-col-100 elementor-top-column elementor-element elementor-element-c9a5438\" data-id=\"c9a5438\" data-element_type=\"column\" data-settings=\"{&quot;background_background&quot;:&quot;classic&quot;}\">\n\t\t\t<div class=\"elementor-widget-wrap elementor-element-populated\">\n\t\t\t\t\t\t<div class=\"elementor-element elementor-element-65dfb5b elementor-widget elementor-widget-heading\" data-id=\"65dfb5b\" data-element_type=\"widget\" data-widget_type=\"heading.default\">\n\t\t\t\t<div class=\"elementor-widget-container\">\n\t\t\t<h2 class=\"elementor-heading-title elementor-size-default elementor-heading-title elementor-align-after-center\">Fichiers \u00e0 t\u00e9l\u00e9charger<\/h2>\t\t<\/div>\n\t\t\t\t<\/div>\n\t\t\t\t<section data-particle_enable=\"false\" data-particle-mobile-disabled=\"false\" class=\"elementor-section elementor-inner-section elementor-element elementor-element-cdb01ac elementor-section-full_width elementor-section-height-default elementor-section-height-default\" data-id=\"cdb01ac\" data-element_type=\"section\" data-settings=\"{&quot;background_background&quot;:&quot;classic&quot;}\">\n\t\t\t\t\t\t<div class=\"elementor-container elementor-column-gap-no\">\n\t\t\t\t\t<div class=\"elementor-column elementor-col-50 elementor-inner-column elementor-element elementor-element-398f3f2\" data-id=\"398f3f2\" data-element_type=\"column\">\n\t\t\t<div class=\"elementor-widget-wrap elementor-element-populated\">\n\t\t\t\t\t\t<div class=\"elementor-element elementor-element-8f1cfaf elementor-widget elementor-widget-text-editor\" data-id=\"8f1cfaf\" data-element_type=\"widget\" data-widget_type=\"text-editor.default\">\n\t\t\t\t<div class=\"elementor-widget-container\">\n\t\t\t\t\t\t\t<p><a href=\"https:\/\/rtv.sabaj.pl\/wp-content\/uploads\/2023\/12\/Autolid_manual-eng-1.pdf\"><b>Autolid- manual.pdf<\/b><\/a><\/p>\t\t\t\t\t\t<\/div>\n\t\t\t\t<\/div>\n\t\t\t\t\t<\/div>\n\t\t<\/div>\n\t\t\t\t<div class=\"elementor-column elementor-col-50 elementor-inner-column elementor-element elementor-element-1b910f5\" data-id=\"1b910f5\" data-element_type=\"column\">\n\t\t\t<div class=\"elementor-widget-wrap elementor-element-populated\">\n\t\t\t\t\t\t<div class=\"elementor-element elementor-element-690091f elementor-view-default elementor-widget elementor-widget-icon\" data-id=\"690091f\" data-element_type=\"widget\" data-widget_type=\"icon.default\">\n\t\t\t\t<div class=\"elementor-widget-container\">\n\t\t\t\t\t<div class=\"elementor-icon-wrapper\">\n\t\t\t<a class=\"elementor-icon\" href=\"https:\/\/rtv.sabaj.pl\/wp-content\/uploads\/2023\/12\/Autolid_manual-eng-1.pdf\">\n\t\t\t<i aria-hidden=\"true\" class=\"fas fa-download\"><\/i>\t\t\t<\/a>\n\t\t<\/div>\n\t\t\t\t<\/div>\n\t\t\t\t<\/div>\n\t\t\t\t\t<\/div>\n\t\t<\/div>\n\t\t\t\t\t<\/div>\n\t\t<\/section>\n\t\t\t\t\t<\/div>\n\t\t<\/div>\n\t\t\t\t\t<\/div>\n\t\t<\/section>\n\t\t\t\t<\/div>","protected":false},"excerpt":{"rendered":"<p>Autolid\u00a0 is and auxiliary\u00a0 accessory to use with all K-Series lifts.<\/p>\n<p>It is mounted to the column\u00a0 easily\u00a0 with a metal band already delivered with K lift .<\/p>\n<p>This attachment allows the customer to hide the cover when TV is up , instead of mounting cover on the top or have it hinged behind.<\/p>\n<p>Set contains of Autolid Mechanism and control box supporting Autolid , having all the K-Premium series\u00a0 features .<\/p>\n<p>Control box can carry extra power for the cover motor and\u00a0 will not allow upward movement until cover is driven down ( hidden)<\/p>\n<p>The old control box needs to be replaced and can be returned to Sabaj .<\/p>\n<p>Max cover weight :\u00a0 6 kg<\/p>\n<p>For more info , contact <a class=\"moz-txt-link-abbreviated\" href=\"mailto:sales@sabaj.pl\">sales@sabaj.pl<\/a><\/p>","protected":false},"featured_media":24876,"template":"","meta":{"_acf_changed":false},"product_brand":[],"product_cat":[145,826,830],"product_tag":[],"class_list":{"0":"post-9413","1":"product","2":"type-product","3":"status-publish","4":"has-post-thumbnail","6":"product_cat-accessories","7":"product_cat-accessories-all-products","8":"product_cat-accessories-for-tv-lifts","10":"first","11":"instock","12":"shipping-taxable","13":"product-type-simple"},"acf":[],"yoast_head":"<!-- This site is optimized with the Yoast SEO plugin v27.1 - https:\/\/yoast.com\/product\/yoast-seo-wordpress\/ -->\n<title>Autolid for K-Series accessory - Sabaj<\/title>\n<meta name=\"description\" content=\"Autolid\u00a0 is and auxiliary\u00a0 accessory to use with all K-Series lifts.  It is mounted to the column\u00a0 easily\u00a0 with a metal band already delivered with K lift .  This attachment allows the customer to hide the cover when TV is up , instead of mounting cover on the top or have it hinged behind.  Set contains of Autolid Mechanism and control box supporting Autolid , having all the K-Premium series\u00a0 features .  Control box can carry extra power for the cover motor and\u00a0 will not allow upward movement until cover is driven down ( hidden)  The old control box needs to be replaced and can be returned to Sabaj .  Max cover weight :\u00a0 6 kg  For more info , contact sales@sabaj.pl - Best Quality TV Lifts - Intercontinental Delivery - Sabaj\" \/>\n<meta name=\"robots\" content=\"index, follow, max-snippet:-1, max-image-preview:large, max-video-preview:-1\" \/>\n<link rel=\"canonical\" href=\"https:\/\/rtv.sabaj.pl\/fr\/produit\/autolid-for-k-series-accessory\/\" \/>\n<meta property=\"og:locale\" content=\"fr_FR\" \/>\n<meta property=\"og:type\" content=\"article\" \/>\n<meta property=\"og:title\" content=\"Autolid for K-Series accessory - Sabaj\" \/>\n<meta property=\"og:description\" content=\"Autolid\u00a0 is and auxiliary\u00a0 accessory to use with all K-Series lifts.  It is mounted to the column\u00a0 easily\u00a0 with a metal band already delivered with K lift .  This attachment allows the customer to hide the cover when TV is up , instead of mounting cover on the top or have it hinged behind.  Set contains of Autolid Mechanism and control box supporting Autolid , having all the K-Premium series\u00a0 features .  Control box can carry extra power for the cover motor and\u00a0 will not allow upward movement until cover is driven down ( hidden)  The old control box needs to be replaced and can be returned to Sabaj .  Max cover weight :\u00a0 6 kg  For more info , contact sales@sabaj.pl - Best Quality TV Lifts - Intercontinental Delivery - Sabaj\" \/>\n<meta property=\"og:url\" content=\"https:\/\/rtv.sabaj.pl\/fr\/produit\/autolid-for-k-series-accessory\/\" \/>\n<meta property=\"og:site_name\" content=\"Sabaj\" \/>\n<meta property=\"article:publisher\" content=\"https:\/\/pl-pl.facebook.com\/sabajgroup\/\" \/>\n<meta property=\"article:modified_time\" content=\"2025-07-10T14:13:10+00:00\" \/>\n<meta property=\"og:image\" content=\"https:\/\/rtv.sabaj.pl\/wp-content\/uploads\/2023\/06\/Sabaj-Produkty-Akcesoria-69-1-1.jpg\" \/>\n\t<meta property=\"og:image:width\" content=\"1200\" \/>\n\t<meta property=\"og:image:height\" content=\"1100\" \/>\n\t<meta property=\"og:image:type\" content=\"image\/jpeg\" \/>\n<meta name=\"twitter:card\" content=\"summary_large_image\" \/>\n<meta name=\"twitter:label1\" content=\"Dur\u00e9e de lecture estim\u00e9e\" \/>\n\t<meta name=\"twitter:data1\" content=\"1 minute\" \/>\n<script type=\"application\/ld+json\" class=\"yoast-schema-graph\">{\"@context\":\"https:\/\/schema.org\",\"@graph\":[{\"@type\":\"WebPage\",\"@id\":\"https:\/\/rtv.sabaj.pl\/product\/autolid-for-k-series-accessory\/\",\"url\":\"https:\/\/rtv.sabaj.pl\/product\/autolid-for-k-series-accessory\/\",\"name\":\"Autolid for K-Series accessory - Sabaj\",\"isPartOf\":{\"@id\":\"https:\/\/rtv.sabaj.pl\/#website\"},\"primaryImageOfPage\":{\"@id\":\"https:\/\/rtv.sabaj.pl\/product\/autolid-for-k-series-accessory\/#primaryimage\"},\"image\":{\"@id\":\"https:\/\/rtv.sabaj.pl\/product\/autolid-for-k-series-accessory\/#primaryimage\"},\"thumbnailUrl\":\"https:\/\/rtv.sabaj.pl\/wp-content\/uploads\/2023\/06\/Sabaj-Produkty-Akcesoria-69-1-1.jpg\",\"datePublished\":\"2023-06-07T13:50:39+00:00\",\"dateModified\":\"2025-07-10T14:13:10+00:00\",\"description\":\"Autolid\u00a0 is and auxiliary\u00a0 accessory to use with all K-Series lifts. It is mounted to the column\u00a0 easily\u00a0 with a metal band already delivered with K lift . This attachment allows the customer to hide the cover when TV is up , instead of mounting cover on the top or have it hinged behind. Set contains of Autolid Mechanism and control box supporting Autolid , having all the K-Premium series\u00a0 features . Control box can carry extra power for the cover motor and\u00a0 will not allow upward movement until cover is driven down ( hidden) The old control box needs to be replaced and can be returned to Sabaj . Max cover weight :\u00a0 6 kg For more info , contact sales@sabaj.pl - Best Quality TV Lifts - Intercontinental Delivery - Sabaj\",\"breadcrumb\":{\"@id\":\"https:\/\/rtv.sabaj.pl\/product\/autolid-for-k-series-accessory\/#breadcrumb\"},\"inLanguage\":\"fr-FR\",\"potentialAction\":[{\"@type\":\"ReadAction\",\"target\":[\"https:\/\/rtv.sabaj.pl\/product\/autolid-for-k-series-accessory\/\"]}]},{\"@type\":\"ImageObject\",\"inLanguage\":\"fr-FR\",\"@id\":\"https:\/\/rtv.sabaj.pl\/product\/autolid-for-k-series-accessory\/#primaryimage\",\"url\":\"https:\/\/rtv.sabaj.pl\/wp-content\/uploads\/2023\/06\/Sabaj-Produkty-Akcesoria-69-1-1.jpg\",\"contentUrl\":\"https:\/\/rtv.sabaj.pl\/wp-content\/uploads\/2023\/06\/Sabaj-Produkty-Akcesoria-69-1-1.jpg\",\"width\":1200,\"height\":1100,\"caption\":\"Sabaj Produkty Akcesoria 69 (1)\"},{\"@type\":\"BreadcrumbList\",\"@id\":\"https:\/\/rtv.sabaj.pl\/product\/autolid-for-k-series-accessory\/#breadcrumb\",\"itemListElement\":[{\"@type\":\"ListItem\",\"position\":1,\"name\":\"Katalog produkt\u00f3w\",\"item\":\"https:\/\/rtv.sabaj.pl\/shop-2\/\"},{\"@type\":\"ListItem\",\"position\":2,\"name\":\"Autolid for K-Series accessory\"}]},{\"@type\":\"WebSite\",\"@id\":\"https:\/\/rtv.sabaj.pl\/#website\",\"url\":\"https:\/\/rtv.sabaj.pl\/\",\"name\":\"TV Lifts Sabaj\",\"description\":\"TV lifts are a solution that allows motorized hiding of your television in furniture, the ceiling, or the wall. With TV lifts, you can free up your living room space from a large screen, contributing to a more aesthetic and functional interior. Automating the operation of your television with TV lifts enables you to enjoy a modern, organized home. Choose TV lifts to optimize the space in your home.\",\"publisher\":{\"@id\":\"https:\/\/rtv.sabaj.pl\/#organization\"},\"alternateName\":\"RTV Sabaj\",\"potentialAction\":[{\"@type\":\"SearchAction\",\"target\":{\"@type\":\"EntryPoint\",\"urlTemplate\":\"https:\/\/rtv.sabaj.pl\/?s={search_term_string}\"},\"query-input\":{\"@type\":\"PropertyValueSpecification\",\"valueRequired\":true,\"valueName\":\"search_term_string\"}}],\"inLanguage\":\"fr-FR\"},{\"@type\":\"Organization\",\"@id\":\"https:\/\/rtv.sabaj.pl\/#organization\",\"name\":\"Sabaj\",\"url\":\"https:\/\/rtv.sabaj.pl\/\",\"logo\":{\"@type\":\"ImageObject\",\"inLanguage\":\"fr-FR\",\"@id\":\"https:\/\/rtv.sabaj.pl\/#\/schema\/logo\/image\/\",\"url\":\"https:\/\/rtv.sabaj.pl\/wp-content\/uploads\/2018\/07\/sabaj.jpg\",\"contentUrl\":\"https:\/\/rtv.sabaj.pl\/wp-content\/uploads\/2018\/07\/sabaj.jpg\",\"width\":284,\"height\":106,\"caption\":\"Sabaj\"},\"image\":{\"@id\":\"https:\/\/rtv.sabaj.pl\/#\/schema\/logo\/image\/\"},\"sameAs\":[\"https:\/\/pl-pl.facebook.com\/sabajgroup\/\",\"https:\/\/pl.linkedin.com\/company\/sabaj-system\"]}]}<\/script>\n<!-- \/ Yoast SEO plugin. -->","yoast_head_json":{"title":"Autolid for K-Series accessory - Sabaj","description":"Autolid\u00a0 is and auxiliary\u00a0 accessory to use with all K-Series lifts.  It is mounted to the column\u00a0 easily\u00a0 with a metal band already delivered with K lift .  This attachment allows the customer to hide the cover when TV is up , instead of mounting cover on the top or have it hinged behind.  Set contains of Autolid Mechanism and control box supporting Autolid , having all the K-Premium series\u00a0 features .  Control box can carry extra power for the cover motor and\u00a0 will not allow upward movement until cover is driven down ( hidden)  The old control box needs to be replaced and can be returned to Sabaj .  Max cover weight :\u00a0 6 kg  For more info , contact sales@sabaj.pl - Best Quality TV Lifts - Intercontinental Delivery - Sabaj","robots":{"index":"index","follow":"follow","max-snippet":"max-snippet:-1","max-image-preview":"max-image-preview:large","max-video-preview":"max-video-preview:-1"},"canonical":"https:\/\/rtv.sabaj.pl\/fr\/produit\/autolid-for-k-series-accessory\/","og_locale":"fr_FR","og_type":"article","og_title":"Autolid for K-Series accessory - Sabaj","og_description":"Autolid\u00a0 is and auxiliary\u00a0 accessory to use with all K-Series lifts.  It is mounted to the column\u00a0 easily\u00a0 with a metal band already delivered with K lift .  This attachment allows the customer to hide the cover when TV is up , instead of mounting cover on the top or have it hinged behind.  Set contains of Autolid Mechanism and control box supporting Autolid , having all the K-Premium series\u00a0 features .  Control box can carry extra power for the cover motor and\u00a0 will not allow upward movement until cover is driven down ( hidden)  The old control box needs to be replaced and can be returned to Sabaj .  Max cover weight :\u00a0 6 kg  For more info , contact sales@sabaj.pl - Best Quality TV Lifts - Intercontinental Delivery - Sabaj","og_url":"https:\/\/rtv.sabaj.pl\/fr\/produit\/autolid-for-k-series-accessory\/","og_site_name":"Sabaj","article_publisher":"https:\/\/pl-pl.facebook.com\/sabajgroup\/","article_modified_time":"2025-07-10T14:13:10+00:00","og_image":[{"width":1200,"height":1100,"url":"https:\/\/rtv.sabaj.pl\/wp-content\/uploads\/2023\/06\/Sabaj-Produkty-Akcesoria-69-1-1.jpg","type":"image\/jpeg"}],"twitter_card":"summary_large_image","twitter_misc":{"Dur\u00e9e de lecture estim\u00e9e":"1 minute"},"schema":{"@context":"https:\/\/schema.org","@graph":[{"@type":"WebPage","@id":"https:\/\/rtv.sabaj.pl\/product\/autolid-for-k-series-accessory\/","url":"https:\/\/rtv.sabaj.pl\/product\/autolid-for-k-series-accessory\/","name":"Autolid for K-Series accessory - Sabaj","isPartOf":{"@id":"https:\/\/rtv.sabaj.pl\/#website"},"primaryImageOfPage":{"@id":"https:\/\/rtv.sabaj.pl\/product\/autolid-for-k-series-accessory\/#primaryimage"},"image":{"@id":"https:\/\/rtv.sabaj.pl\/product\/autolid-for-k-series-accessory\/#primaryimage"},"thumbnailUrl":"https:\/\/rtv.sabaj.pl\/wp-content\/uploads\/2023\/06\/Sabaj-Produkty-Akcesoria-69-1-1.jpg","datePublished":"2023-06-07T13:50:39+00:00","dateModified":"2025-07-10T14:13:10+00:00","description":"Autolid\u00a0 is and auxiliary\u00a0 accessory to use with all K-Series lifts. It is mounted to the column\u00a0 easily\u00a0 with a metal band already delivered with K lift . This attachment allows the customer to hide the cover when TV is up , instead of mounting cover on the top or have it hinged behind. Set contains of Autolid Mechanism and control box supporting Autolid , having all the K-Premium series\u00a0 features . Control box can carry extra power for the cover motor and\u00a0 will not allow upward movement until cover is driven down ( hidden) The old control box needs to be replaced and can be returned to Sabaj . Max cover weight :\u00a0 6 kg For more info , contact sales@sabaj.pl - Best Quality TV Lifts - Intercontinental Delivery - Sabaj","breadcrumb":{"@id":"https:\/\/rtv.sabaj.pl\/product\/autolid-for-k-series-accessory\/#breadcrumb"},"inLanguage":"fr-FR","potentialAction":[{"@type":"ReadAction","target":["https:\/\/rtv.sabaj.pl\/product\/autolid-for-k-series-accessory\/"]}]},{"@type":"ImageObject","inLanguage":"fr-FR","@id":"https:\/\/rtv.sabaj.pl\/product\/autolid-for-k-series-accessory\/#primaryimage","url":"https:\/\/rtv.sabaj.pl\/wp-content\/uploads\/2023\/06\/Sabaj-Produkty-Akcesoria-69-1-1.jpg","contentUrl":"https:\/\/rtv.sabaj.pl\/wp-content\/uploads\/2023\/06\/Sabaj-Produkty-Akcesoria-69-1-1.jpg","width":1200,"height":1100,"caption":"Sabaj Produkty Akcesoria 69 (1)"},{"@type":"BreadcrumbList","@id":"https:\/\/rtv.sabaj.pl\/product\/autolid-for-k-series-accessory\/#breadcrumb","itemListElement":[{"@type":"ListItem","position":1,"name":"Katalog produkt\u00f3w","item":"https:\/\/rtv.sabaj.pl\/shop-2\/"},{"@type":"ListItem","position":2,"name":"Autolid for K-Series accessory"}]},{"@type":"WebSite","@id":"https:\/\/rtv.sabaj.pl\/#website","url":"https:\/\/rtv.sabaj.pl\/","name":"TV Lifts Sabaj","description":"TV lifts are a solution that allows motorized hiding of your television in furniture, the ceiling, or the wall. With TV lifts, you can free up your living room space from a large screen, contributing to a more aesthetic and functional interior. Automating the operation of your television with TV lifts enables you to enjoy a modern, organized home. Choose TV lifts to optimize the space in your home.","publisher":{"@id":"https:\/\/rtv.sabaj.pl\/#organization"},"alternateName":"RTV Sabaj","potentialAction":[{"@type":"SearchAction","target":{"@type":"EntryPoint","urlTemplate":"https:\/\/rtv.sabaj.pl\/?s={search_term_string}"},"query-input":{"@type":"PropertyValueSpecification","valueRequired":true,"valueName":"search_term_string"}}],"inLanguage":"fr-FR"},{"@type":"Organization","@id":"https:\/\/rtv.sabaj.pl\/#organization","name":"Sabaj","url":"https:\/\/rtv.sabaj.pl\/","logo":{"@type":"ImageObject","inLanguage":"fr-FR","@id":"https:\/\/rtv.sabaj.pl\/#\/schema\/logo\/image\/","url":"https:\/\/rtv.sabaj.pl\/wp-content\/uploads\/2018\/07\/sabaj.jpg","contentUrl":"https:\/\/rtv.sabaj.pl\/wp-content\/uploads\/2018\/07\/sabaj.jpg","width":284,"height":106,"caption":"Sabaj"},"image":{"@id":"https:\/\/rtv.sabaj.pl\/#\/schema\/logo\/image\/"},"sameAs":["https:\/\/pl-pl.facebook.com\/sabajgroup\/","https:\/\/pl.linkedin.com\/company\/sabaj-system"]}]}},"_links":{"self":[{"href":"https:\/\/rtv.sabaj.pl\/fr\/wp-json\/wp\/v2\/product\/9413","targetHints":{"allow":["GET"]}}],"collection":[{"href":"https:\/\/rtv.sabaj.pl\/fr\/wp-json\/wp\/v2\/product"}],"about":[{"href":"https:\/\/rtv.sabaj.pl\/fr\/wp-json\/wp\/v2\/types\/product"}],"version-history":[{"count":0,"href":"https:\/\/rtv.sabaj.pl\/fr\/wp-json\/wp\/v2\/product\/9413\/revisions"}],"wp:featuredmedia":[{"embeddable":true,"href":"https:\/\/rtv.sabaj.pl\/fr\/wp-json\/wp\/v2\/media\/24876"}],"wp:attachment":[{"href":"https:\/\/rtv.sabaj.pl\/fr\/wp-json\/wp\/v2\/media?parent=9413"}],"wp:term":[{"taxonomy":"product_brand","embeddable":true,"href":"https:\/\/rtv.sabaj.pl\/fr\/wp-json\/wp\/v2\/product_brand?post=9413"},{"taxonomy":"product_cat","embeddable":true,"href":"https:\/\/rtv.sabaj.pl\/fr\/wp-json\/wp\/v2\/product_cat?post=9413"},{"taxonomy":"product_tag","embeddable":true,"href":"https:\/\/rtv.sabaj.pl\/fr\/wp-json\/wp\/v2\/product_tag?post=9413"}],"curies":[{"name":"wp","href":"https:\/\/api.w.org\/{rel}","templated":true}]}}