{"id":10034,"date":"2023-12-12T12:11:10","date_gmt":"2023-12-12T11:11:10","guid":{"rendered":"https:\/\/rtv.sabaj.pl\/?post_type=product&#038;p=10034"},"modified":"2025-07-10T16:11:24","modified_gmt":"2025-07-10T14:11:24","slug":"k-trigger-cable-for-simultaneous-start-via-active-rj-45","status":"publish","type":"product","link":"https:\/\/rtv.sabaj.pl\/pl\/produkt\/k-trigger-cable-for-simultaneous-start-via-active-rj-45\/","title":{"rendered":"Kabel K-Trigger do jednoczesnego uruchamiania za pomoc\u0105 aktywnego RJ-45 (tylko do podno\u015bnik\u00f3w monitor\u00f3w)"},"content":{"rendered":"<div data-elementor-type=\"product-post\" data-elementor-id=\"10034\" class=\"elementor elementor-10034\" data-elementor-post-type=\"product\">\n\t\t\t\t\t\t<section data-particle_enable=\"false\" data-particle-mobile-disabled=\"false\" class=\"elementor-section elementor-top-section elementor-element elementor-element-744051e elementor-section-boxed elementor-section-height-default elementor-section-height-default\" data-id=\"744051e\" data-element_type=\"section\" data-settings=\"{&quot;background_background&quot;:&quot;classic&quot;}\">\n\t\t\t\t\t\t<div class=\"elementor-container elementor-column-gap-default\">\n\t\t\t\t\t<div class=\"elementor-column elementor-col-100 elementor-top-column elementor-element elementor-element-36ab925\" data-id=\"36ab925\" data-element_type=\"column\">\n\t\t\t<div class=\"elementor-widget-wrap elementor-element-populated\">\n\t\t\t\t\t\t<div class=\"elementor-element elementor-element-aa7f72d elementor-widget elementor-widget-image\" data-id=\"aa7f72d\" data-element_type=\"widget\" data-widget_type=\"image.default\">\n\t\t\t\t<div class=\"elementor-widget-container\">\n\t\t\t\t\t\t\t\t\t\t\t\t\t<img loading=\"lazy\" decoding=\"async\" width=\"940\" height=\"627\" src=\"https:\/\/rtv.sabaj.pl\/wp-content\/uploads\/2023\/12\/Sabaj-Produkty-Akcesoria-27-1024x683.jpg\" class=\"attachment-large size-large wp-image-24884\" alt=\"Sabaj Produkty Akcesoria 27\" srcset=\"https:\/\/rtv.sabaj.pl\/wp-content\/uploads\/2023\/12\/Sabaj-Produkty-Akcesoria-27-1024x683.jpg 1024w, https:\/\/rtv.sabaj.pl\/wp-content\/uploads\/2023\/12\/Sabaj-Produkty-Akcesoria-27-300x200.jpg 300w, https:\/\/rtv.sabaj.pl\/wp-content\/uploads\/2023\/12\/Sabaj-Produkty-Akcesoria-27-768x512.jpg 768w, https:\/\/rtv.sabaj.pl\/wp-content\/uploads\/2023\/12\/Sabaj-Produkty-Akcesoria-27-1536x1024.jpg 1536w, https:\/\/rtv.sabaj.pl\/wp-content\/uploads\/2023\/12\/Sabaj-Produkty-Akcesoria-27-2048x1365.jpg 2048w, https:\/\/rtv.sabaj.pl\/wp-content\/uploads\/2023\/12\/Sabaj-Produkty-Akcesoria-27-18x12.jpg 18w, https:\/\/rtv.sabaj.pl\/wp-content\/uploads\/2023\/12\/Sabaj-Produkty-Akcesoria-27-285x190.jpg 285w, https:\/\/rtv.sabaj.pl\/wp-content\/uploads\/2023\/12\/Sabaj-Produkty-Akcesoria-27-1600x1067.jpg 1600w, https:\/\/rtv.sabaj.pl\/wp-content\/uploads\/2023\/12\/Sabaj-Produkty-Akcesoria-27-24x16.jpg 24w, https:\/\/rtv.sabaj.pl\/wp-content\/uploads\/2023\/12\/Sabaj-Produkty-Akcesoria-27-36x24.jpg 36w, https:\/\/rtv.sabaj.pl\/wp-content\/uploads\/2023\/12\/Sabaj-Produkty-Akcesoria-27-48x32.jpg 48w, https:\/\/rtv.sabaj.pl\/wp-content\/uploads\/2023\/12\/Sabaj-Produkty-Akcesoria-27-660x440.jpg 660w, https:\/\/rtv.sabaj.pl\/wp-content\/uploads\/2023\/12\/Sabaj-Produkty-Akcesoria-27-150x100.jpg 150w\" sizes=\"auto, (max-width: 940px) 100vw, 940px\" \/>\t\t\t\t\t\t\t\t\t\t\t\t\t<\/div>\n\t\t\t\t<\/div>\n\t\t\t\t<div class=\"elementor-element elementor-element-67ae047 elementor-widget elementor-widget-text-editor\" data-id=\"67ae047\" data-element_type=\"widget\" data-widget_type=\"text-editor.default\">\n\t\t\t\t<div class=\"elementor-widget-container\">\n\t\t\t\t\t\t\t<h2>K-Trigger \u2013 Dedykowane akcesorium do Monitor-Lift, kt\u00f3re umo\u017cliwia pod\u0142\u0105czenie wielu podno\u015bnik\u00f3w do jednego panelu steruj\u0105cego.<\/h2>\t\t\t\t\t\t<\/div>\n\t\t\t\t<\/div>\n\t\t\t\t<div class=\"elementor-element elementor-element-98ee55c elementor-widget elementor-widget-spacer\" data-id=\"98ee55c\" data-element_type=\"widget\" data-widget_type=\"spacer.default\">\n\t\t\t\t<div class=\"elementor-widget-container\">\n\t\t\t\t\t<div class=\"elementor-spacer\">\n\t\t\t<div class=\"elementor-spacer-inner\"><\/div>\n\t\t<\/div>\n\t\t\t\t<\/div>\n\t\t\t\t<\/div>\n\t\t\t\t<div class=\"elementor-element elementor-element-6ce69a5 elementor-widget-divider--view-line elementor-widget elementor-widget-divider\" data-id=\"6ce69a5\" data-element_type=\"widget\" data-widget_type=\"divider.default\">\n\t\t\t\t<div class=\"elementor-widget-container\">\n\t\t\t\t\t<div class=\"elementor-divider\">\n\t\t\t<span class=\"elementor-divider-separator\">\n\t\t\t\t\t\t<\/span>\n\t\t<\/div>\n\t\t\t\t<\/div>\n\t\t\t\t<\/div>\n\t\t\t\t<div class=\"elementor-element elementor-element-991ff18 elementor-widget elementor-widget-spacer\" data-id=\"991ff18\" data-element_type=\"widget\" data-widget_type=\"spacer.default\">\n\t\t\t\t<div class=\"elementor-widget-container\">\n\t\t\t\t\t<div class=\"elementor-spacer\">\n\t\t\t<div class=\"elementor-spacer-inner\"><\/div>\n\t\t<\/div>\n\t\t\t\t<\/div>\n\t\t\t\t<\/div>\n\t\t\t\t<div class=\"elementor-element elementor-element-ffb4dc9 elementor-widget elementor-widget-text-editor\" data-id=\"ffb4dc9\" data-element_type=\"widget\" data-widget_type=\"text-editor.default\">\n\t\t\t\t<div class=\"elementor-widget-container\">\n\t\t\t\t\t\t\t<p>Aby zapewni\u0107 prawid\u0142owe dzia\u0142anie K-Trigger, potrzebny jest r\u00f3wnie\u017c RJ-Splitter, kt\u00f3ry zapewnia pe\u0142n\u0105 funkcjonalno\u015b\u0107<\/p><p>\u00a0<\/p>\t\t\t\t\t\t<\/div>\n\t\t\t\t<\/div>\n\t\t\t\t<div class=\"elementor-element elementor-element-8c4bfbb elementor-widget elementor-widget-image\" data-id=\"8c4bfbb\" data-element_type=\"widget\" data-widget_type=\"image.default\">\n\t\t\t\t<div class=\"elementor-widget-container\">\n\t\t\t\t\t\t\t\t\t\t\t\t\t<img loading=\"lazy\" decoding=\"async\" width=\"940\" height=\"627\" src=\"https:\/\/rtv.sabaj.pl\/wp-content\/uploads\/2023\/12\/Sabaj-Produkty-Akcesoria-28-1024x683.jpg\" class=\"attachment-large size-large wp-image-24878\" alt=\"Sabaj Produkty Akcesoria 28\" srcset=\"https:\/\/rtv.sabaj.pl\/wp-content\/uploads\/2023\/12\/Sabaj-Produkty-Akcesoria-28-1024x683.jpg 1024w, https:\/\/rtv.sabaj.pl\/wp-content\/uploads\/2023\/12\/Sabaj-Produkty-Akcesoria-28-300x200.jpg 300w, https:\/\/rtv.sabaj.pl\/wp-content\/uploads\/2023\/12\/Sabaj-Produkty-Akcesoria-28-768x512.jpg 768w, https:\/\/rtv.sabaj.pl\/wp-content\/uploads\/2023\/12\/Sabaj-Produkty-Akcesoria-28-1536x1024.jpg 1536w, https:\/\/rtv.sabaj.pl\/wp-content\/uploads\/2023\/12\/Sabaj-Produkty-Akcesoria-28-2048x1365.jpg 2048w, https:\/\/rtv.sabaj.pl\/wp-content\/uploads\/2023\/12\/Sabaj-Produkty-Akcesoria-28-18x12.jpg 18w, https:\/\/rtv.sabaj.pl\/wp-content\/uploads\/2023\/12\/Sabaj-Produkty-Akcesoria-28-285x190.jpg 285w, https:\/\/rtv.sabaj.pl\/wp-content\/uploads\/2023\/12\/Sabaj-Produkty-Akcesoria-28-1600x1067.jpg 1600w, https:\/\/rtv.sabaj.pl\/wp-content\/uploads\/2023\/12\/Sabaj-Produkty-Akcesoria-28-24x16.jpg 24w, https:\/\/rtv.sabaj.pl\/wp-content\/uploads\/2023\/12\/Sabaj-Produkty-Akcesoria-28-36x24.jpg 36w, https:\/\/rtv.sabaj.pl\/wp-content\/uploads\/2023\/12\/Sabaj-Produkty-Akcesoria-28-48x32.jpg 48w, https:\/\/rtv.sabaj.pl\/wp-content\/uploads\/2023\/12\/Sabaj-Produkty-Akcesoria-28-660x440.jpg 660w, https:\/\/rtv.sabaj.pl\/wp-content\/uploads\/2023\/12\/Sabaj-Produkty-Akcesoria-28-150x100.jpg 150w\" sizes=\"auto, (max-width: 940px) 100vw, 940px\" \/>\t\t\t\t\t\t\t\t\t\t\t\t\t<\/div>\n\t\t\t\t<\/div>\n\t\t\t\t<div class=\"elementor-element elementor-element-9c6183b elementor-widget elementor-widget-text-editor\" data-id=\"9c6183b\" data-element_type=\"widget\" data-widget_type=\"text-editor.default\">\n\t\t\t\t<div class=\"elementor-widget-container\">\n\t\t\t\t\t\t\t<h3>Powy\u017cej znajdziesz kompletny zestaw (zdj\u0119cie podgl\u0105dowe).<\/h3><h3>Na tej aukcji sprzedajemy tylko K-Trigger, ale pami\u0119taj, \u017ce RJ-Splitter jest niezb\u0119dny do jego dzia\u0142ania.<\/h3><h3>Sprawd\u017a r\u00f3wnie\u017c RJ-Splitter, aby upewni\u0107 si\u0119, \u017ce masz wszystko, co potrzebne do optymalnego dzia\u0142ania systemu.<\/h3>\t\t\t\t\t\t<\/div>\n\t\t\t\t<\/div>\n\t\t\t\t<div class=\"elementor-element elementor-element-5c26fd7 elementor-widget elementor-widget-image\" data-id=\"5c26fd7\" data-element_type=\"widget\" data-widget_type=\"image.default\">\n\t\t\t\t<div class=\"elementor-widget-container\">\n\t\t\t\t\t\t\t\t\t\t\t\t\t<img loading=\"lazy\" decoding=\"async\" width=\"940\" height=\"627\" src=\"https:\/\/rtv.sabaj.pl\/wp-content\/uploads\/2023\/12\/Sabaj-Produkty-Akcesoria-29-1024x683.jpg\" class=\"attachment-large size-large wp-image-24883\" alt=\"Sabaj Produkty Akcesoria 29\" srcset=\"https:\/\/rtv.sabaj.pl\/wp-content\/uploads\/2023\/12\/Sabaj-Produkty-Akcesoria-29-1024x683.jpg 1024w, https:\/\/rtv.sabaj.pl\/wp-content\/uploads\/2023\/12\/Sabaj-Produkty-Akcesoria-29-300x200.jpg 300w, https:\/\/rtv.sabaj.pl\/wp-content\/uploads\/2023\/12\/Sabaj-Produkty-Akcesoria-29-768x512.jpg 768w, https:\/\/rtv.sabaj.pl\/wp-content\/uploads\/2023\/12\/Sabaj-Produkty-Akcesoria-29-1536x1024.jpg 1536w, https:\/\/rtv.sabaj.pl\/wp-content\/uploads\/2023\/12\/Sabaj-Produkty-Akcesoria-29-2048x1365.jpg 2048w, https:\/\/rtv.sabaj.pl\/wp-content\/uploads\/2023\/12\/Sabaj-Produkty-Akcesoria-29-18x12.jpg 18w, https:\/\/rtv.sabaj.pl\/wp-content\/uploads\/2023\/12\/Sabaj-Produkty-Akcesoria-29-285x190.jpg 285w, https:\/\/rtv.sabaj.pl\/wp-content\/uploads\/2023\/12\/Sabaj-Produkty-Akcesoria-29-1600x1067.jpg 1600w, https:\/\/rtv.sabaj.pl\/wp-content\/uploads\/2023\/12\/Sabaj-Produkty-Akcesoria-29-24x16.jpg 24w, https:\/\/rtv.sabaj.pl\/wp-content\/uploads\/2023\/12\/Sabaj-Produkty-Akcesoria-29-36x24.jpg 36w, https:\/\/rtv.sabaj.pl\/wp-content\/uploads\/2023\/12\/Sabaj-Produkty-Akcesoria-29-48x32.jpg 48w, https:\/\/rtv.sabaj.pl\/wp-content\/uploads\/2023\/12\/Sabaj-Produkty-Akcesoria-29-660x440.jpg 660w, https:\/\/rtv.sabaj.pl\/wp-content\/uploads\/2023\/12\/Sabaj-Produkty-Akcesoria-29-150x100.jpg 150w\" sizes=\"auto, (max-width: 940px) 100vw, 940px\" \/>\t\t\t\t\t\t\t\t\t\t\t\t\t<\/div>\n\t\t\t\t<\/div>\n\t\t\t\t<div class=\"elementor-element elementor-element-633a52c elementor-widget elementor-widget-spacer\" data-id=\"633a52c\" data-element_type=\"widget\" data-widget_type=\"spacer.default\">\n\t\t\t\t<div class=\"elementor-widget-container\">\n\t\t\t\t\t<div class=\"elementor-spacer\">\n\t\t\t<div class=\"elementor-spacer-inner\"><\/div>\n\t\t<\/div>\n\t\t\t\t<\/div>\n\t\t\t\t<\/div>\n\t\t\t\t\t<\/div>\n\t\t<\/div>\n\t\t\t\t\t<\/div>\n\t\t<\/section>\n\t\t\t\t<\/div>","protected":false},"excerpt":{"rendered":"<p>Dzi\u0119ki akcesorium K-Trigger, wszystkie podno\u015bniki Sabaj pod\u0142\u0105czone szeregowo mog\u0105 by\u0107 uruchamiane jednocze\u015bnie. To rozwi\u0105zanie okaza\u0142o si\u0119 skuteczne w r\u00f3\u017cnych prezentacjach, spotkaniach firmowych, wyk\u0142adach oraz wsz\u0119dzie tam, gdzie wa\u017cne jest dobre pierwsze wra\u017cenie.<\/p>\n<p>Wariancje d\u0142ugo\u015bci kabla:<\/p>\n<ul>\n<li>2 m<\/li>\n<li>3 m<\/li>\n<li>5 m<\/li>\n<\/ul>","protected":false},"featured_media":24877,"template":"","meta":{"_acf_changed":false},"product_brand":[],"product_cat":[145,826,836],"product_tag":[],"class_list":{"0":"post-10034","1":"product","2":"type-product","3":"status-publish","4":"has-post-thumbnail","6":"product_cat-accessories","7":"product_cat-accessories-all-products","8":"product_cat-accessories-for-monitor-lift","10":"first","11":"instock","12":"shipping-taxable","13":"product-type-simple"},"acf":[],"yoast_head":"<!-- This site is optimized with the Yoast SEO plugin v27.1 - https:\/\/yoast.com\/product\/yoast-seo-wordpress\/ -->\n<title>K-Trigger cable for simultaneous start via Active RJ-45 - Sabaj<\/title>\n<meta name=\"description\" content=\"Thanks to the K-Trigger accessory, all Sabaj lifts connected in series can be triggered at the same time. This solution has proven successful in various presentations, company meetings, lectures and anywhere else where a good first impression is important.  Cable&#039;s length variety:   2 m  3 m  5 m - Best Quality TV Lifts - Intercontinental Delivery - Sabaj\" \/>\n<meta name=\"robots\" content=\"index, follow, max-snippet:-1, max-image-preview:large, max-video-preview:-1\" \/>\n<link rel=\"canonical\" href=\"https:\/\/rtv.sabaj.pl\/pl\/produkt\/k-trigger-cable-for-simultaneous-start-via-active-rj-45\/\" \/>\n<meta property=\"og:locale\" content=\"pl_PL\" \/>\n<meta property=\"og:type\" content=\"article\" \/>\n<meta property=\"og:title\" content=\"K-Trigger cable for simultaneous start via Active RJ-45 - Sabaj\" \/>\n<meta property=\"og:description\" content=\"Thanks to the K-Trigger accessory, all Sabaj lifts connected in series can be triggered at the same time. This solution has proven successful in various presentations, company meetings, lectures and anywhere else where a good first impression is important.  Cable&#039;s length variety:   2 m  3 m  5 m - Best Quality TV Lifts - Intercontinental Delivery - Sabaj\" \/>\n<meta property=\"og:url\" content=\"https:\/\/rtv.sabaj.pl\/pl\/produkt\/k-trigger-cable-for-simultaneous-start-via-active-rj-45\/\" \/>\n<meta property=\"og:site_name\" content=\"Sabaj\" \/>\n<meta property=\"article:publisher\" content=\"https:\/\/pl-pl.facebook.com\/sabajgroup\/\" \/>\n<meta property=\"article:modified_time\" content=\"2025-07-10T14:11:24+00:00\" \/>\n<meta property=\"og:image\" content=\"https:\/\/rtv.sabaj.pl\/wp-content\/uploads\/2023\/12\/Sabaj-Produkty-Akcesoria-26-scaled.jpg\" \/>\n\t<meta property=\"og:image:width\" content=\"2560\" \/>\n\t<meta property=\"og:image:height\" content=\"1706\" \/>\n\t<meta property=\"og:image:type\" content=\"image\/jpeg\" \/>\n<meta name=\"twitter:card\" content=\"summary_large_image\" \/>\n<meta name=\"twitter:label1\" content=\"Szacowany czas czytania\" \/>\n\t<meta name=\"twitter:data1\" content=\"2 minuty\" \/>\n<script type=\"application\/ld+json\" class=\"yoast-schema-graph\">{\"@context\":\"https:\/\/schema.org\",\"@graph\":[{\"@type\":\"WebPage\",\"@id\":\"https:\/\/rtv.sabaj.pl\/product\/k-trigger-cable-for-simultaneous-start-via-active-rj-45\/\",\"url\":\"https:\/\/rtv.sabaj.pl\/product\/k-trigger-cable-for-simultaneous-start-via-active-rj-45\/\",\"name\":\"K-Trigger cable for simultaneous start via Active RJ-45 - Sabaj\",\"isPartOf\":{\"@id\":\"https:\/\/rtv.sabaj.pl\/#website\"},\"primaryImageOfPage\":{\"@id\":\"https:\/\/rtv.sabaj.pl\/product\/k-trigger-cable-for-simultaneous-start-via-active-rj-45\/#primaryimage\"},\"image\":{\"@id\":\"https:\/\/rtv.sabaj.pl\/product\/k-trigger-cable-for-simultaneous-start-via-active-rj-45\/#primaryimage\"},\"thumbnailUrl\":\"https:\/\/rtv.sabaj.pl\/wp-content\/uploads\/2023\/12\/Sabaj-Produkty-Akcesoria-26-scaled.jpg\",\"datePublished\":\"2023-12-12T11:11:10+00:00\",\"dateModified\":\"2025-07-10T14:11:24+00:00\",\"description\":\"Thanks to the K-Trigger accessory, all Sabaj lifts connected in series can be triggered at the same time. This solution has proven successful in various presentations, company meetings, lectures and anywhere else where a good first impression is important. Cable's length variety: 2 m 3 m 5 m - Best Quality TV Lifts - Intercontinental Delivery - Sabaj\",\"breadcrumb\":{\"@id\":\"https:\/\/rtv.sabaj.pl\/product\/k-trigger-cable-for-simultaneous-start-via-active-rj-45\/#breadcrumb\"},\"inLanguage\":\"pl-PL\",\"potentialAction\":[{\"@type\":\"ReadAction\",\"target\":[\"https:\/\/rtv.sabaj.pl\/product\/k-trigger-cable-for-simultaneous-start-via-active-rj-45\/\"]}]},{\"@type\":\"ImageObject\",\"inLanguage\":\"pl-PL\",\"@id\":\"https:\/\/rtv.sabaj.pl\/product\/k-trigger-cable-for-simultaneous-start-via-active-rj-45\/#primaryimage\",\"url\":\"https:\/\/rtv.sabaj.pl\/wp-content\/uploads\/2023\/12\/Sabaj-Produkty-Akcesoria-26-scaled.jpg\",\"contentUrl\":\"https:\/\/rtv.sabaj.pl\/wp-content\/uploads\/2023\/12\/Sabaj-Produkty-Akcesoria-26-scaled.jpg\",\"width\":2560,\"height\":1706,\"caption\":\"Sabaj Produkty Akcesoria 26\"},{\"@type\":\"BreadcrumbList\",\"@id\":\"https:\/\/rtv.sabaj.pl\/product\/k-trigger-cable-for-simultaneous-start-via-active-rj-45\/#breadcrumb\",\"itemListElement\":[{\"@type\":\"ListItem\",\"position\":1,\"name\":\"Katalog produkt\u00f3w\",\"item\":\"https:\/\/rtv.sabaj.pl\/shop-2\/\"},{\"@type\":\"ListItem\",\"position\":2,\"name\":\"K-Trigger cable for simultaneous start via Active RJ-45\"}]},{\"@type\":\"WebSite\",\"@id\":\"https:\/\/rtv.sabaj.pl\/#website\",\"url\":\"https:\/\/rtv.sabaj.pl\/\",\"name\":\"TV Lifts Sabaj\",\"description\":\"TV lifts are a solution that allows motorized hiding of your television in furniture, the ceiling, or the wall. With TV lifts, you can free up your living room space from a large screen, contributing to a more aesthetic and functional interior. Automating the operation of your television with TV lifts enables you to enjoy a modern, organized home. Choose TV lifts to optimize the space in your home.\",\"publisher\":{\"@id\":\"https:\/\/rtv.sabaj.pl\/#organization\"},\"alternateName\":\"RTV Sabaj\",\"potentialAction\":[{\"@type\":\"SearchAction\",\"target\":{\"@type\":\"EntryPoint\",\"urlTemplate\":\"https:\/\/rtv.sabaj.pl\/?s={search_term_string}\"},\"query-input\":{\"@type\":\"PropertyValueSpecification\",\"valueRequired\":true,\"valueName\":\"search_term_string\"}}],\"inLanguage\":\"pl-PL\"},{\"@type\":\"Organization\",\"@id\":\"https:\/\/rtv.sabaj.pl\/#organization\",\"name\":\"Sabaj\",\"url\":\"https:\/\/rtv.sabaj.pl\/\",\"logo\":{\"@type\":\"ImageObject\",\"inLanguage\":\"pl-PL\",\"@id\":\"https:\/\/rtv.sabaj.pl\/#\/schema\/logo\/image\/\",\"url\":\"https:\/\/rtv.sabaj.pl\/wp-content\/uploads\/2018\/07\/sabaj.jpg\",\"contentUrl\":\"https:\/\/rtv.sabaj.pl\/wp-content\/uploads\/2018\/07\/sabaj.jpg\",\"width\":284,\"height\":106,\"caption\":\"Sabaj\"},\"image\":{\"@id\":\"https:\/\/rtv.sabaj.pl\/#\/schema\/logo\/image\/\"},\"sameAs\":[\"https:\/\/pl-pl.facebook.com\/sabajgroup\/\",\"https:\/\/pl.linkedin.com\/company\/sabaj-system\"]}]}<\/script>\n<!-- \/ Yoast SEO plugin. -->","yoast_head_json":{"title":"K-Trigger cable for simultaneous start via Active RJ-45 - Sabaj","description":"Thanks to the K-Trigger accessory, all Sabaj lifts connected in series can be triggered at the same time. This solution has proven successful in various presentations, company meetings, lectures and anywhere else where a good first impression is important.  Cable's length variety:   2 m  3 m  5 m - Best Quality TV Lifts - Intercontinental Delivery - Sabaj","robots":{"index":"index","follow":"follow","max-snippet":"max-snippet:-1","max-image-preview":"max-image-preview:large","max-video-preview":"max-video-preview:-1"},"canonical":"https:\/\/rtv.sabaj.pl\/pl\/produkt\/k-trigger-cable-for-simultaneous-start-via-active-rj-45\/","og_locale":"pl_PL","og_type":"article","og_title":"K-Trigger cable for simultaneous start via Active RJ-45 - Sabaj","og_description":"Thanks to the K-Trigger accessory, all Sabaj lifts connected in series can be triggered at the same time. This solution has proven successful in various presentations, company meetings, lectures and anywhere else where a good first impression is important.  Cable's length variety:   2 m  3 m  5 m - Best Quality TV Lifts - Intercontinental Delivery - Sabaj","og_url":"https:\/\/rtv.sabaj.pl\/pl\/produkt\/k-trigger-cable-for-simultaneous-start-via-active-rj-45\/","og_site_name":"Sabaj","article_publisher":"https:\/\/pl-pl.facebook.com\/sabajgroup\/","article_modified_time":"2025-07-10T14:11:24+00:00","og_image":[{"width":2560,"height":1706,"url":"https:\/\/rtv.sabaj.pl\/wp-content\/uploads\/2023\/12\/Sabaj-Produkty-Akcesoria-26-scaled.jpg","type":"image\/jpeg"}],"twitter_card":"summary_large_image","twitter_misc":{"Szacowany czas czytania":"2 minuty"},"schema":{"@context":"https:\/\/schema.org","@graph":[{"@type":"WebPage","@id":"https:\/\/rtv.sabaj.pl\/product\/k-trigger-cable-for-simultaneous-start-via-active-rj-45\/","url":"https:\/\/rtv.sabaj.pl\/product\/k-trigger-cable-for-simultaneous-start-via-active-rj-45\/","name":"K-Trigger cable for simultaneous start via Active RJ-45 - Sabaj","isPartOf":{"@id":"https:\/\/rtv.sabaj.pl\/#website"},"primaryImageOfPage":{"@id":"https:\/\/rtv.sabaj.pl\/product\/k-trigger-cable-for-simultaneous-start-via-active-rj-45\/#primaryimage"},"image":{"@id":"https:\/\/rtv.sabaj.pl\/product\/k-trigger-cable-for-simultaneous-start-via-active-rj-45\/#primaryimage"},"thumbnailUrl":"https:\/\/rtv.sabaj.pl\/wp-content\/uploads\/2023\/12\/Sabaj-Produkty-Akcesoria-26-scaled.jpg","datePublished":"2023-12-12T11:11:10+00:00","dateModified":"2025-07-10T14:11:24+00:00","description":"Thanks to the K-Trigger accessory, all Sabaj lifts connected in series can be triggered at the same time. This solution has proven successful in various presentations, company meetings, lectures and anywhere else where a good first impression is important. Cable's length variety: 2 m 3 m 5 m - Best Quality TV Lifts - Intercontinental Delivery - Sabaj","breadcrumb":{"@id":"https:\/\/rtv.sabaj.pl\/product\/k-trigger-cable-for-simultaneous-start-via-active-rj-45\/#breadcrumb"},"inLanguage":"pl-PL","potentialAction":[{"@type":"ReadAction","target":["https:\/\/rtv.sabaj.pl\/product\/k-trigger-cable-for-simultaneous-start-via-active-rj-45\/"]}]},{"@type":"ImageObject","inLanguage":"pl-PL","@id":"https:\/\/rtv.sabaj.pl\/product\/k-trigger-cable-for-simultaneous-start-via-active-rj-45\/#primaryimage","url":"https:\/\/rtv.sabaj.pl\/wp-content\/uploads\/2023\/12\/Sabaj-Produkty-Akcesoria-26-scaled.jpg","contentUrl":"https:\/\/rtv.sabaj.pl\/wp-content\/uploads\/2023\/12\/Sabaj-Produkty-Akcesoria-26-scaled.jpg","width":2560,"height":1706,"caption":"Sabaj Produkty Akcesoria 26"},{"@type":"BreadcrumbList","@id":"https:\/\/rtv.sabaj.pl\/product\/k-trigger-cable-for-simultaneous-start-via-active-rj-45\/#breadcrumb","itemListElement":[{"@type":"ListItem","position":1,"name":"Katalog produkt\u00f3w","item":"https:\/\/rtv.sabaj.pl\/shop-2\/"},{"@type":"ListItem","position":2,"name":"K-Trigger cable for simultaneous start via Active RJ-45"}]},{"@type":"WebSite","@id":"https:\/\/rtv.sabaj.pl\/#website","url":"https:\/\/rtv.sabaj.pl\/","name":"TV Lifts Sabaj","description":"TV lifts are a solution that allows motorized hiding of your television in furniture, the ceiling, or the wall. With TV lifts, you can free up your living room space from a large screen, contributing to a more aesthetic and functional interior. Automating the operation of your television with TV lifts enables you to enjoy a modern, organized home. Choose TV lifts to optimize the space in your home.","publisher":{"@id":"https:\/\/rtv.sabaj.pl\/#organization"},"alternateName":"RTV Sabaj","potentialAction":[{"@type":"SearchAction","target":{"@type":"EntryPoint","urlTemplate":"https:\/\/rtv.sabaj.pl\/?s={search_term_string}"},"query-input":{"@type":"PropertyValueSpecification","valueRequired":true,"valueName":"search_term_string"}}],"inLanguage":"pl-PL"},{"@type":"Organization","@id":"https:\/\/rtv.sabaj.pl\/#organization","name":"Sabaj","url":"https:\/\/rtv.sabaj.pl\/","logo":{"@type":"ImageObject","inLanguage":"pl-PL","@id":"https:\/\/rtv.sabaj.pl\/#\/schema\/logo\/image\/","url":"https:\/\/rtv.sabaj.pl\/wp-content\/uploads\/2018\/07\/sabaj.jpg","contentUrl":"https:\/\/rtv.sabaj.pl\/wp-content\/uploads\/2018\/07\/sabaj.jpg","width":284,"height":106,"caption":"Sabaj"},"image":{"@id":"https:\/\/rtv.sabaj.pl\/#\/schema\/logo\/image\/"},"sameAs":["https:\/\/pl-pl.facebook.com\/sabajgroup\/","https:\/\/pl.linkedin.com\/company\/sabaj-system"]}]}},"_links":{"self":[{"href":"https:\/\/rtv.sabaj.pl\/pl\/wp-json\/wp\/v2\/product\/10034","targetHints":{"allow":["GET"]}}],"collection":[{"href":"https:\/\/rtv.sabaj.pl\/pl\/wp-json\/wp\/v2\/product"}],"about":[{"href":"https:\/\/rtv.sabaj.pl\/pl\/wp-json\/wp\/v2\/types\/product"}],"version-history":[{"count":0,"href":"https:\/\/rtv.sabaj.pl\/pl\/wp-json\/wp\/v2\/product\/10034\/revisions"}],"wp:featuredmedia":[{"embeddable":true,"href":"https:\/\/rtv.sabaj.pl\/pl\/wp-json\/wp\/v2\/media\/24877"}],"wp:attachment":[{"href":"https:\/\/rtv.sabaj.pl\/pl\/wp-json\/wp\/v2\/media?parent=10034"}],"wp:term":[{"taxonomy":"product_brand","embeddable":true,"href":"https:\/\/rtv.sabaj.pl\/pl\/wp-json\/wp\/v2\/product_brand?post=10034"},{"taxonomy":"product_cat","embeddable":true,"href":"https:\/\/rtv.sabaj.pl\/pl\/wp-json\/wp\/v2\/product_cat?post=10034"},{"taxonomy":"product_tag","embeddable":true,"href":"https:\/\/rtv.sabaj.pl\/pl\/wp-json\/wp\/v2\/product_tag?post=10034"}],"curies":[{"name":"wp","href":"https:\/\/api.w.org\/{rel}","templated":true}]}}