{"id":2694,"date":"2021-07-13T16:39:00","date_gmt":"2021-07-13T14:39:00","guid":{"rendered":"https:\/\/rtv.sabaj.pl\/?post_type=product&#038;p=2694"},"modified":"2024-08-29T11:44:25","modified_gmt":"2024-08-29T09:44:25","slug":"adapter-do-zamontowania-telewizorow-oled-i-qled-k-brck-extd","status":"publish","type":"product","link":"https:\/\/rtv.sabaj.pl\/pl\/produkt\/adapter-do-zamontowania-telewizorow-oled-i-qled-k-brck-extd\/","title":{"rendered":"Adapter do zamontowania telewizor\u00f3w OLED i QLED \u2013 K-BRCK-EXTD"},"content":{"rendered":"","protected":false},"excerpt":{"rendered":"<p>Adapter VESA do podno\u015bnik\u00f3w z serii K. Umo\u017cliwia zamontowanie telewizor\u00f3w, w kt\u00f3rych otwory VESA znajduj\u0105 si\u0119 blisko dolnej kraw\u0119dzi telewizora &#8211; najcz\u0119\u015bciej modele typu OLED, QLED.<\/p>","protected":false},"featured_media":3713,"template":"","meta":{"_acf_changed":false},"product_brand":[],"product_cat":[104],"product_tag":[],"class_list":{"0":"post-2694","1":"product","2":"type-product","3":"status-publish","4":"has-post-thumbnail","6":"product_cat-akcesoria","8":"first","9":"instock","10":"shipping-taxable","11":"product-type-simple"},"acf":[],"yoast_head":"<!-- This site is optimized with the Yoast SEO plugin v27.1 - https:\/\/yoast.com\/product\/yoast-seo-wordpress\/ -->\n<title>Adapter do zamontowania telewizor\u00f3w OLED i QLED \u2013 K-BRCK-EXTD - Sabaj<\/title>\n<meta name=\"description\" content=\"Adapter VESA do podno\u015bnik\u00f3w z serii K. Umo\u017cliwia zamontowanie telewizor\u00f3w, w kt\u00f3rych otwory VESA znajduj\u0105 si\u0119 blisko dolnej kraw\u0119dzi telewizora - najcz\u0119\u015bciej modele typu OLED, QLED. - Best Quality TV Lifts - Intercontinental Delivery - Sabaj\" \/>\n<meta name=\"robots\" content=\"index, follow, max-snippet:-1, max-image-preview:large, max-video-preview:-1\" \/>\n<link rel=\"canonical\" href=\"https:\/\/rtv.sabaj.pl\/pl\/produkt\/adapter-do-zamontowania-telewizorow-oled-i-qled-k-brck-extd\/\" \/>\n<meta property=\"og:locale\" content=\"pl_PL\" \/>\n<meta property=\"og:type\" content=\"article\" \/>\n<meta property=\"og:title\" content=\"Adapter do zamontowania telewizor\u00f3w OLED i QLED \u2013 K-BRCK-EXTD - Sabaj\" \/>\n<meta property=\"og:description\" content=\"Adapter VESA do podno\u015bnik\u00f3w z serii K. Umo\u017cliwia zamontowanie telewizor\u00f3w, w kt\u00f3rych otwory VESA znajduj\u0105 si\u0119 blisko dolnej kraw\u0119dzi telewizora - najcz\u0119\u015bciej modele typu OLED, QLED. - Best Quality TV Lifts - Intercontinental Delivery - Sabaj\" \/>\n<meta property=\"og:url\" content=\"https:\/\/rtv.sabaj.pl\/pl\/produkt\/adapter-do-zamontowania-telewizorow-oled-i-qled-k-brck-extd\/\" \/>\n<meta property=\"og:site_name\" content=\"Sabaj\" \/>\n<meta property=\"article:publisher\" content=\"https:\/\/pl-pl.facebook.com\/sabajgroup\/\" \/>\n<meta property=\"article:modified_time\" content=\"2024-08-29T09:44:25+00:00\" \/>\n<meta property=\"og:image\" content=\"https:\/\/rtv.sabaj.pl\/wp-content\/uploads\/2021\/07\/k-brck-extd.png\" \/>\n\t<meta property=\"og:image:width\" content=\"527\" \/>\n\t<meta property=\"og:image:height\" content=\"422\" \/>\n\t<meta property=\"og:image:type\" content=\"image\/png\" \/>\n<meta name=\"twitter:card\" content=\"summary_large_image\" \/>\n<meta name=\"twitter:label1\" content=\"Szacowany czas czytania\" \/>\n\t<meta name=\"twitter:data1\" content=\"1 minuta\" \/>\n<script type=\"application\/ld+json\" class=\"yoast-schema-graph\">{\"@context\":\"https:\/\/schema.org\",\"@graph\":[{\"@type\":\"WebPage\",\"@id\":\"https:\/\/rtv.sabaj.pl\/product\/adapter-do-zamontowania-telewizorow-oled-i-qled-k-brck-extd\/\",\"url\":\"https:\/\/rtv.sabaj.pl\/product\/adapter-do-zamontowania-telewizorow-oled-i-qled-k-brck-extd\/\",\"name\":\"Adapter do zamontowania telewizor\u00f3w OLED i QLED \u2013 K-BRCK-EXTD - Sabaj\",\"isPartOf\":{\"@id\":\"https:\/\/rtv.sabaj.pl\/#website\"},\"primaryImageOfPage\":{\"@id\":\"https:\/\/rtv.sabaj.pl\/product\/adapter-do-zamontowania-telewizorow-oled-i-qled-k-brck-extd\/#primaryimage\"},\"image\":{\"@id\":\"https:\/\/rtv.sabaj.pl\/product\/adapter-do-zamontowania-telewizorow-oled-i-qled-k-brck-extd\/#primaryimage\"},\"thumbnailUrl\":\"https:\/\/rtv.sabaj.pl\/wp-content\/uploads\/2021\/07\/k-brck-extd.png\",\"datePublished\":\"2021-07-13T14:39:00+00:00\",\"dateModified\":\"2024-08-29T09:44:25+00:00\",\"description\":\"Adapter VESA do podno\u015bnik\u00f3w z serii K. Umo\u017cliwia zamontowanie telewizor\u00f3w, w kt\u00f3rych otwory VESA znajduj\u0105 si\u0119 blisko dolnej kraw\u0119dzi telewizora - najcz\u0119\u015bciej modele typu OLED, QLED. - Best Quality TV Lifts - Intercontinental Delivery - Sabaj\",\"breadcrumb\":{\"@id\":\"https:\/\/rtv.sabaj.pl\/product\/adapter-do-zamontowania-telewizorow-oled-i-qled-k-brck-extd\/#breadcrumb\"},\"inLanguage\":\"pl-PL\",\"potentialAction\":[{\"@type\":\"ReadAction\",\"target\":[\"https:\/\/rtv.sabaj.pl\/product\/adapter-do-zamontowania-telewizorow-oled-i-qled-k-brck-extd\/\"]}]},{\"@type\":\"ImageObject\",\"inLanguage\":\"pl-PL\",\"@id\":\"https:\/\/rtv.sabaj.pl\/product\/adapter-do-zamontowania-telewizorow-oled-i-qled-k-brck-extd\/#primaryimage\",\"url\":\"https:\/\/rtv.sabaj.pl\/wp-content\/uploads\/2021\/07\/k-brck-extd.png\",\"contentUrl\":\"https:\/\/rtv.sabaj.pl\/wp-content\/uploads\/2021\/07\/k-brck-extd.png\",\"width\":527,\"height\":422,\"caption\":\"k brck extd\"},{\"@type\":\"BreadcrumbList\",\"@id\":\"https:\/\/rtv.sabaj.pl\/product\/adapter-do-zamontowania-telewizorow-oled-i-qled-k-brck-extd\/#breadcrumb\",\"itemListElement\":[{\"@type\":\"ListItem\",\"position\":1,\"name\":\"Katalog produkt\u00f3w\",\"item\":\"https:\/\/rtv.sabaj.pl\/shop-2\/\"},{\"@type\":\"ListItem\",\"position\":2,\"name\":\"Adapter do zamontowania telewizor\u00f3w OLED i QLED \u2013 K-BRCK-EXTD\"}]},{\"@type\":\"WebSite\",\"@id\":\"https:\/\/rtv.sabaj.pl\/#website\",\"url\":\"https:\/\/rtv.sabaj.pl\/\",\"name\":\"TV Lifts Sabaj\",\"description\":\"TV lifts are a solution that allows motorized hiding of your television in furniture, the ceiling, or the wall. With TV lifts, you can free up your living room space from a large screen, contributing to a more aesthetic and functional interior. Automating the operation of your television with TV lifts enables you to enjoy a modern, organized home. Choose TV lifts to optimize the space in your home.\",\"publisher\":{\"@id\":\"https:\/\/rtv.sabaj.pl\/#organization\"},\"alternateName\":\"RTV Sabaj\",\"potentialAction\":[{\"@type\":\"SearchAction\",\"target\":{\"@type\":\"EntryPoint\",\"urlTemplate\":\"https:\/\/rtv.sabaj.pl\/?s={search_term_string}\"},\"query-input\":{\"@type\":\"PropertyValueSpecification\",\"valueRequired\":true,\"valueName\":\"search_term_string\"}}],\"inLanguage\":\"pl-PL\"},{\"@type\":\"Organization\",\"@id\":\"https:\/\/rtv.sabaj.pl\/#organization\",\"name\":\"Sabaj\",\"url\":\"https:\/\/rtv.sabaj.pl\/\",\"logo\":{\"@type\":\"ImageObject\",\"inLanguage\":\"pl-PL\",\"@id\":\"https:\/\/rtv.sabaj.pl\/#\/schema\/logo\/image\/\",\"url\":\"https:\/\/rtv.sabaj.pl\/wp-content\/uploads\/2018\/07\/sabaj.jpg\",\"contentUrl\":\"https:\/\/rtv.sabaj.pl\/wp-content\/uploads\/2018\/07\/sabaj.jpg\",\"width\":284,\"height\":106,\"caption\":\"Sabaj\"},\"image\":{\"@id\":\"https:\/\/rtv.sabaj.pl\/#\/schema\/logo\/image\/\"},\"sameAs\":[\"https:\/\/pl-pl.facebook.com\/sabajgroup\/\",\"https:\/\/pl.linkedin.com\/company\/sabaj-system\"]}]}<\/script>\n<!-- \/ Yoast SEO plugin. -->","yoast_head_json":{"title":"Adapter do zamontowania telewizor\u00f3w OLED i QLED \u2013 K-BRCK-EXTD - Sabaj","description":"Adapter VESA do podno\u015bnik\u00f3w z serii K. Umo\u017cliwia zamontowanie telewizor\u00f3w, w kt\u00f3rych otwory VESA znajduj\u0105 si\u0119 blisko dolnej kraw\u0119dzi telewizora - najcz\u0119\u015bciej modele typu OLED, QLED. - Best Quality TV Lifts - Intercontinental Delivery - Sabaj","robots":{"index":"index","follow":"follow","max-snippet":"max-snippet:-1","max-image-preview":"max-image-preview:large","max-video-preview":"max-video-preview:-1"},"canonical":"https:\/\/rtv.sabaj.pl\/pl\/produkt\/adapter-do-zamontowania-telewizorow-oled-i-qled-k-brck-extd\/","og_locale":"pl_PL","og_type":"article","og_title":"Adapter do zamontowania telewizor\u00f3w OLED i QLED \u2013 K-BRCK-EXTD - Sabaj","og_description":"Adapter VESA do podno\u015bnik\u00f3w z serii K. Umo\u017cliwia zamontowanie telewizor\u00f3w, w kt\u00f3rych otwory VESA znajduj\u0105 si\u0119 blisko dolnej kraw\u0119dzi telewizora - najcz\u0119\u015bciej modele typu OLED, QLED. - Best Quality TV Lifts - Intercontinental Delivery - Sabaj","og_url":"https:\/\/rtv.sabaj.pl\/pl\/produkt\/adapter-do-zamontowania-telewizorow-oled-i-qled-k-brck-extd\/","og_site_name":"Sabaj","article_publisher":"https:\/\/pl-pl.facebook.com\/sabajgroup\/","article_modified_time":"2024-08-29T09:44:25+00:00","og_image":[{"width":527,"height":422,"url":"https:\/\/rtv.sabaj.pl\/wp-content\/uploads\/2021\/07\/k-brck-extd.png","type":"image\/png"}],"twitter_card":"summary_large_image","twitter_misc":{"Szacowany czas czytania":"1 minuta"},"schema":{"@context":"https:\/\/schema.org","@graph":[{"@type":"WebPage","@id":"https:\/\/rtv.sabaj.pl\/product\/adapter-do-zamontowania-telewizorow-oled-i-qled-k-brck-extd\/","url":"https:\/\/rtv.sabaj.pl\/product\/adapter-do-zamontowania-telewizorow-oled-i-qled-k-brck-extd\/","name":"Adapter do zamontowania telewizor\u00f3w OLED i QLED \u2013 K-BRCK-EXTD - Sabaj","isPartOf":{"@id":"https:\/\/rtv.sabaj.pl\/#website"},"primaryImageOfPage":{"@id":"https:\/\/rtv.sabaj.pl\/product\/adapter-do-zamontowania-telewizorow-oled-i-qled-k-brck-extd\/#primaryimage"},"image":{"@id":"https:\/\/rtv.sabaj.pl\/product\/adapter-do-zamontowania-telewizorow-oled-i-qled-k-brck-extd\/#primaryimage"},"thumbnailUrl":"https:\/\/rtv.sabaj.pl\/wp-content\/uploads\/2021\/07\/k-brck-extd.png","datePublished":"2021-07-13T14:39:00+00:00","dateModified":"2024-08-29T09:44:25+00:00","description":"Adapter VESA do podno\u015bnik\u00f3w z serii K. Umo\u017cliwia zamontowanie telewizor\u00f3w, w kt\u00f3rych otwory VESA znajduj\u0105 si\u0119 blisko dolnej kraw\u0119dzi telewizora - najcz\u0119\u015bciej modele typu OLED, QLED. - Best Quality TV Lifts - Intercontinental Delivery - Sabaj","breadcrumb":{"@id":"https:\/\/rtv.sabaj.pl\/product\/adapter-do-zamontowania-telewizorow-oled-i-qled-k-brck-extd\/#breadcrumb"},"inLanguage":"pl-PL","potentialAction":[{"@type":"ReadAction","target":["https:\/\/rtv.sabaj.pl\/product\/adapter-do-zamontowania-telewizorow-oled-i-qled-k-brck-extd\/"]}]},{"@type":"ImageObject","inLanguage":"pl-PL","@id":"https:\/\/rtv.sabaj.pl\/product\/adapter-do-zamontowania-telewizorow-oled-i-qled-k-brck-extd\/#primaryimage","url":"https:\/\/rtv.sabaj.pl\/wp-content\/uploads\/2021\/07\/k-brck-extd.png","contentUrl":"https:\/\/rtv.sabaj.pl\/wp-content\/uploads\/2021\/07\/k-brck-extd.png","width":527,"height":422,"caption":"k brck extd"},{"@type":"BreadcrumbList","@id":"https:\/\/rtv.sabaj.pl\/product\/adapter-do-zamontowania-telewizorow-oled-i-qled-k-brck-extd\/#breadcrumb","itemListElement":[{"@type":"ListItem","position":1,"name":"Katalog produkt\u00f3w","item":"https:\/\/rtv.sabaj.pl\/shop-2\/"},{"@type":"ListItem","position":2,"name":"Adapter do zamontowania telewizor\u00f3w OLED i QLED \u2013 K-BRCK-EXTD"}]},{"@type":"WebSite","@id":"https:\/\/rtv.sabaj.pl\/#website","url":"https:\/\/rtv.sabaj.pl\/","name":"TV Lifts Sabaj","description":"TV lifts are a solution that allows motorized hiding of your television in furniture, the ceiling, or the wall. With TV lifts, you can free up your living room space from a large screen, contributing to a more aesthetic and functional interior. Automating the operation of your television with TV lifts enables you to enjoy a modern, organized home. Choose TV lifts to optimize the space in your home.","publisher":{"@id":"https:\/\/rtv.sabaj.pl\/#organization"},"alternateName":"RTV Sabaj","potentialAction":[{"@type":"SearchAction","target":{"@type":"EntryPoint","urlTemplate":"https:\/\/rtv.sabaj.pl\/?s={search_term_string}"},"query-input":{"@type":"PropertyValueSpecification","valueRequired":true,"valueName":"search_term_string"}}],"inLanguage":"pl-PL"},{"@type":"Organization","@id":"https:\/\/rtv.sabaj.pl\/#organization","name":"Sabaj","url":"https:\/\/rtv.sabaj.pl\/","logo":{"@type":"ImageObject","inLanguage":"pl-PL","@id":"https:\/\/rtv.sabaj.pl\/#\/schema\/logo\/image\/","url":"https:\/\/rtv.sabaj.pl\/wp-content\/uploads\/2018\/07\/sabaj.jpg","contentUrl":"https:\/\/rtv.sabaj.pl\/wp-content\/uploads\/2018\/07\/sabaj.jpg","width":284,"height":106,"caption":"Sabaj"},"image":{"@id":"https:\/\/rtv.sabaj.pl\/#\/schema\/logo\/image\/"},"sameAs":["https:\/\/pl-pl.facebook.com\/sabajgroup\/","https:\/\/pl.linkedin.com\/company\/sabaj-system"]}]}},"_links":{"self":[{"href":"https:\/\/rtv.sabaj.pl\/pl\/wp-json\/wp\/v2\/product\/2694","targetHints":{"allow":["GET"]}}],"collection":[{"href":"https:\/\/rtv.sabaj.pl\/pl\/wp-json\/wp\/v2\/product"}],"about":[{"href":"https:\/\/rtv.sabaj.pl\/pl\/wp-json\/wp\/v2\/types\/product"}],"version-history":[{"count":0,"href":"https:\/\/rtv.sabaj.pl\/pl\/wp-json\/wp\/v2\/product\/2694\/revisions"}],"wp:featuredmedia":[{"embeddable":true,"href":"https:\/\/rtv.sabaj.pl\/pl\/wp-json\/wp\/v2\/media\/3713"}],"wp:attachment":[{"href":"https:\/\/rtv.sabaj.pl\/pl\/wp-json\/wp\/v2\/media?parent=2694"}],"wp:term":[{"taxonomy":"product_brand","embeddable":true,"href":"https:\/\/rtv.sabaj.pl\/pl\/wp-json\/wp\/v2\/product_brand?post=2694"},{"taxonomy":"product_cat","embeddable":true,"href":"https:\/\/rtv.sabaj.pl\/pl\/wp-json\/wp\/v2\/product_cat?post=2694"},{"taxonomy":"product_tag","embeddable":true,"href":"https:\/\/rtv.sabaj.pl\/pl\/wp-json\/wp\/v2\/product_tag?post=2694"}],"curies":[{"name":"wp","href":"https:\/\/api.w.org\/{rel}","templated":true}]}}