{"id":2749,"date":"2021-07-13T16:55:43","date_gmt":"2021-07-13T14:55:43","guid":{"rendered":"https:\/\/rtv.sabaj.pl\/?post_type=product&#038;p=2749"},"modified":"2024-08-29T11:37:54","modified_gmt":"2024-08-29T09:37:54","slug":"dwukierunkowy-przewod-z-koncowkami-do-sterownika-plc-k-plc","status":"publish","type":"product","link":"https:\/\/rtv.sabaj.pl\/pl\/produkt\/dwukierunkowy-przewod-z-koncowkami-do-sterownika-plc-k-plc\/","title":{"rendered":"Dwukierunkowy przew\u00f3d z ko\u0144c\u00f3wkami do sterownika PLC \u2013 K-PLC"},"content":{"rendered":"<div data-elementor-type=\"wp-post\" data-elementor-id=\"2749\" class=\"elementor elementor-2749\" data-elementor-post-type=\"product\">\n\t\t\t\t\t\t<section data-particle_enable=\"false\" data-particle-mobile-disabled=\"false\" class=\"elementor-section elementor-top-section elementor-element elementor-element-1ad7516f elementor-section-full_width elementor-section-height-default elementor-section-height-default\" data-id=\"1ad7516f\" data-element_type=\"section\" id=\"opis\" data-settings=\"{&quot;background_background&quot;:&quot;classic&quot;}\">\n\t\t\t\t\t\t<div class=\"elementor-container elementor-column-gap-wide\">\n\t\t\t\t\t<div class=\"elementor-column elementor-col-100 elementor-top-column elementor-element elementor-element-1b28ea73\" data-id=\"1b28ea73\" data-element_type=\"column\">\n\t\t\t<div class=\"elementor-widget-wrap elementor-element-populated\">\n\t\t\t\t\t\t<div class=\"elementor-element elementor-element-449938e4 elementor-widget elementor-widget-text-editor\" data-id=\"449938e4\" data-element_type=\"widget\" data-widget_type=\"text-editor.default\">\n\t\t\t\t<div class=\"elementor-widget-container\">\n\t\t\t\t\t\t\t<p>Kabel z wtykiem RJ45 jest kompatybilny tylko do podno\u015bnik\u00f3w kt\u00f3re posiadaj\u0105 aktywne z\u0142\u0105cze RJ45.<\/p><p>Kabel zako\u0144czony trzema ko\u0144c\u00f3wkami przewodz\u0105cymi sygna\u0142 do podno\u015bnika w zale\u017cno\u015bci od po\u0142\u0105czenia styk\u00f3w- polecenie jazdy do g\u00f3ry i na d\u00f3\u0142 (kr\u00f3tki sygna\u0142 trwaj\u0105cy 0,5s).<\/p><p>Ten typ styk\u00f3w pracuj\u0119 przy niskim napi\u0119ciu 0-10 V.<\/p><p>To akcesorium jest bram\u0105 dla ca\u0142ego systemu automatyki domu jak Control4, Lutron, Crestron, Fibaro i elektrycznych wind i uchwyt\u00f3w firmy Sabaj.<\/p><p>Mog\u0105 r\u00f3wnie\u017c by\u0107 u\u017cywane z prostym prze\u0142\u0105cznikiem rolet.<\/p><p>Kabel K-PLC nie powinien znajdowa\u0107 si\u0119 w pobli\u017cu przewod\u00f3w elektrycznych lub powinien by\u0107 chroniony przed falami elektromagnetycznymi, kt\u00f3re mog\u0105 zak\u0142\u00f3ci\u0107 jego prac\u0119 np. powodowa\u0107 samoistn\u0105 aktywacj\u0119 urz\u0105dzenia.<\/p>\t\t\t\t\t\t<\/div>\n\t\t\t\t<\/div>\n\t\t\t\t\t<\/div>\n\t\t<\/div>\n\t\t\t\t\t<\/div>\n\t\t<\/section>\n\t\t\t\t<section data-particle_enable=\"false\" data-particle-mobile-disabled=\"false\" class=\"elementor-section elementor-top-section elementor-element elementor-element-45fc7f7 elementor-section-full_width elementor-section-height-default elementor-section-height-default\" data-id=\"45fc7f7\" data-element_type=\"section\">\n\t\t\t\t\t\t<div class=\"elementor-container elementor-column-gap-no\">\n\t\t\t\t\t<div class=\"elementor-column elementor-col-100 elementor-top-column elementor-element elementor-element-42dd205\" data-id=\"42dd205\" data-element_type=\"column\" data-settings=\"{&quot;background_background&quot;:&quot;classic&quot;}\">\n\t\t\t<div class=\"elementor-widget-wrap elementor-element-populated\">\n\t\t\t\t\t\t<div class=\"elementor-element elementor-element-c8e97bc elementor-widget elementor-widget-heading\" data-id=\"c8e97bc\" data-element_type=\"widget\" data-widget_type=\"heading.default\">\n\t\t\t\t<div class=\"elementor-widget-container\">\n\t\t\t<h2 class=\"elementor-heading-title elementor-size-default elementor-heading-title elementor-align-after-center\">Do pobrania<\/h2>\t\t<\/div>\n\t\t\t\t<\/div>\n\t\t\t\t<section data-particle_enable=\"false\" data-particle-mobile-disabled=\"false\" class=\"elementor-section elementor-inner-section elementor-element elementor-element-aff0bdd elementor-section-full_width elementor-section-height-default elementor-section-height-default\" data-id=\"aff0bdd\" data-element_type=\"section\" data-settings=\"{&quot;background_background&quot;:&quot;classic&quot;}\">\n\t\t\t\t\t\t<div class=\"elementor-container elementor-column-gap-no\">\n\t\t\t\t\t<div class=\"elementor-column elementor-col-50 elementor-inner-column elementor-element elementor-element-fd0a336\" data-id=\"fd0a336\" data-element_type=\"column\">\n\t\t\t<div class=\"elementor-widget-wrap elementor-element-populated\">\n\t\t\t\t\t\t<div class=\"elementor-element elementor-element-668fc4b elementor-widget elementor-widget-text-editor\" data-id=\"668fc4b\" data-element_type=\"widget\" data-widget_type=\"text-editor.default\">\n\t\t\t\t<div class=\"elementor-widget-container\">\n\t\t\t\t\t\t\t<p><strong><a href=\"https:\/\/rtv.sabaj.pl\/wp-content\/uploads\/2023\/09\/K-PLC-pl.pdf\">K-PLC-2.pdf<\/a><\/strong><\/p>\t\t\t\t\t\t<\/div>\n\t\t\t\t<\/div>\n\t\t\t\t\t<\/div>\n\t\t<\/div>\n\t\t\t\t<div class=\"elementor-column elementor-col-50 elementor-inner-column elementor-element elementor-element-164003f\" data-id=\"164003f\" data-element_type=\"column\">\n\t\t\t<div class=\"elementor-widget-wrap elementor-element-populated\">\n\t\t\t\t\t\t<div class=\"elementor-element elementor-element-88376ae elementor-view-default elementor-widget elementor-widget-icon\" data-id=\"88376ae\" data-element_type=\"widget\" data-widget_type=\"icon.default\">\n\t\t\t\t<div class=\"elementor-widget-container\">\n\t\t\t\t\t<div class=\"elementor-icon-wrapper\">\n\t\t\t<a class=\"elementor-icon\" href=\"https:\/\/rtv.sabaj.pl\/wp-content\/uploads\/2023\/09\/K-PLC-pl.pdf\">\n\t\t\t<i aria-hidden=\"true\" class=\"fas fa-download\"><\/i>\t\t\t<\/a>\n\t\t<\/div>\n\t\t\t\t<\/div>\n\t\t\t\t<\/div>\n\t\t\t\t\t<\/div>\n\t\t<\/div>\n\t\t\t\t\t<\/div>\n\t\t<\/section>\n\t\t\t\t\t<\/div>\n\t\t<\/div>\n\t\t\t\t\t<\/div>\n\t\t<\/section>\n\t\t\t\t<\/div>","protected":false},"excerpt":{"rendered":"<p>d\u0142ugo\u015b\u0107 przewodu :\u00a0<strong>5m<\/strong><\/p>","protected":false},"featured_media":9283,"template":"","meta":{"_acf_changed":false},"product_brand":[],"product_cat":[104],"product_tag":[],"class_list":{"0":"post-2749","1":"product","2":"type-product","3":"status-publish","4":"has-post-thumbnail","6":"product_cat-akcesoria","8":"first","9":"instock","10":"shipping-taxable","11":"product-type-simple"},"acf":[],"yoast_head":"<!-- This site is optimized with the Yoast SEO plugin v27.1 - https:\/\/yoast.com\/product\/yoast-seo-wordpress\/ -->\n<title>Dwukierunkowy przew\u00f3d z ko\u0144c\u00f3wkami do sterownika PLC \u2013 K-PLC - Sabaj<\/title>\n<meta name=\"description\" content=\"d\u0142ugo\u015b\u0107 przewodu :\u00a05m - Best Quality TV Lifts - Intercontinental Delivery - Sabaj\" \/>\n<meta name=\"robots\" content=\"index, follow, max-snippet:-1, max-image-preview:large, max-video-preview:-1\" \/>\n<link rel=\"canonical\" href=\"https:\/\/rtv.sabaj.pl\/pl\/produkt\/dwukierunkowy-przewod-z-koncowkami-do-sterownika-plc-k-plc\/\" \/>\n<meta property=\"og:locale\" content=\"pl_PL\" \/>\n<meta property=\"og:type\" content=\"article\" \/>\n<meta property=\"og:title\" content=\"Dwukierunkowy przew\u00f3d z ko\u0144c\u00f3wkami do sterownika PLC \u2013 K-PLC - Sabaj\" \/>\n<meta property=\"og:description\" content=\"d\u0142ugo\u015b\u0107 przewodu :\u00a05m - Best Quality TV Lifts - Intercontinental Delivery - Sabaj\" \/>\n<meta property=\"og:url\" content=\"https:\/\/rtv.sabaj.pl\/pl\/produkt\/dwukierunkowy-przewod-z-koncowkami-do-sterownika-plc-k-plc\/\" \/>\n<meta property=\"og:site_name\" content=\"Sabaj\" \/>\n<meta property=\"article:publisher\" content=\"https:\/\/pl-pl.facebook.com\/sabajgroup\/\" \/>\n<meta property=\"article:modified_time\" content=\"2024-08-29T09:37:54+00:00\" \/>\n<meta property=\"og:image\" content=\"https:\/\/rtv.sabaj.pl\/wp-content\/uploads\/2023\/02\/K-PLC-scaled.jpg\" \/>\n\t<meta property=\"og:image:width\" content=\"2560\" \/>\n\t<meta property=\"og:image:height\" content=\"2560\" \/>\n\t<meta property=\"og:image:type\" content=\"image\/jpeg\" \/>\n<meta name=\"twitter:card\" content=\"summary_large_image\" \/>\n<meta name=\"twitter:label1\" content=\"Szacowany czas czytania\" \/>\n\t<meta name=\"twitter:data1\" content=\"1 minuta\" \/>\n<script type=\"application\/ld+json\" class=\"yoast-schema-graph\">{\"@context\":\"https:\/\/schema.org\",\"@graph\":[{\"@type\":\"WebPage\",\"@id\":\"https:\/\/rtv.sabaj.pl\/product\/dwukierunkowy-przewod-z-koncowkami-do-sterownika-plc-k-plc\/\",\"url\":\"https:\/\/rtv.sabaj.pl\/product\/dwukierunkowy-przewod-z-koncowkami-do-sterownika-plc-k-plc\/\",\"name\":\"Dwukierunkowy przew\u00f3d z ko\u0144c\u00f3wkami do sterownika PLC \u2013 K-PLC - Sabaj\",\"isPartOf\":{\"@id\":\"https:\/\/rtv.sabaj.pl\/#website\"},\"primaryImageOfPage\":{\"@id\":\"https:\/\/rtv.sabaj.pl\/product\/dwukierunkowy-przewod-z-koncowkami-do-sterownika-plc-k-plc\/#primaryimage\"},\"image\":{\"@id\":\"https:\/\/rtv.sabaj.pl\/product\/dwukierunkowy-przewod-z-koncowkami-do-sterownika-plc-k-plc\/#primaryimage\"},\"thumbnailUrl\":\"https:\/\/rtv.sabaj.pl\/wp-content\/uploads\/2023\/02\/K-PLC-scaled.jpg\",\"datePublished\":\"2021-07-13T14:55:43+00:00\",\"dateModified\":\"2024-08-29T09:37:54+00:00\",\"description\":\"d\u0142ugo\u015b\u0107 przewodu :\u00a05m - Best Quality TV Lifts - Intercontinental Delivery - Sabaj\",\"breadcrumb\":{\"@id\":\"https:\/\/rtv.sabaj.pl\/product\/dwukierunkowy-przewod-z-koncowkami-do-sterownika-plc-k-plc\/#breadcrumb\"},\"inLanguage\":\"pl-PL\",\"potentialAction\":[{\"@type\":\"ReadAction\",\"target\":[\"https:\/\/rtv.sabaj.pl\/product\/dwukierunkowy-przewod-z-koncowkami-do-sterownika-plc-k-plc\/\"]}]},{\"@type\":\"ImageObject\",\"inLanguage\":\"pl-PL\",\"@id\":\"https:\/\/rtv.sabaj.pl\/product\/dwukierunkowy-przewod-z-koncowkami-do-sterownika-plc-k-plc\/#primaryimage\",\"url\":\"https:\/\/rtv.sabaj.pl\/wp-content\/uploads\/2023\/02\/K-PLC-scaled.jpg\",\"contentUrl\":\"https:\/\/rtv.sabaj.pl\/wp-content\/uploads\/2023\/02\/K-PLC-scaled.jpg\",\"width\":2560,\"height\":2560,\"caption\":\"K PLC\"},{\"@type\":\"BreadcrumbList\",\"@id\":\"https:\/\/rtv.sabaj.pl\/product\/dwukierunkowy-przewod-z-koncowkami-do-sterownika-plc-k-plc\/#breadcrumb\",\"itemListElement\":[{\"@type\":\"ListItem\",\"position\":1,\"name\":\"Katalog produkt\u00f3w\",\"item\":\"https:\/\/rtv.sabaj.pl\/shop-2\/\"},{\"@type\":\"ListItem\",\"position\":2,\"name\":\"Dwukierunkowy przew\u00f3d z ko\u0144c\u00f3wkami do sterownika PLC \u2013 K-PLC\"}]},{\"@type\":\"WebSite\",\"@id\":\"https:\/\/rtv.sabaj.pl\/#website\",\"url\":\"https:\/\/rtv.sabaj.pl\/\",\"name\":\"TV Lifts Sabaj\",\"description\":\"TV lifts are a solution that allows motorized hiding of your television in furniture, the ceiling, or the wall. With TV lifts, you can free up your living room space from a large screen, contributing to a more aesthetic and functional interior. Automating the operation of your television with TV lifts enables you to enjoy a modern, organized home. Choose TV lifts to optimize the space in your home.\",\"publisher\":{\"@id\":\"https:\/\/rtv.sabaj.pl\/#organization\"},\"alternateName\":\"RTV Sabaj\",\"potentialAction\":[{\"@type\":\"SearchAction\",\"target\":{\"@type\":\"EntryPoint\",\"urlTemplate\":\"https:\/\/rtv.sabaj.pl\/?s={search_term_string}\"},\"query-input\":{\"@type\":\"PropertyValueSpecification\",\"valueRequired\":true,\"valueName\":\"search_term_string\"}}],\"inLanguage\":\"pl-PL\"},{\"@type\":\"Organization\",\"@id\":\"https:\/\/rtv.sabaj.pl\/#organization\",\"name\":\"Sabaj\",\"url\":\"https:\/\/rtv.sabaj.pl\/\",\"logo\":{\"@type\":\"ImageObject\",\"inLanguage\":\"pl-PL\",\"@id\":\"https:\/\/rtv.sabaj.pl\/#\/schema\/logo\/image\/\",\"url\":\"https:\/\/rtv.sabaj.pl\/wp-content\/uploads\/2018\/07\/sabaj.jpg\",\"contentUrl\":\"https:\/\/rtv.sabaj.pl\/wp-content\/uploads\/2018\/07\/sabaj.jpg\",\"width\":284,\"height\":106,\"caption\":\"Sabaj\"},\"image\":{\"@id\":\"https:\/\/rtv.sabaj.pl\/#\/schema\/logo\/image\/\"},\"sameAs\":[\"https:\/\/pl-pl.facebook.com\/sabajgroup\/\",\"https:\/\/pl.linkedin.com\/company\/sabaj-system\"]}]}<\/script>\n<!-- \/ Yoast SEO plugin. -->","yoast_head_json":{"title":"Dwukierunkowy przew\u00f3d z ko\u0144c\u00f3wkami do sterownika PLC \u2013 K-PLC - Sabaj","description":"d\u0142ugo\u015b\u0107 przewodu :\u00a05m - Best Quality TV Lifts - Intercontinental Delivery - Sabaj","robots":{"index":"index","follow":"follow","max-snippet":"max-snippet:-1","max-image-preview":"max-image-preview:large","max-video-preview":"max-video-preview:-1"},"canonical":"https:\/\/rtv.sabaj.pl\/pl\/produkt\/dwukierunkowy-przewod-z-koncowkami-do-sterownika-plc-k-plc\/","og_locale":"pl_PL","og_type":"article","og_title":"Dwukierunkowy przew\u00f3d z ko\u0144c\u00f3wkami do sterownika PLC \u2013 K-PLC - Sabaj","og_description":"d\u0142ugo\u015b\u0107 przewodu :\u00a05m - Best Quality TV Lifts - Intercontinental Delivery - Sabaj","og_url":"https:\/\/rtv.sabaj.pl\/pl\/produkt\/dwukierunkowy-przewod-z-koncowkami-do-sterownika-plc-k-plc\/","og_site_name":"Sabaj","article_publisher":"https:\/\/pl-pl.facebook.com\/sabajgroup\/","article_modified_time":"2024-08-29T09:37:54+00:00","og_image":[{"width":2560,"height":2560,"url":"https:\/\/rtv.sabaj.pl\/wp-content\/uploads\/2023\/02\/K-PLC-scaled.jpg","type":"image\/jpeg"}],"twitter_card":"summary_large_image","twitter_misc":{"Szacowany czas czytania":"1 minuta"},"schema":{"@context":"https:\/\/schema.org","@graph":[{"@type":"WebPage","@id":"https:\/\/rtv.sabaj.pl\/product\/dwukierunkowy-przewod-z-koncowkami-do-sterownika-plc-k-plc\/","url":"https:\/\/rtv.sabaj.pl\/product\/dwukierunkowy-przewod-z-koncowkami-do-sterownika-plc-k-plc\/","name":"Dwukierunkowy przew\u00f3d z ko\u0144c\u00f3wkami do sterownika PLC \u2013 K-PLC - Sabaj","isPartOf":{"@id":"https:\/\/rtv.sabaj.pl\/#website"},"primaryImageOfPage":{"@id":"https:\/\/rtv.sabaj.pl\/product\/dwukierunkowy-przewod-z-koncowkami-do-sterownika-plc-k-plc\/#primaryimage"},"image":{"@id":"https:\/\/rtv.sabaj.pl\/product\/dwukierunkowy-przewod-z-koncowkami-do-sterownika-plc-k-plc\/#primaryimage"},"thumbnailUrl":"https:\/\/rtv.sabaj.pl\/wp-content\/uploads\/2023\/02\/K-PLC-scaled.jpg","datePublished":"2021-07-13T14:55:43+00:00","dateModified":"2024-08-29T09:37:54+00:00","description":"d\u0142ugo\u015b\u0107 przewodu :\u00a05m - Best Quality TV Lifts - Intercontinental Delivery - Sabaj","breadcrumb":{"@id":"https:\/\/rtv.sabaj.pl\/product\/dwukierunkowy-przewod-z-koncowkami-do-sterownika-plc-k-plc\/#breadcrumb"},"inLanguage":"pl-PL","potentialAction":[{"@type":"ReadAction","target":["https:\/\/rtv.sabaj.pl\/product\/dwukierunkowy-przewod-z-koncowkami-do-sterownika-plc-k-plc\/"]}]},{"@type":"ImageObject","inLanguage":"pl-PL","@id":"https:\/\/rtv.sabaj.pl\/product\/dwukierunkowy-przewod-z-koncowkami-do-sterownika-plc-k-plc\/#primaryimage","url":"https:\/\/rtv.sabaj.pl\/wp-content\/uploads\/2023\/02\/K-PLC-scaled.jpg","contentUrl":"https:\/\/rtv.sabaj.pl\/wp-content\/uploads\/2023\/02\/K-PLC-scaled.jpg","width":2560,"height":2560,"caption":"K PLC"},{"@type":"BreadcrumbList","@id":"https:\/\/rtv.sabaj.pl\/product\/dwukierunkowy-przewod-z-koncowkami-do-sterownika-plc-k-plc\/#breadcrumb","itemListElement":[{"@type":"ListItem","position":1,"name":"Katalog produkt\u00f3w","item":"https:\/\/rtv.sabaj.pl\/shop-2\/"},{"@type":"ListItem","position":2,"name":"Dwukierunkowy przew\u00f3d z ko\u0144c\u00f3wkami do sterownika PLC \u2013 K-PLC"}]},{"@type":"WebSite","@id":"https:\/\/rtv.sabaj.pl\/#website","url":"https:\/\/rtv.sabaj.pl\/","name":"TV Lifts Sabaj","description":"TV lifts are a solution that allows motorized hiding of your television in furniture, the ceiling, or the wall. With TV lifts, you can free up your living room space from a large screen, contributing to a more aesthetic and functional interior. Automating the operation of your television with TV lifts enables you to enjoy a modern, organized home. Choose TV lifts to optimize the space in your home.","publisher":{"@id":"https:\/\/rtv.sabaj.pl\/#organization"},"alternateName":"RTV Sabaj","potentialAction":[{"@type":"SearchAction","target":{"@type":"EntryPoint","urlTemplate":"https:\/\/rtv.sabaj.pl\/?s={search_term_string}"},"query-input":{"@type":"PropertyValueSpecification","valueRequired":true,"valueName":"search_term_string"}}],"inLanguage":"pl-PL"},{"@type":"Organization","@id":"https:\/\/rtv.sabaj.pl\/#organization","name":"Sabaj","url":"https:\/\/rtv.sabaj.pl\/","logo":{"@type":"ImageObject","inLanguage":"pl-PL","@id":"https:\/\/rtv.sabaj.pl\/#\/schema\/logo\/image\/","url":"https:\/\/rtv.sabaj.pl\/wp-content\/uploads\/2018\/07\/sabaj.jpg","contentUrl":"https:\/\/rtv.sabaj.pl\/wp-content\/uploads\/2018\/07\/sabaj.jpg","width":284,"height":106,"caption":"Sabaj"},"image":{"@id":"https:\/\/rtv.sabaj.pl\/#\/schema\/logo\/image\/"},"sameAs":["https:\/\/pl-pl.facebook.com\/sabajgroup\/","https:\/\/pl.linkedin.com\/company\/sabaj-system"]}]}},"_links":{"self":[{"href":"https:\/\/rtv.sabaj.pl\/pl\/wp-json\/wp\/v2\/product\/2749","targetHints":{"allow":["GET"]}}],"collection":[{"href":"https:\/\/rtv.sabaj.pl\/pl\/wp-json\/wp\/v2\/product"}],"about":[{"href":"https:\/\/rtv.sabaj.pl\/pl\/wp-json\/wp\/v2\/types\/product"}],"version-history":[{"count":0,"href":"https:\/\/rtv.sabaj.pl\/pl\/wp-json\/wp\/v2\/product\/2749\/revisions"}],"wp:featuredmedia":[{"embeddable":true,"href":"https:\/\/rtv.sabaj.pl\/pl\/wp-json\/wp\/v2\/media\/9283"}],"wp:attachment":[{"href":"https:\/\/rtv.sabaj.pl\/pl\/wp-json\/wp\/v2\/media?parent=2749"}],"wp:term":[{"taxonomy":"product_brand","embeddable":true,"href":"https:\/\/rtv.sabaj.pl\/pl\/wp-json\/wp\/v2\/product_brand?post=2749"},{"taxonomy":"product_cat","embeddable":true,"href":"https:\/\/rtv.sabaj.pl\/pl\/wp-json\/wp\/v2\/product_cat?post=2749"},{"taxonomy":"product_tag","embeddable":true,"href":"https:\/\/rtv.sabaj.pl\/pl\/wp-json\/wp\/v2\/product_tag?post=2749"}],"curies":[{"name":"wp","href":"https:\/\/api.w.org\/{rel}","templated":true}]}}