{"id":2781,"date":"2021-07-13T17:05:01","date_gmt":"2021-07-13T15:05:01","guid":{"rendered":"https:\/\/rtv.sabaj.pl\/?post_type=product&#038;p=2781"},"modified":"2024-08-29T11:36:27","modified_gmt":"2024-08-29T09:36:27","slug":"pilot-demo-do-podnosnikow-tv-sabaj-rf-demo-2ch","status":"publish","type":"product","link":"https:\/\/rtv.sabaj.pl\/pl\/produkt\/pilot-demo-do-podnosnikow-tv-sabaj-rf-demo-2ch\/","title":{"rendered":"Pilot demo do podno\u015bnik\u00f3w TV Sabaj \u2013 RF DEMO 2CH"},"content":{"rendered":"<div data-elementor-type=\"wp-post\" data-elementor-id=\"2781\" class=\"elementor elementor-2781\" data-elementor-post-type=\"product\">\n\t\t\t\t\t\t<section data-particle_enable=\"false\" data-particle-mobile-disabled=\"false\" class=\"elementor-section elementor-top-section elementor-element elementor-element-c16534a elementor-section-full_width elementor-section-height-default elementor-section-height-default\" data-id=\"c16534a\" data-element_type=\"section\" id=\"opis\" data-settings=\"{&quot;background_background&quot;:&quot;classic&quot;}\">\n\t\t\t\t\t\t<div class=\"elementor-container elementor-column-gap-wide\">\n\t\t\t\t\t<div class=\"elementor-column elementor-col-100 elementor-top-column elementor-element elementor-element-3f420bc9\" data-id=\"3f420bc9\" data-element_type=\"column\">\n\t\t\t<div class=\"elementor-widget-wrap elementor-element-populated\">\n\t\t\t\t\t\t<div class=\"elementor-element elementor-element-15ae5bbc elementor-widget elementor-widget-text-editor\" data-id=\"15ae5bbc\" data-element_type=\"widget\" data-widget_type=\"text-editor.default\">\n\t\t\t\t<div class=\"elementor-widget-container\">\n\t\t\t\t\t\t\t<p>Idealne rozwi\u0105zanie do prezentacji produkt\u00f3w na wystawach sklepowych i stanowiskach pokazowych.<\/p><p>Jeden pilot mo\u017ce obs\u0142u\u017cy\u0107 do 10 podno\u015bnik\u00f3w na raz b\u0119d\u0105cych w jego zasi\u0119gu.<\/p><p>Urz\u0105dzenie dzia\u0142a jako automatyczny pilot radiowy do wszystkich urz\u0105dze\u0144 produkowanych przez Sabaj System .<\/p><p>Mo\u017cliwo\u015b\u0107 ustawienia cyklu otwarcia zamkni\u0119cia od 1 do 15 minut z krokiem co 1 minut\u0119 .<\/p><p>Czas zamkni\u0119cia trwa zawsze 1 minut\u0119.<\/p>\t\t\t\t\t\t<\/div>\n\t\t\t\t<\/div>\n\t\t\t\t\t<\/div>\n\t\t<\/div>\n\t\t\t\t\t<\/div>\n\t\t<\/section>\n\t\t\t\t<section data-particle_enable=\"false\" data-particle-mobile-disabled=\"false\" class=\"elementor-section elementor-top-section elementor-element elementor-element-45fc7f7 elementor-section-full_width elementor-section-height-default elementor-section-height-default\" data-id=\"45fc7f7\" data-element_type=\"section\">\n\t\t\t\t\t\t<div class=\"elementor-container elementor-column-gap-no\">\n\t\t\t\t\t<div class=\"elementor-column elementor-col-100 elementor-top-column elementor-element elementor-element-42dd205\" data-id=\"42dd205\" data-element_type=\"column\" data-settings=\"{&quot;background_background&quot;:&quot;classic&quot;}\">\n\t\t\t<div class=\"elementor-widget-wrap elementor-element-populated\">\n\t\t\t\t\t\t<div class=\"elementor-element elementor-element-c8e97bc elementor-widget elementor-widget-heading\" data-id=\"c8e97bc\" data-element_type=\"widget\" data-widget_type=\"heading.default\">\n\t\t\t\t<div class=\"elementor-widget-container\">\n\t\t\t<h2 class=\"elementor-heading-title elementor-size-default elementor-heading-title elementor-align-after-center\">Do pobrania<\/h2>\t\t<\/div>\n\t\t\t\t<\/div>\n\t\t\t\t<section data-particle_enable=\"false\" data-particle-mobile-disabled=\"false\" class=\"elementor-section elementor-inner-section elementor-element elementor-element-aff0bdd elementor-section-full_width elementor-section-height-default elementor-section-height-default\" data-id=\"aff0bdd\" data-element_type=\"section\" data-settings=\"{&quot;background_background&quot;:&quot;classic&quot;}\">\n\t\t\t\t\t\t<div class=\"elementor-container elementor-column-gap-no\">\n\t\t\t\t\t<div class=\"elementor-column elementor-col-50 elementor-inner-column elementor-element elementor-element-fd0a336\" data-id=\"fd0a336\" data-element_type=\"column\">\n\t\t\t<div class=\"elementor-widget-wrap elementor-element-populated\">\n\t\t\t\t\t\t<div class=\"elementor-element elementor-element-668fc4b elementor-widget elementor-widget-text-editor\" data-id=\"668fc4b\" data-element_type=\"widget\" data-widget_type=\"text-editor.default\">\n\t\t\t\t<div class=\"elementor-widget-container\">\n\t\t\t\t\t\t\t<p><strong>Schema.png<\/strong><\/p>\t\t\t\t\t\t<\/div>\n\t\t\t\t<\/div>\n\t\t\t\t\t<\/div>\n\t\t<\/div>\n\t\t\t\t<div class=\"elementor-column elementor-col-50 elementor-inner-column elementor-element elementor-element-164003f\" data-id=\"164003f\" data-element_type=\"column\">\n\t\t\t<div class=\"elementor-widget-wrap elementor-element-populated\">\n\t\t\t\t\t\t<div class=\"elementor-element elementor-element-88376ae elementor-view-default elementor-widget elementor-widget-icon\" data-id=\"88376ae\" data-element_type=\"widget\" data-widget_type=\"icon.default\">\n\t\t\t\t<div class=\"elementor-widget-container\">\n\t\t\t\t\t<div class=\"elementor-icon-wrapper\">\n\t\t\t<a class=\"elementor-icon\" href=\"\/wp-content\/uploads\/2021\/07\/schema.png\">\n\t\t\t<i aria-hidden=\"true\" class=\"fas fa-download\"><\/i>\t\t\t<\/a>\n\t\t<\/div>\n\t\t\t\t<\/div>\n\t\t\t\t<\/div>\n\t\t\t\t\t<\/div>\n\t\t<\/div>\n\t\t\t\t\t<\/div>\n\t\t<\/section>\n\t\t\t\t\t<\/div>\n\t\t<\/div>\n\t\t\t\t\t<\/div>\n\t\t<\/section>\n\t\t\t\t<\/div>","protected":false},"excerpt":{"rendered":"<div class=\"col-xs-12 tabela\">\n<p>Zasilanie: 230 V. Zasilacz w zestawie.<\/p>\n<p>Diody sygnalizuj\u0105ce tryb pracy + sygna\u0142y d\u017awi\u0119kowe<\/p>\n<p>Zasi\u0119g: 20 metr\u00f3w<\/p>\n<\/div>","protected":false},"featured_media":3757,"template":"","meta":{"_acf_changed":false},"product_brand":[],"product_cat":[104],"product_tag":[],"class_list":{"0":"post-2781","1":"product","2":"type-product","3":"status-publish","4":"has-post-thumbnail","6":"product_cat-akcesoria","8":"first","9":"instock","10":"shipping-taxable","11":"product-type-simple"},"acf":[],"yoast_head":"<!-- This site is optimized with the Yoast SEO plugin v27.1 - https:\/\/yoast.com\/product\/yoast-seo-wordpress\/ -->\n<title>Pilot demo do podno\u015bnik\u00f3w TV Sabaj \u2013 RF DEMO 2CH - Sabaj<\/title>\n<meta name=\"description\" content=\"Zasilanie: 230 V. Zasilacz w zestawie.  Diody sygnalizuj\u0105ce tryb pracy + sygna\u0142y d\u017awi\u0119kowe  Zasi\u0119g: 20 metr\u00f3w - Best Quality TV Lifts - Intercontinental Delivery - Sabaj\" \/>\n<meta name=\"robots\" content=\"index, follow, max-snippet:-1, max-image-preview:large, max-video-preview:-1\" \/>\n<link rel=\"canonical\" href=\"https:\/\/rtv.sabaj.pl\/pl\/produkt\/pilot-demo-do-podnosnikow-tv-sabaj-rf-demo-2ch\/\" \/>\n<meta property=\"og:locale\" content=\"pl_PL\" \/>\n<meta property=\"og:type\" content=\"article\" \/>\n<meta property=\"og:title\" content=\"Pilot demo do podno\u015bnik\u00f3w TV Sabaj \u2013 RF DEMO 2CH - Sabaj\" \/>\n<meta property=\"og:description\" content=\"Zasilanie: 230 V. Zasilacz w zestawie.  Diody sygnalizuj\u0105ce tryb pracy + sygna\u0142y d\u017awi\u0119kowe  Zasi\u0119g: 20 metr\u00f3w - Best Quality TV Lifts - Intercontinental Delivery - Sabaj\" \/>\n<meta property=\"og:url\" content=\"https:\/\/rtv.sabaj.pl\/pl\/produkt\/pilot-demo-do-podnosnikow-tv-sabaj-rf-demo-2ch\/\" \/>\n<meta property=\"og:site_name\" content=\"Sabaj\" \/>\n<meta property=\"article:publisher\" content=\"https:\/\/pl-pl.facebook.com\/sabajgroup\/\" \/>\n<meta property=\"article:modified_time\" content=\"2024-08-29T09:36:27+00:00\" \/>\n<meta property=\"og:image\" content=\"https:\/\/rtv.sabaj.pl\/wp-content\/uploads\/2021\/07\/P102222007-Edit-scaled.jpg\" \/>\n\t<meta property=\"og:image:width\" content=\"2560\" \/>\n\t<meta property=\"og:image:height\" content=\"2537\" \/>\n\t<meta property=\"og:image:type\" content=\"image\/jpeg\" \/>\n<meta name=\"twitter:card\" content=\"summary_large_image\" \/>\n<meta name=\"twitter:label1\" content=\"Szacowany czas czytania\" \/>\n\t<meta name=\"twitter:data1\" content=\"1 minuta\" \/>\n<script type=\"application\/ld+json\" class=\"yoast-schema-graph\">{\"@context\":\"https:\/\/schema.org\",\"@graph\":[{\"@type\":\"WebPage\",\"@id\":\"https:\/\/rtv.sabaj.pl\/product\/pilot-demo-do-podnosnikow-tv-sabaj-rf-demo-2ch\/\",\"url\":\"https:\/\/rtv.sabaj.pl\/product\/pilot-demo-do-podnosnikow-tv-sabaj-rf-demo-2ch\/\",\"name\":\"Pilot demo do podno\u015bnik\u00f3w TV Sabaj \u2013 RF DEMO 2CH - Sabaj\",\"isPartOf\":{\"@id\":\"https:\/\/rtv.sabaj.pl\/#website\"},\"primaryImageOfPage\":{\"@id\":\"https:\/\/rtv.sabaj.pl\/product\/pilot-demo-do-podnosnikow-tv-sabaj-rf-demo-2ch\/#primaryimage\"},\"image\":{\"@id\":\"https:\/\/rtv.sabaj.pl\/product\/pilot-demo-do-podnosnikow-tv-sabaj-rf-demo-2ch\/#primaryimage\"},\"thumbnailUrl\":\"https:\/\/rtv.sabaj.pl\/wp-content\/uploads\/2021\/07\/P102222007-Edit-scaled.jpg\",\"datePublished\":\"2021-07-13T15:05:01+00:00\",\"dateModified\":\"2024-08-29T09:36:27+00:00\",\"description\":\"Zasilanie: 230 V. Zasilacz w zestawie. Diody sygnalizuj\u0105ce tryb pracy + sygna\u0142y d\u017awi\u0119kowe Zasi\u0119g: 20 metr\u00f3w - Best Quality TV Lifts - Intercontinental Delivery - Sabaj\",\"breadcrumb\":{\"@id\":\"https:\/\/rtv.sabaj.pl\/product\/pilot-demo-do-podnosnikow-tv-sabaj-rf-demo-2ch\/#breadcrumb\"},\"inLanguage\":\"pl-PL\",\"potentialAction\":[{\"@type\":\"ReadAction\",\"target\":[\"https:\/\/rtv.sabaj.pl\/product\/pilot-demo-do-podnosnikow-tv-sabaj-rf-demo-2ch\/\"]}]},{\"@type\":\"ImageObject\",\"inLanguage\":\"pl-PL\",\"@id\":\"https:\/\/rtv.sabaj.pl\/product\/pilot-demo-do-podnosnikow-tv-sabaj-rf-demo-2ch\/#primaryimage\",\"url\":\"https:\/\/rtv.sabaj.pl\/wp-content\/uploads\/2021\/07\/P102222007-Edit-scaled.jpg\",\"contentUrl\":\"https:\/\/rtv.sabaj.pl\/wp-content\/uploads\/2021\/07\/P102222007-Edit-scaled.jpg\",\"width\":2560,\"height\":2537,\"caption\":\"P102222007 Edit scaled\"},{\"@type\":\"BreadcrumbList\",\"@id\":\"https:\/\/rtv.sabaj.pl\/product\/pilot-demo-do-podnosnikow-tv-sabaj-rf-demo-2ch\/#breadcrumb\",\"itemListElement\":[{\"@type\":\"ListItem\",\"position\":1,\"name\":\"Katalog produkt\u00f3w\",\"item\":\"https:\/\/rtv.sabaj.pl\/shop-2\/\"},{\"@type\":\"ListItem\",\"position\":2,\"name\":\"Pilot demo do podno\u015bnik\u00f3w TV Sabaj \u2013 RF DEMO 2CH\"}]},{\"@type\":\"WebSite\",\"@id\":\"https:\/\/rtv.sabaj.pl\/#website\",\"url\":\"https:\/\/rtv.sabaj.pl\/\",\"name\":\"TV Lifts Sabaj\",\"description\":\"TV lifts are a solution that allows motorized hiding of your television in furniture, the ceiling, or the wall. With TV lifts, you can free up your living room space from a large screen, contributing to a more aesthetic and functional interior. Automating the operation of your television with TV lifts enables you to enjoy a modern, organized home. Choose TV lifts to optimize the space in your home.\",\"publisher\":{\"@id\":\"https:\/\/rtv.sabaj.pl\/#organization\"},\"alternateName\":\"RTV Sabaj\",\"potentialAction\":[{\"@type\":\"SearchAction\",\"target\":{\"@type\":\"EntryPoint\",\"urlTemplate\":\"https:\/\/rtv.sabaj.pl\/?s={search_term_string}\"},\"query-input\":{\"@type\":\"PropertyValueSpecification\",\"valueRequired\":true,\"valueName\":\"search_term_string\"}}],\"inLanguage\":\"pl-PL\"},{\"@type\":\"Organization\",\"@id\":\"https:\/\/rtv.sabaj.pl\/#organization\",\"name\":\"Sabaj\",\"url\":\"https:\/\/rtv.sabaj.pl\/\",\"logo\":{\"@type\":\"ImageObject\",\"inLanguage\":\"pl-PL\",\"@id\":\"https:\/\/rtv.sabaj.pl\/#\/schema\/logo\/image\/\",\"url\":\"https:\/\/rtv.sabaj.pl\/wp-content\/uploads\/2018\/07\/sabaj.jpg\",\"contentUrl\":\"https:\/\/rtv.sabaj.pl\/wp-content\/uploads\/2018\/07\/sabaj.jpg\",\"width\":284,\"height\":106,\"caption\":\"Sabaj\"},\"image\":{\"@id\":\"https:\/\/rtv.sabaj.pl\/#\/schema\/logo\/image\/\"},\"sameAs\":[\"https:\/\/pl-pl.facebook.com\/sabajgroup\/\",\"https:\/\/pl.linkedin.com\/company\/sabaj-system\"]}]}<\/script>\n<!-- \/ Yoast SEO plugin. -->","yoast_head_json":{"title":"Pilot demo do podno\u015bnik\u00f3w TV Sabaj \u2013 RF DEMO 2CH - Sabaj","description":"Zasilanie: 230 V. Zasilacz w zestawie.  Diody sygnalizuj\u0105ce tryb pracy + sygna\u0142y d\u017awi\u0119kowe  Zasi\u0119g: 20 metr\u00f3w - Best Quality TV Lifts - Intercontinental Delivery - Sabaj","robots":{"index":"index","follow":"follow","max-snippet":"max-snippet:-1","max-image-preview":"max-image-preview:large","max-video-preview":"max-video-preview:-1"},"canonical":"https:\/\/rtv.sabaj.pl\/pl\/produkt\/pilot-demo-do-podnosnikow-tv-sabaj-rf-demo-2ch\/","og_locale":"pl_PL","og_type":"article","og_title":"Pilot demo do podno\u015bnik\u00f3w TV Sabaj \u2013 RF DEMO 2CH - Sabaj","og_description":"Zasilanie: 230 V. Zasilacz w zestawie.  Diody sygnalizuj\u0105ce tryb pracy + sygna\u0142y d\u017awi\u0119kowe  Zasi\u0119g: 20 metr\u00f3w - Best Quality TV Lifts - Intercontinental Delivery - Sabaj","og_url":"https:\/\/rtv.sabaj.pl\/pl\/produkt\/pilot-demo-do-podnosnikow-tv-sabaj-rf-demo-2ch\/","og_site_name":"Sabaj","article_publisher":"https:\/\/pl-pl.facebook.com\/sabajgroup\/","article_modified_time":"2024-08-29T09:36:27+00:00","og_image":[{"width":2560,"height":2537,"url":"https:\/\/rtv.sabaj.pl\/wp-content\/uploads\/2021\/07\/P102222007-Edit-scaled.jpg","type":"image\/jpeg"}],"twitter_card":"summary_large_image","twitter_misc":{"Szacowany czas czytania":"1 minuta"},"schema":{"@context":"https:\/\/schema.org","@graph":[{"@type":"WebPage","@id":"https:\/\/rtv.sabaj.pl\/product\/pilot-demo-do-podnosnikow-tv-sabaj-rf-demo-2ch\/","url":"https:\/\/rtv.sabaj.pl\/product\/pilot-demo-do-podnosnikow-tv-sabaj-rf-demo-2ch\/","name":"Pilot demo do podno\u015bnik\u00f3w TV Sabaj \u2013 RF DEMO 2CH - Sabaj","isPartOf":{"@id":"https:\/\/rtv.sabaj.pl\/#website"},"primaryImageOfPage":{"@id":"https:\/\/rtv.sabaj.pl\/product\/pilot-demo-do-podnosnikow-tv-sabaj-rf-demo-2ch\/#primaryimage"},"image":{"@id":"https:\/\/rtv.sabaj.pl\/product\/pilot-demo-do-podnosnikow-tv-sabaj-rf-demo-2ch\/#primaryimage"},"thumbnailUrl":"https:\/\/rtv.sabaj.pl\/wp-content\/uploads\/2021\/07\/P102222007-Edit-scaled.jpg","datePublished":"2021-07-13T15:05:01+00:00","dateModified":"2024-08-29T09:36:27+00:00","description":"Zasilanie: 230 V. Zasilacz w zestawie. Diody sygnalizuj\u0105ce tryb pracy + sygna\u0142y d\u017awi\u0119kowe Zasi\u0119g: 20 metr\u00f3w - Best Quality TV Lifts - Intercontinental Delivery - Sabaj","breadcrumb":{"@id":"https:\/\/rtv.sabaj.pl\/product\/pilot-demo-do-podnosnikow-tv-sabaj-rf-demo-2ch\/#breadcrumb"},"inLanguage":"pl-PL","potentialAction":[{"@type":"ReadAction","target":["https:\/\/rtv.sabaj.pl\/product\/pilot-demo-do-podnosnikow-tv-sabaj-rf-demo-2ch\/"]}]},{"@type":"ImageObject","inLanguage":"pl-PL","@id":"https:\/\/rtv.sabaj.pl\/product\/pilot-demo-do-podnosnikow-tv-sabaj-rf-demo-2ch\/#primaryimage","url":"https:\/\/rtv.sabaj.pl\/wp-content\/uploads\/2021\/07\/P102222007-Edit-scaled.jpg","contentUrl":"https:\/\/rtv.sabaj.pl\/wp-content\/uploads\/2021\/07\/P102222007-Edit-scaled.jpg","width":2560,"height":2537,"caption":"P102222007 Edit scaled"},{"@type":"BreadcrumbList","@id":"https:\/\/rtv.sabaj.pl\/product\/pilot-demo-do-podnosnikow-tv-sabaj-rf-demo-2ch\/#breadcrumb","itemListElement":[{"@type":"ListItem","position":1,"name":"Katalog produkt\u00f3w","item":"https:\/\/rtv.sabaj.pl\/shop-2\/"},{"@type":"ListItem","position":2,"name":"Pilot demo do podno\u015bnik\u00f3w TV Sabaj \u2013 RF DEMO 2CH"}]},{"@type":"WebSite","@id":"https:\/\/rtv.sabaj.pl\/#website","url":"https:\/\/rtv.sabaj.pl\/","name":"TV Lifts Sabaj","description":"TV lifts are a solution that allows motorized hiding of your television in furniture, the ceiling, or the wall. With TV lifts, you can free up your living room space from a large screen, contributing to a more aesthetic and functional interior. Automating the operation of your television with TV lifts enables you to enjoy a modern, organized home. Choose TV lifts to optimize the space in your home.","publisher":{"@id":"https:\/\/rtv.sabaj.pl\/#organization"},"alternateName":"RTV Sabaj","potentialAction":[{"@type":"SearchAction","target":{"@type":"EntryPoint","urlTemplate":"https:\/\/rtv.sabaj.pl\/?s={search_term_string}"},"query-input":{"@type":"PropertyValueSpecification","valueRequired":true,"valueName":"search_term_string"}}],"inLanguage":"pl-PL"},{"@type":"Organization","@id":"https:\/\/rtv.sabaj.pl\/#organization","name":"Sabaj","url":"https:\/\/rtv.sabaj.pl\/","logo":{"@type":"ImageObject","inLanguage":"pl-PL","@id":"https:\/\/rtv.sabaj.pl\/#\/schema\/logo\/image\/","url":"https:\/\/rtv.sabaj.pl\/wp-content\/uploads\/2018\/07\/sabaj.jpg","contentUrl":"https:\/\/rtv.sabaj.pl\/wp-content\/uploads\/2018\/07\/sabaj.jpg","width":284,"height":106,"caption":"Sabaj"},"image":{"@id":"https:\/\/rtv.sabaj.pl\/#\/schema\/logo\/image\/"},"sameAs":["https:\/\/pl-pl.facebook.com\/sabajgroup\/","https:\/\/pl.linkedin.com\/company\/sabaj-system"]}]}},"_links":{"self":[{"href":"https:\/\/rtv.sabaj.pl\/pl\/wp-json\/wp\/v2\/product\/2781","targetHints":{"allow":["GET"]}}],"collection":[{"href":"https:\/\/rtv.sabaj.pl\/pl\/wp-json\/wp\/v2\/product"}],"about":[{"href":"https:\/\/rtv.sabaj.pl\/pl\/wp-json\/wp\/v2\/types\/product"}],"version-history":[{"count":0,"href":"https:\/\/rtv.sabaj.pl\/pl\/wp-json\/wp\/v2\/product\/2781\/revisions"}],"wp:featuredmedia":[{"embeddable":true,"href":"https:\/\/rtv.sabaj.pl\/pl\/wp-json\/wp\/v2\/media\/3757"}],"wp:attachment":[{"href":"https:\/\/rtv.sabaj.pl\/pl\/wp-json\/wp\/v2\/media?parent=2781"}],"wp:term":[{"taxonomy":"product_brand","embeddable":true,"href":"https:\/\/rtv.sabaj.pl\/pl\/wp-json\/wp\/v2\/product_brand?post=2781"},{"taxonomy":"product_cat","embeddable":true,"href":"https:\/\/rtv.sabaj.pl\/pl\/wp-json\/wp\/v2\/product_cat?post=2781"},{"taxonomy":"product_tag","embeddable":true,"href":"https:\/\/rtv.sabaj.pl\/pl\/wp-json\/wp\/v2\/product_tag?post=2781"}],"curies":[{"name":"wp","href":"https:\/\/api.w.org\/{rel}","templated":true}]}}