{"id":3791,"date":"2021-07-14T14:46:11","date_gmt":"2021-07-14T12:46:11","guid":{"rendered":"https:\/\/rtv.sabaj.pl\/?post_type=product&#038;p=3791"},"modified":"2025-09-30T15:15:15","modified_gmt":"2025-09-30T13:15:15","slug":"rf-remote-4w-sabaj-tv-lifts","status":"publish","type":"product","link":"https:\/\/rtv.sabaj.pl\/pl\/produkt\/rf-remote-4w-sabaj-tv-lifts\/","title":{"rendered":"Pilot RF 4W do podno\u015bnik\u00f3w TV Sabaj"},"content":{"rendered":"","protected":false},"excerpt":{"rendered":"<p>Kompatybilny ze wszystkimi podno\u015bnikami telewizyjnymi Sabaj z pilotem radiowym. Zdalne sterowanie za pomoc\u0105 cz\u0119stotliwo\u015bci radiowej dla wszystkich typ\u00f3w podno\u015bnik\u00f3w telewizyjnych i stojak\u00f3w SABAJ.<\/p>","protected":false},"featured_media":26907,"template":"","meta":{"_acf_changed":false},"product_brand":[],"product_cat":[145,826,828,836,834,830,832],"product_tag":[],"class_list":{"0":"post-3791","1":"product","2":"type-product","3":"status-publish","4":"has-post-thumbnail","6":"product_cat-accessories","7":"product_cat-accessories-all-products","8":"product_cat-accessories-for-mobil-lift","9":"product_cat-accessories-for-monitor-lift","10":"product_cat-accessories-for-projector-lift","11":"product_cat-accessories-for-tv-lifts","12":"product_cat-accessories-for-wall-mounts","14":"first","15":"instock","16":"shipping-taxable","17":"product-type-simple"},"acf":[],"yoast_head":"<!-- This site is optimized with the Yoast SEO plugin v27.1 - https:\/\/yoast.com\/product\/yoast-seo-wordpress\/ -->\n<title>RF Remote 4W for Sabaj Tv Lifts - Sabaj<\/title>\n<meta name=\"description\" content=\"Radiofrequency controlled remote for all types of SABAJ TV Lifts and TV stands. - Best Quality TV Lifts - Intercontinental Delivery - Sabaj\" \/>\n<meta name=\"robots\" content=\"index, follow, max-snippet:-1, max-image-preview:large, max-video-preview:-1\" \/>\n<link rel=\"canonical\" href=\"https:\/\/rtv.sabaj.pl\/pl\/produkt\/rf-remote-4w-sabaj-tv-lifts\/\" \/>\n<meta property=\"og:locale\" content=\"pl_PL\" \/>\n<meta property=\"og:type\" content=\"article\" \/>\n<meta property=\"og:title\" content=\"RF Remote 4W for Sabaj Tv Lifts - Sabaj\" \/>\n<meta property=\"og:description\" content=\"Radiofrequency controlled remote for all types of SABAJ TV Lifts and TV stands. - Best Quality TV Lifts - Intercontinental Delivery - Sabaj\" \/>\n<meta property=\"og:url\" content=\"https:\/\/rtv.sabaj.pl\/pl\/produkt\/rf-remote-4w-sabaj-tv-lifts\/\" \/>\n<meta property=\"og:site_name\" content=\"Sabaj\" \/>\n<meta property=\"article:publisher\" content=\"https:\/\/pl-pl.facebook.com\/sabajgroup\/\" \/>\n<meta property=\"article:modified_time\" content=\"2025-09-30T13:15:15+00:00\" \/>\n<meta property=\"og:image\" content=\"https:\/\/rtv.sabaj.pl\/wp-content\/uploads\/2021\/07\/pilot-rf-remote-4w-1.jpg\" \/>\n\t<meta property=\"og:image:width\" content=\"1458\" \/>\n\t<meta property=\"og:image:height\" content=\"1448\" \/>\n\t<meta property=\"og:image:type\" content=\"image\/jpeg\" \/>\n<meta name=\"twitter:card\" content=\"summary_large_image\" \/>\n<meta name=\"twitter:label1\" content=\"Szacowany czas czytania\" \/>\n\t<meta name=\"twitter:data1\" content=\"1 minuta\" \/>\n<script type=\"application\/ld+json\" class=\"yoast-schema-graph\">{\"@context\":\"https:\/\/schema.org\",\"@graph\":[{\"@type\":\"WebPage\",\"@id\":\"https:\/\/rtv.sabaj.pl\/product\/rf-remote-4w-sabaj-tv-lifts\/\",\"url\":\"https:\/\/rtv.sabaj.pl\/product\/rf-remote-4w-sabaj-tv-lifts\/\",\"name\":\"RF Remote 4W for Sabaj Tv Lifts - Sabaj\",\"isPartOf\":{\"@id\":\"https:\/\/rtv.sabaj.pl\/#website\"},\"primaryImageOfPage\":{\"@id\":\"https:\/\/rtv.sabaj.pl\/product\/rf-remote-4w-sabaj-tv-lifts\/#primaryimage\"},\"image\":{\"@id\":\"https:\/\/rtv.sabaj.pl\/product\/rf-remote-4w-sabaj-tv-lifts\/#primaryimage\"},\"thumbnailUrl\":\"https:\/\/rtv.sabaj.pl\/wp-content\/uploads\/2021\/07\/pilot-rf-remote-4w-1.jpg\",\"datePublished\":\"2021-07-14T12:46:11+00:00\",\"dateModified\":\"2025-09-30T13:15:15+00:00\",\"description\":\"Radiofrequency controlled remote for all types of SABAJ TV Lifts and TV stands. - Best Quality TV Lifts - Intercontinental Delivery - Sabaj\",\"breadcrumb\":{\"@id\":\"https:\/\/rtv.sabaj.pl\/product\/rf-remote-4w-sabaj-tv-lifts\/#breadcrumb\"},\"inLanguage\":\"pl-PL\",\"potentialAction\":[{\"@type\":\"ReadAction\",\"target\":[\"https:\/\/rtv.sabaj.pl\/product\/rf-remote-4w-sabaj-tv-lifts\/\"]}]},{\"@type\":\"ImageObject\",\"inLanguage\":\"pl-PL\",\"@id\":\"https:\/\/rtv.sabaj.pl\/product\/rf-remote-4w-sabaj-tv-lifts\/#primaryimage\",\"url\":\"https:\/\/rtv.sabaj.pl\/wp-content\/uploads\/2021\/07\/pilot-rf-remote-4w-1.jpg\",\"contentUrl\":\"https:\/\/rtv.sabaj.pl\/wp-content\/uploads\/2021\/07\/pilot-rf-remote-4w-1.jpg\",\"width\":1458,\"height\":1448,\"caption\":\"pilot rf remote 4w\"},{\"@type\":\"BreadcrumbList\",\"@id\":\"https:\/\/rtv.sabaj.pl\/product\/rf-remote-4w-sabaj-tv-lifts\/#breadcrumb\",\"itemListElement\":[{\"@type\":\"ListItem\",\"position\":1,\"name\":\"Katalog produkt\u00f3w\",\"item\":\"https:\/\/rtv.sabaj.pl\/shop-2\/\"},{\"@type\":\"ListItem\",\"position\":2,\"name\":\"RF Remote 4W for Sabaj Tv Lifts\"}]},{\"@type\":\"WebSite\",\"@id\":\"https:\/\/rtv.sabaj.pl\/#website\",\"url\":\"https:\/\/rtv.sabaj.pl\/\",\"name\":\"TV Lifts Sabaj\",\"description\":\"TV lifts are a solution that allows motorized hiding of your television in furniture, the ceiling, or the wall. With TV lifts, you can free up your living room space from a large screen, contributing to a more aesthetic and functional interior. Automating the operation of your television with TV lifts enables you to enjoy a modern, organized home. Choose TV lifts to optimize the space in your home.\",\"publisher\":{\"@id\":\"https:\/\/rtv.sabaj.pl\/#organization\"},\"alternateName\":\"RTV Sabaj\",\"potentialAction\":[{\"@type\":\"SearchAction\",\"target\":{\"@type\":\"EntryPoint\",\"urlTemplate\":\"https:\/\/rtv.sabaj.pl\/?s={search_term_string}\"},\"query-input\":{\"@type\":\"PropertyValueSpecification\",\"valueRequired\":true,\"valueName\":\"search_term_string\"}}],\"inLanguage\":\"pl-PL\"},{\"@type\":\"Organization\",\"@id\":\"https:\/\/rtv.sabaj.pl\/#organization\",\"name\":\"Sabaj\",\"url\":\"https:\/\/rtv.sabaj.pl\/\",\"logo\":{\"@type\":\"ImageObject\",\"inLanguage\":\"pl-PL\",\"@id\":\"https:\/\/rtv.sabaj.pl\/#\/schema\/logo\/image\/\",\"url\":\"https:\/\/rtv.sabaj.pl\/wp-content\/uploads\/2018\/07\/sabaj.jpg\",\"contentUrl\":\"https:\/\/rtv.sabaj.pl\/wp-content\/uploads\/2018\/07\/sabaj.jpg\",\"width\":284,\"height\":106,\"caption\":\"Sabaj\"},\"image\":{\"@id\":\"https:\/\/rtv.sabaj.pl\/#\/schema\/logo\/image\/\"},\"sameAs\":[\"https:\/\/pl-pl.facebook.com\/sabajgroup\/\",\"https:\/\/pl.linkedin.com\/company\/sabaj-system\"]}]}<\/script>\n<!-- \/ Yoast SEO plugin. -->","yoast_head_json":{"title":"RF Remote 4W for Sabaj Tv Lifts - Sabaj","description":"Radiofrequency controlled remote for all types of SABAJ TV Lifts and TV stands. - Best Quality TV Lifts - Intercontinental Delivery - Sabaj","robots":{"index":"index","follow":"follow","max-snippet":"max-snippet:-1","max-image-preview":"max-image-preview:large","max-video-preview":"max-video-preview:-1"},"canonical":"https:\/\/rtv.sabaj.pl\/pl\/produkt\/rf-remote-4w-sabaj-tv-lifts\/","og_locale":"pl_PL","og_type":"article","og_title":"RF Remote 4W for Sabaj Tv Lifts - Sabaj","og_description":"Radiofrequency controlled remote for all types of SABAJ TV Lifts and TV stands. - Best Quality TV Lifts - Intercontinental Delivery - Sabaj","og_url":"https:\/\/rtv.sabaj.pl\/pl\/produkt\/rf-remote-4w-sabaj-tv-lifts\/","og_site_name":"Sabaj","article_publisher":"https:\/\/pl-pl.facebook.com\/sabajgroup\/","article_modified_time":"2025-09-30T13:15:15+00:00","og_image":[{"width":1458,"height":1448,"url":"https:\/\/rtv.sabaj.pl\/wp-content\/uploads\/2021\/07\/pilot-rf-remote-4w-1.jpg","type":"image\/jpeg"}],"twitter_card":"summary_large_image","twitter_misc":{"Szacowany czas czytania":"1 minuta"},"schema":{"@context":"https:\/\/schema.org","@graph":[{"@type":"WebPage","@id":"https:\/\/rtv.sabaj.pl\/product\/rf-remote-4w-sabaj-tv-lifts\/","url":"https:\/\/rtv.sabaj.pl\/product\/rf-remote-4w-sabaj-tv-lifts\/","name":"RF Remote 4W for Sabaj Tv Lifts - Sabaj","isPartOf":{"@id":"https:\/\/rtv.sabaj.pl\/#website"},"primaryImageOfPage":{"@id":"https:\/\/rtv.sabaj.pl\/product\/rf-remote-4w-sabaj-tv-lifts\/#primaryimage"},"image":{"@id":"https:\/\/rtv.sabaj.pl\/product\/rf-remote-4w-sabaj-tv-lifts\/#primaryimage"},"thumbnailUrl":"https:\/\/rtv.sabaj.pl\/wp-content\/uploads\/2021\/07\/pilot-rf-remote-4w-1.jpg","datePublished":"2021-07-14T12:46:11+00:00","dateModified":"2025-09-30T13:15:15+00:00","description":"Radiofrequency controlled remote for all types of SABAJ TV Lifts and TV stands. - Best Quality TV Lifts - Intercontinental Delivery - Sabaj","breadcrumb":{"@id":"https:\/\/rtv.sabaj.pl\/product\/rf-remote-4w-sabaj-tv-lifts\/#breadcrumb"},"inLanguage":"pl-PL","potentialAction":[{"@type":"ReadAction","target":["https:\/\/rtv.sabaj.pl\/product\/rf-remote-4w-sabaj-tv-lifts\/"]}]},{"@type":"ImageObject","inLanguage":"pl-PL","@id":"https:\/\/rtv.sabaj.pl\/product\/rf-remote-4w-sabaj-tv-lifts\/#primaryimage","url":"https:\/\/rtv.sabaj.pl\/wp-content\/uploads\/2021\/07\/pilot-rf-remote-4w-1.jpg","contentUrl":"https:\/\/rtv.sabaj.pl\/wp-content\/uploads\/2021\/07\/pilot-rf-remote-4w-1.jpg","width":1458,"height":1448,"caption":"pilot rf remote 4w"},{"@type":"BreadcrumbList","@id":"https:\/\/rtv.sabaj.pl\/product\/rf-remote-4w-sabaj-tv-lifts\/#breadcrumb","itemListElement":[{"@type":"ListItem","position":1,"name":"Katalog produkt\u00f3w","item":"https:\/\/rtv.sabaj.pl\/shop-2\/"},{"@type":"ListItem","position":2,"name":"RF Remote 4W for Sabaj Tv Lifts"}]},{"@type":"WebSite","@id":"https:\/\/rtv.sabaj.pl\/#website","url":"https:\/\/rtv.sabaj.pl\/","name":"TV Lifts Sabaj","description":"TV lifts are a solution that allows motorized hiding of your television in furniture, the ceiling, or the wall. With TV lifts, you can free up your living room space from a large screen, contributing to a more aesthetic and functional interior. Automating the operation of your television with TV lifts enables you to enjoy a modern, organized home. Choose TV lifts to optimize the space in your home.","publisher":{"@id":"https:\/\/rtv.sabaj.pl\/#organization"},"alternateName":"RTV Sabaj","potentialAction":[{"@type":"SearchAction","target":{"@type":"EntryPoint","urlTemplate":"https:\/\/rtv.sabaj.pl\/?s={search_term_string}"},"query-input":{"@type":"PropertyValueSpecification","valueRequired":true,"valueName":"search_term_string"}}],"inLanguage":"pl-PL"},{"@type":"Organization","@id":"https:\/\/rtv.sabaj.pl\/#organization","name":"Sabaj","url":"https:\/\/rtv.sabaj.pl\/","logo":{"@type":"ImageObject","inLanguage":"pl-PL","@id":"https:\/\/rtv.sabaj.pl\/#\/schema\/logo\/image\/","url":"https:\/\/rtv.sabaj.pl\/wp-content\/uploads\/2018\/07\/sabaj.jpg","contentUrl":"https:\/\/rtv.sabaj.pl\/wp-content\/uploads\/2018\/07\/sabaj.jpg","width":284,"height":106,"caption":"Sabaj"},"image":{"@id":"https:\/\/rtv.sabaj.pl\/#\/schema\/logo\/image\/"},"sameAs":["https:\/\/pl-pl.facebook.com\/sabajgroup\/","https:\/\/pl.linkedin.com\/company\/sabaj-system"]}]}},"_links":{"self":[{"href":"https:\/\/rtv.sabaj.pl\/pl\/wp-json\/wp\/v2\/product\/3791","targetHints":{"allow":["GET"]}}],"collection":[{"href":"https:\/\/rtv.sabaj.pl\/pl\/wp-json\/wp\/v2\/product"}],"about":[{"href":"https:\/\/rtv.sabaj.pl\/pl\/wp-json\/wp\/v2\/types\/product"}],"version-history":[{"count":0,"href":"https:\/\/rtv.sabaj.pl\/pl\/wp-json\/wp\/v2\/product\/3791\/revisions"}],"wp:featuredmedia":[{"embeddable":true,"href":"https:\/\/rtv.sabaj.pl\/pl\/wp-json\/wp\/v2\/media\/26907"}],"wp:attachment":[{"href":"https:\/\/rtv.sabaj.pl\/pl\/wp-json\/wp\/v2\/media?parent=3791"}],"wp:term":[{"taxonomy":"product_brand","embeddable":true,"href":"https:\/\/rtv.sabaj.pl\/pl\/wp-json\/wp\/v2\/product_brand?post=3791"},{"taxonomy":"product_cat","embeddable":true,"href":"https:\/\/rtv.sabaj.pl\/pl\/wp-json\/wp\/v2\/product_cat?post=3791"},{"taxonomy":"product_tag","embeddable":true,"href":"https:\/\/rtv.sabaj.pl\/pl\/wp-json\/wp\/v2\/product_tag?post=3791"}],"curies":[{"name":"wp","href":"https:\/\/api.w.org\/{rel}","templated":true}]}}