{"id":3803,"date":"2021-07-14T14:47:36","date_gmt":"2021-07-14T12:47:36","guid":{"rendered":"https:\/\/rtv.sabaj.pl\/?post_type=product&#038;p=3803"},"modified":"2025-07-10T15:23:45","modified_gmt":"2025-07-10T13:23:45","slug":"rj-45-splitter","status":"publish","type":"product","link":"https:\/\/rtv.sabaj.pl\/pl\/produkt\/rj-45-splitter\/","title":{"rendered":"Splitter RJ-45 z kablem 10m Sabaj"},"content":{"rendered":"","protected":false},"excerpt":{"rendered":"<p>ID produktu: RJ-SPLITTER<\/p>\n<p>Mo\u017ce by\u0107 u\u017cywany do jednoczesnego sterowania podno\u015bnikami telewizyjnymi za pomoc\u0105 pilot\u00f3w IR i kontrolera WiFi.<\/p>\n<p>Splitter do wszystkich podno\u015bnik\u00f3w telewizyjnych z aktywnym gniazdem RJ-45.<\/p>\n<p>Umo\u017cliwia korzystanie z wi\u0119cej ni\u017c jednego akcesorium z aktywn\u0105 skrzynk\u0105 steruj\u0105c\u0105 RJ45.<\/p>","protected":false},"featured_media":24895,"template":"","meta":{"_acf_changed":false},"product_brand":[],"product_cat":[145,826,828,836,834,830,832],"product_tag":[],"class_list":{"0":"post-3803","1":"product","2":"type-product","3":"status-publish","4":"has-post-thumbnail","6":"product_cat-accessories","7":"product_cat-accessories-all-products","8":"product_cat-accessories-for-mobil-lift","9":"product_cat-accessories-for-monitor-lift","10":"product_cat-accessories-for-projector-lift","11":"product_cat-accessories-for-tv-lifts","12":"product_cat-accessories-for-wall-mounts","14":"first","15":"instock","16":"shipping-taxable","17":"product-type-simple"},"acf":[],"yoast_head":"<!-- This site is optimized with the Yoast SEO plugin v27.1 - https:\/\/yoast.com\/product\/yoast-seo-wordpress\/ -->\n<title>RJ-45 Splitter with cable 10m Sabaj - Sabaj<\/title>\n<meta name=\"description\" content=\"Product ID: RJ-SPLITTER  Can be used for steering\u00a0TV LIFTS simultaneously by IR remotes and WiFi controller.  Splitter for all TV LIFTS with an active RJ 45 socket.  Allows using more than one accessory with Active RJ45 control box. - Best Quality TV Lifts - Intercontinental Delivery - Sabaj\" \/>\n<meta name=\"robots\" content=\"index, follow, max-snippet:-1, max-image-preview:large, max-video-preview:-1\" \/>\n<link rel=\"canonical\" href=\"https:\/\/rtv.sabaj.pl\/pl\/produkt\/rj-45-splitter\/\" \/>\n<meta property=\"og:locale\" content=\"pl_PL\" \/>\n<meta property=\"og:type\" content=\"article\" \/>\n<meta property=\"og:title\" content=\"RJ-45 Splitter with cable 10m Sabaj - Sabaj\" \/>\n<meta property=\"og:description\" content=\"Product ID: RJ-SPLITTER  Can be used for steering\u00a0TV LIFTS simultaneously by IR remotes and WiFi controller.  Splitter for all TV LIFTS with an active RJ 45 socket.  Allows using more than one accessory with Active RJ45 control box. - Best Quality TV Lifts - Intercontinental Delivery - Sabaj\" \/>\n<meta property=\"og:url\" content=\"https:\/\/rtv.sabaj.pl\/pl\/produkt\/rj-45-splitter\/\" \/>\n<meta property=\"og:site_name\" content=\"Sabaj\" \/>\n<meta property=\"article:publisher\" content=\"https:\/\/pl-pl.facebook.com\/sabajgroup\/\" \/>\n<meta property=\"article:modified_time\" content=\"2025-07-10T13:23:45+00:00\" \/>\n<meta property=\"og:image\" content=\"https:\/\/rtv.sabaj.pl\/wp-content\/uploads\/2021\/07\/Sabaj-Produkty-Akcesoria-31-scaled.jpg\" \/>\n\t<meta property=\"og:image:width\" content=\"1706\" \/>\n\t<meta property=\"og:image:height\" content=\"2560\" \/>\n\t<meta property=\"og:image:type\" content=\"image\/jpeg\" \/>\n<meta name=\"twitter:card\" content=\"summary_large_image\" \/>\n<meta name=\"twitter:label1\" content=\"Szacowany czas czytania\" \/>\n\t<meta name=\"twitter:data1\" content=\"1 minuta\" \/>\n<script type=\"application\/ld+json\" class=\"yoast-schema-graph\">{\"@context\":\"https:\/\/schema.org\",\"@graph\":[{\"@type\":\"WebPage\",\"@id\":\"https:\/\/rtv.sabaj.pl\/product\/rj-45-splitter\/\",\"url\":\"https:\/\/rtv.sabaj.pl\/product\/rj-45-splitter\/\",\"name\":\"RJ-45 Splitter with cable 10m Sabaj - Sabaj\",\"isPartOf\":{\"@id\":\"https:\/\/rtv.sabaj.pl\/#website\"},\"primaryImageOfPage\":{\"@id\":\"https:\/\/rtv.sabaj.pl\/product\/rj-45-splitter\/#primaryimage\"},\"image\":{\"@id\":\"https:\/\/rtv.sabaj.pl\/product\/rj-45-splitter\/#primaryimage\"},\"thumbnailUrl\":\"https:\/\/rtv.sabaj.pl\/wp-content\/uploads\/2021\/07\/Sabaj-Produkty-Akcesoria-31-scaled.jpg\",\"datePublished\":\"2021-07-14T12:47:36+00:00\",\"dateModified\":\"2025-07-10T13:23:45+00:00\",\"description\":\"Product ID: RJ-SPLITTER Can be used for steering\u00a0TV LIFTS simultaneously by IR remotes and WiFi controller. Splitter for all TV LIFTS with an active RJ 45 socket. Allows using more than one accessory with Active RJ45 control box. - Best Quality TV Lifts - Intercontinental Delivery - Sabaj\",\"breadcrumb\":{\"@id\":\"https:\/\/rtv.sabaj.pl\/product\/rj-45-splitter\/#breadcrumb\"},\"inLanguage\":\"pl-PL\",\"potentialAction\":[{\"@type\":\"ReadAction\",\"target\":[\"https:\/\/rtv.sabaj.pl\/product\/rj-45-splitter\/\"]}]},{\"@type\":\"ImageObject\",\"inLanguage\":\"pl-PL\",\"@id\":\"https:\/\/rtv.sabaj.pl\/product\/rj-45-splitter\/#primaryimage\",\"url\":\"https:\/\/rtv.sabaj.pl\/wp-content\/uploads\/2021\/07\/Sabaj-Produkty-Akcesoria-31-scaled.jpg\",\"contentUrl\":\"https:\/\/rtv.sabaj.pl\/wp-content\/uploads\/2021\/07\/Sabaj-Produkty-Akcesoria-31-scaled.jpg\",\"width\":1706,\"height\":2560,\"caption\":\"Sabaj Produkty Akcesoria 31\"},{\"@type\":\"BreadcrumbList\",\"@id\":\"https:\/\/rtv.sabaj.pl\/product\/rj-45-splitter\/#breadcrumb\",\"itemListElement\":[{\"@type\":\"ListItem\",\"position\":1,\"name\":\"Katalog produkt\u00f3w\",\"item\":\"https:\/\/rtv.sabaj.pl\/shop-2\/\"},{\"@type\":\"ListItem\",\"position\":2,\"name\":\"RJ-45 Splitter with cable 10m Sabaj\"}]},{\"@type\":\"WebSite\",\"@id\":\"https:\/\/rtv.sabaj.pl\/#website\",\"url\":\"https:\/\/rtv.sabaj.pl\/\",\"name\":\"TV Lifts Sabaj\",\"description\":\"TV lifts are a solution that allows motorized hiding of your television in furniture, the ceiling, or the wall. With TV lifts, you can free up your living room space from a large screen, contributing to a more aesthetic and functional interior. Automating the operation of your television with TV lifts enables you to enjoy a modern, organized home. Choose TV lifts to optimize the space in your home.\",\"publisher\":{\"@id\":\"https:\/\/rtv.sabaj.pl\/#organization\"},\"alternateName\":\"RTV Sabaj\",\"potentialAction\":[{\"@type\":\"SearchAction\",\"target\":{\"@type\":\"EntryPoint\",\"urlTemplate\":\"https:\/\/rtv.sabaj.pl\/?s={search_term_string}\"},\"query-input\":{\"@type\":\"PropertyValueSpecification\",\"valueRequired\":true,\"valueName\":\"search_term_string\"}}],\"inLanguage\":\"pl-PL\"},{\"@type\":\"Organization\",\"@id\":\"https:\/\/rtv.sabaj.pl\/#organization\",\"name\":\"Sabaj\",\"url\":\"https:\/\/rtv.sabaj.pl\/\",\"logo\":{\"@type\":\"ImageObject\",\"inLanguage\":\"pl-PL\",\"@id\":\"https:\/\/rtv.sabaj.pl\/#\/schema\/logo\/image\/\",\"url\":\"https:\/\/rtv.sabaj.pl\/wp-content\/uploads\/2018\/07\/sabaj.jpg\",\"contentUrl\":\"https:\/\/rtv.sabaj.pl\/wp-content\/uploads\/2018\/07\/sabaj.jpg\",\"width\":284,\"height\":106,\"caption\":\"Sabaj\"},\"image\":{\"@id\":\"https:\/\/rtv.sabaj.pl\/#\/schema\/logo\/image\/\"},\"sameAs\":[\"https:\/\/pl-pl.facebook.com\/sabajgroup\/\",\"https:\/\/pl.linkedin.com\/company\/sabaj-system\"]}]}<\/script>\n<!-- \/ Yoast SEO plugin. -->","yoast_head_json":{"title":"RJ-45 Splitter with cable 10m Sabaj - Sabaj","description":"Product ID: RJ-SPLITTER  Can be used for steering\u00a0TV LIFTS simultaneously by IR remotes and WiFi controller.  Splitter for all TV LIFTS with an active RJ 45 socket.  Allows using more than one accessory with Active RJ45 control box. - Best Quality TV Lifts - Intercontinental Delivery - Sabaj","robots":{"index":"index","follow":"follow","max-snippet":"max-snippet:-1","max-image-preview":"max-image-preview:large","max-video-preview":"max-video-preview:-1"},"canonical":"https:\/\/rtv.sabaj.pl\/pl\/produkt\/rj-45-splitter\/","og_locale":"pl_PL","og_type":"article","og_title":"RJ-45 Splitter with cable 10m Sabaj - Sabaj","og_description":"Product ID: RJ-SPLITTER  Can be used for steering\u00a0TV LIFTS simultaneously by IR remotes and WiFi controller.  Splitter for all TV LIFTS with an active RJ 45 socket.  Allows using more than one accessory with Active RJ45 control box. - Best Quality TV Lifts - Intercontinental Delivery - Sabaj","og_url":"https:\/\/rtv.sabaj.pl\/pl\/produkt\/rj-45-splitter\/","og_site_name":"Sabaj","article_publisher":"https:\/\/pl-pl.facebook.com\/sabajgroup\/","article_modified_time":"2025-07-10T13:23:45+00:00","og_image":[{"width":1706,"height":2560,"url":"https:\/\/rtv.sabaj.pl\/wp-content\/uploads\/2021\/07\/Sabaj-Produkty-Akcesoria-31-scaled.jpg","type":"image\/jpeg"}],"twitter_card":"summary_large_image","twitter_misc":{"Szacowany czas czytania":"1 minuta"},"schema":{"@context":"https:\/\/schema.org","@graph":[{"@type":"WebPage","@id":"https:\/\/rtv.sabaj.pl\/product\/rj-45-splitter\/","url":"https:\/\/rtv.sabaj.pl\/product\/rj-45-splitter\/","name":"RJ-45 Splitter with cable 10m Sabaj - Sabaj","isPartOf":{"@id":"https:\/\/rtv.sabaj.pl\/#website"},"primaryImageOfPage":{"@id":"https:\/\/rtv.sabaj.pl\/product\/rj-45-splitter\/#primaryimage"},"image":{"@id":"https:\/\/rtv.sabaj.pl\/product\/rj-45-splitter\/#primaryimage"},"thumbnailUrl":"https:\/\/rtv.sabaj.pl\/wp-content\/uploads\/2021\/07\/Sabaj-Produkty-Akcesoria-31-scaled.jpg","datePublished":"2021-07-14T12:47:36+00:00","dateModified":"2025-07-10T13:23:45+00:00","description":"Product ID: RJ-SPLITTER Can be used for steering\u00a0TV LIFTS simultaneously by IR remotes and WiFi controller. Splitter for all TV LIFTS with an active RJ 45 socket. Allows using more than one accessory with Active RJ45 control box. - Best Quality TV Lifts - Intercontinental Delivery - Sabaj","breadcrumb":{"@id":"https:\/\/rtv.sabaj.pl\/product\/rj-45-splitter\/#breadcrumb"},"inLanguage":"pl-PL","potentialAction":[{"@type":"ReadAction","target":["https:\/\/rtv.sabaj.pl\/product\/rj-45-splitter\/"]}]},{"@type":"ImageObject","inLanguage":"pl-PL","@id":"https:\/\/rtv.sabaj.pl\/product\/rj-45-splitter\/#primaryimage","url":"https:\/\/rtv.sabaj.pl\/wp-content\/uploads\/2021\/07\/Sabaj-Produkty-Akcesoria-31-scaled.jpg","contentUrl":"https:\/\/rtv.sabaj.pl\/wp-content\/uploads\/2021\/07\/Sabaj-Produkty-Akcesoria-31-scaled.jpg","width":1706,"height":2560,"caption":"Sabaj Produkty Akcesoria 31"},{"@type":"BreadcrumbList","@id":"https:\/\/rtv.sabaj.pl\/product\/rj-45-splitter\/#breadcrumb","itemListElement":[{"@type":"ListItem","position":1,"name":"Katalog produkt\u00f3w","item":"https:\/\/rtv.sabaj.pl\/shop-2\/"},{"@type":"ListItem","position":2,"name":"RJ-45 Splitter with cable 10m Sabaj"}]},{"@type":"WebSite","@id":"https:\/\/rtv.sabaj.pl\/#website","url":"https:\/\/rtv.sabaj.pl\/","name":"TV Lifts Sabaj","description":"TV lifts are a solution that allows motorized hiding of your television in furniture, the ceiling, or the wall. With TV lifts, you can free up your living room space from a large screen, contributing to a more aesthetic and functional interior. Automating the operation of your television with TV lifts enables you to enjoy a modern, organized home. Choose TV lifts to optimize the space in your home.","publisher":{"@id":"https:\/\/rtv.sabaj.pl\/#organization"},"alternateName":"RTV Sabaj","potentialAction":[{"@type":"SearchAction","target":{"@type":"EntryPoint","urlTemplate":"https:\/\/rtv.sabaj.pl\/?s={search_term_string}"},"query-input":{"@type":"PropertyValueSpecification","valueRequired":true,"valueName":"search_term_string"}}],"inLanguage":"pl-PL"},{"@type":"Organization","@id":"https:\/\/rtv.sabaj.pl\/#organization","name":"Sabaj","url":"https:\/\/rtv.sabaj.pl\/","logo":{"@type":"ImageObject","inLanguage":"pl-PL","@id":"https:\/\/rtv.sabaj.pl\/#\/schema\/logo\/image\/","url":"https:\/\/rtv.sabaj.pl\/wp-content\/uploads\/2018\/07\/sabaj.jpg","contentUrl":"https:\/\/rtv.sabaj.pl\/wp-content\/uploads\/2018\/07\/sabaj.jpg","width":284,"height":106,"caption":"Sabaj"},"image":{"@id":"https:\/\/rtv.sabaj.pl\/#\/schema\/logo\/image\/"},"sameAs":["https:\/\/pl-pl.facebook.com\/sabajgroup\/","https:\/\/pl.linkedin.com\/company\/sabaj-system"]}]}},"_links":{"self":[{"href":"https:\/\/rtv.sabaj.pl\/pl\/wp-json\/wp\/v2\/product\/3803","targetHints":{"allow":["GET"]}}],"collection":[{"href":"https:\/\/rtv.sabaj.pl\/pl\/wp-json\/wp\/v2\/product"}],"about":[{"href":"https:\/\/rtv.sabaj.pl\/pl\/wp-json\/wp\/v2\/types\/product"}],"version-history":[{"count":0,"href":"https:\/\/rtv.sabaj.pl\/pl\/wp-json\/wp\/v2\/product\/3803\/revisions"}],"wp:featuredmedia":[{"embeddable":true,"href":"https:\/\/rtv.sabaj.pl\/pl\/wp-json\/wp\/v2\/media\/24895"}],"wp:attachment":[{"href":"https:\/\/rtv.sabaj.pl\/pl\/wp-json\/wp\/v2\/media?parent=3803"}],"wp:term":[{"taxonomy":"product_brand","embeddable":true,"href":"https:\/\/rtv.sabaj.pl\/pl\/wp-json\/wp\/v2\/product_brand?post=3803"},{"taxonomy":"product_cat","embeddable":true,"href":"https:\/\/rtv.sabaj.pl\/pl\/wp-json\/wp\/v2\/product_cat?post=3803"},{"taxonomy":"product_tag","embeddable":true,"href":"https:\/\/rtv.sabaj.pl\/pl\/wp-json\/wp\/v2\/product_tag?post=3803"}],"curies":[{"name":"wp","href":"https:\/\/api.w.org\/{rel}","templated":true}]}}