{"id":9406,"date":"2023-06-07T15:15:51","date_gmt":"2023-06-07T13:15:51","guid":{"rendered":"https:\/\/rtv.sabaj.pl\/?post_type=product&#038;p=9406"},"modified":"2024-08-29T11:30:40","modified_gmt":"2024-08-29T09:30:40","slug":"autolid","status":"publish","type":"product","link":"https:\/\/rtv.sabaj.pl\/pl\/produkt\/autolid\/","title":{"rendered":"Autolid &#8211; akcesorium do podno\u015bnik\u00f3w serii K"},"content":{"rendered":"<div data-elementor-type=\"wp-post\" data-elementor-id=\"9406\" class=\"elementor elementor-9406\" data-elementor-post-type=\"product\">\n\t\t\t\t\t\t<section data-particle_enable=\"false\" data-particle-mobile-disabled=\"false\" class=\"elementor-section elementor-top-section elementor-element elementor-element-0fd1d38 elementor-section-full_width elementor-section-height-default elementor-section-height-default\" data-id=\"0fd1d38\" data-element_type=\"section\">\n\t\t\t\t\t\t<div class=\"elementor-container elementor-column-gap-no\">\n\t\t\t\t\t<div class=\"elementor-column elementor-col-100 elementor-top-column elementor-element elementor-element-bc1fdfc\" data-id=\"bc1fdfc\" data-element_type=\"column\" data-settings=\"{&quot;background_background&quot;:&quot;classic&quot;}\">\n\t\t\t<div class=\"elementor-widget-wrap elementor-element-populated\">\n\t\t\t\t\t\t<div class=\"elementor-element elementor-element-b354bc0 elementor-widget elementor-widget-heading\" data-id=\"b354bc0\" data-element_type=\"widget\" data-widget_type=\"heading.default\">\n\t\t\t\t<div class=\"elementor-widget-container\">\n\t\t\t<h2 class=\"elementor-heading-title elementor-size-default elementor-heading-title elementor-align-after-center\">Pliki do pobrania<\/h2>\t\t<\/div>\n\t\t\t\t<\/div>\n\t\t\t\t<section data-particle_enable=\"false\" data-particle-mobile-disabled=\"false\" class=\"elementor-section elementor-inner-section elementor-element elementor-element-c5c3199 elementor-section-full_width elementor-section-height-default elementor-section-height-default\" data-id=\"c5c3199\" data-element_type=\"section\" data-settings=\"{&quot;background_background&quot;:&quot;classic&quot;}\">\n\t\t\t\t\t\t<div class=\"elementor-container elementor-column-gap-no\">\n\t\t\t\t\t<div class=\"elementor-column elementor-col-50 elementor-inner-column elementor-element elementor-element-65ecd22\" data-id=\"65ecd22\" data-element_type=\"column\">\n\t\t\t<div class=\"elementor-widget-wrap elementor-element-populated\">\n\t\t\t\t\t\t<div class=\"elementor-element elementor-element-7a119fb elementor-widget elementor-widget-text-editor\" data-id=\"7a119fb\" data-element_type=\"widget\" data-widget_type=\"text-editor.default\">\n\t\t\t\t<div class=\"elementor-widget-container\">\n\t\t\t\t\t\t\t<p><a href=\"https:\/\/rtv.sabaj.pl\/wp-content\/uploads\/2023\/12\/Autolid_manual-pl.pdf\"><b>Autolid- instrukcja.pdf<\/b><\/a><\/p>\t\t\t\t\t\t<\/div>\n\t\t\t\t<\/div>\n\t\t\t\t\t<\/div>\n\t\t<\/div>\n\t\t\t\t<div class=\"elementor-column elementor-col-50 elementor-inner-column elementor-element elementor-element-e8b4e5e\" data-id=\"e8b4e5e\" data-element_type=\"column\">\n\t\t\t<div class=\"elementor-widget-wrap elementor-element-populated\">\n\t\t\t\t\t\t<div class=\"elementor-element elementor-element-d495008 elementor-view-default elementor-widget elementor-widget-icon\" data-id=\"d495008\" data-element_type=\"widget\" data-widget_type=\"icon.default\">\n\t\t\t\t<div class=\"elementor-widget-container\">\n\t\t\t\t\t<div class=\"elementor-icon-wrapper\">\n\t\t\t<a class=\"elementor-icon\" href=\"https:\/\/rtv.sabaj.pl\/wp-content\/uploads\/2023\/12\/Autolid_manual-pl.pdf\">\n\t\t\t<i aria-hidden=\"true\" class=\"fas fa-download\"><\/i>\t\t\t<\/a>\n\t\t<\/div>\n\t\t\t\t<\/div>\n\t\t\t\t<\/div>\n\t\t\t\t\t<\/div>\n\t\t<\/div>\n\t\t\t\t\t<\/div>\n\t\t<\/section>\n\t\t\t\t\t<\/div>\n\t\t<\/div>\n\t\t\t\t\t<\/div>\n\t\t<\/section>\n\t\t\t\t<\/div>","protected":false},"excerpt":{"rendered":"<p>Autolid to dodatkowe akcesorium do u\u017cytku ze wszystkimi podno\u015bnikami serii K.<\/p>\n<p>Mo\u017cna go \u0142atwo zamontowa\u0107 na kolumnie za pomoc\u0105 metalowej opaski dostarczonej z podno\u015bnikiem K.<\/p>\n<p>To mocowanie pozwala klientowi ukry\u0107 pokryw\u0119, gdy telewizor jest podniesiony, zamiast montowa\u0107 pokryw\u0119 na g\u00f3rze lub montowa\u0107 j\u0105 na zawiasach z ty\u0142u.<\/p>\n<p>Zestaw zawiera mechanizm Autolid oraz skrzynk\u0119 kontroln\u0105 obs\u0142uguj\u0105c\u0105 Autolid, posiadaj\u0105c\u0105 wszystkie cechy serii K-Premium.<\/p>\n<p>Skrzynka kontrolna mo\u017ce ponie\u015b\u0107 dodatkow\u0105 moc dla silnika pokrywy i nie pozwoli na ruch w g\u00f3r\u0119, dop\u00f3ki pokrywa nie zostanie opuszczona (ukryta)<\/p>\n<p>Star\u0105 skrzynk\u0119 kontroln\u0105 nale\u017cy wymieni\u0107 i mo\u017cna j\u0105 zwr\u00f3ci\u0107 firmie Sabaj.<\/p>\n<p>Maksymalna waga pokrowca: 6 kg<\/p>\n<p>Wi\u0119cej informacji pod adresem sales@sabaj.pl<\/p>","protected":false},"featured_media":9407,"template":"","meta":{"_acf_changed":false},"product_brand":[],"product_cat":[104],"product_tag":[],"class_list":{"0":"post-9406","1":"product","2":"type-product","3":"status-publish","4":"has-post-thumbnail","6":"product_cat-akcesoria","8":"first","9":"instock","10":"shipping-taxable","11":"product-type-simple"},"acf":[],"yoast_head":"<!-- This site is optimized with the Yoast SEO plugin v27.1 - https:\/\/yoast.com\/product\/yoast-seo-wordpress\/ -->\n<title>Autolid - akcesorium do podno\u015bnik\u00f3w serii K - Sabaj<\/title>\n<meta name=\"description\" content=\"Autolid to dodatkowe akcesorium do u\u017cytku ze wszystkimi podno\u015bnikami serii K.  Mo\u017cna go \u0142atwo zamontowa\u0107 na kolumnie za pomoc\u0105 metalowej opaski dostarczonej z podno\u015bnikiem K.  To mocowanie pozwala klientowi ukry\u0107 pokryw\u0119, gdy telewizor jest podniesiony, zamiast montowa\u0107 pokryw\u0119 na g\u00f3rze lub montowa\u0107 j\u0105 na zawiasach z ty\u0142u.  Zestaw zawiera mechanizm Autolid oraz skrzynk\u0119 kontroln\u0105 obs\u0142uguj\u0105c\u0105 Autolid, posiadaj\u0105c\u0105 wszystkie cechy serii K-Premium.  Skrzynka kontrolna mo\u017ce ponie\u015b\u0107 dodatkow\u0105 moc dla silnika pokrywy i nie pozwoli na ruch w g\u00f3r\u0119, dop\u00f3ki pokrywa nie zostanie opuszczona (ukryta)  Star\u0105 skrzynk\u0119 kontroln\u0105 nale\u017cy wymieni\u0107 i mo\u017cna j\u0105 zwr\u00f3ci\u0107 firmie Sabaj.  Maksymalna waga pokrowca: 6 kg  Wi\u0119cej informacji pod adresem sales@sabaj.pl - Best Quality TV Lifts - Intercontinental Delivery - Sabaj\" \/>\n<meta name=\"robots\" content=\"index, follow, max-snippet:-1, max-image-preview:large, max-video-preview:-1\" \/>\n<link rel=\"canonical\" href=\"https:\/\/rtv.sabaj.pl\/pl\/produkt\/autolid\/\" \/>\n<meta property=\"og:locale\" content=\"pl_PL\" \/>\n<meta property=\"og:type\" content=\"article\" \/>\n<meta property=\"og:title\" content=\"Autolid - akcesorium do podno\u015bnik\u00f3w serii K - Sabaj\" \/>\n<meta property=\"og:description\" content=\"Autolid to dodatkowe akcesorium do u\u017cytku ze wszystkimi podno\u015bnikami serii K.  Mo\u017cna go \u0142atwo zamontowa\u0107 na kolumnie za pomoc\u0105 metalowej opaski dostarczonej z podno\u015bnikiem K.  To mocowanie pozwala klientowi ukry\u0107 pokryw\u0119, gdy telewizor jest podniesiony, zamiast montowa\u0107 pokryw\u0119 na g\u00f3rze lub montowa\u0107 j\u0105 na zawiasach z ty\u0142u.  Zestaw zawiera mechanizm Autolid oraz skrzynk\u0119 kontroln\u0105 obs\u0142uguj\u0105c\u0105 Autolid, posiadaj\u0105c\u0105 wszystkie cechy serii K-Premium.  Skrzynka kontrolna mo\u017ce ponie\u015b\u0107 dodatkow\u0105 moc dla silnika pokrywy i nie pozwoli na ruch w g\u00f3r\u0119, dop\u00f3ki pokrywa nie zostanie opuszczona (ukryta)  Star\u0105 skrzynk\u0119 kontroln\u0105 nale\u017cy wymieni\u0107 i mo\u017cna j\u0105 zwr\u00f3ci\u0107 firmie Sabaj.  Maksymalna waga pokrowca: 6 kg  Wi\u0119cej informacji pod adresem sales@sabaj.pl - Best Quality TV Lifts - Intercontinental Delivery - Sabaj\" \/>\n<meta property=\"og:url\" content=\"https:\/\/rtv.sabaj.pl\/pl\/produkt\/autolid\/\" \/>\n<meta property=\"og:site_name\" content=\"Sabaj\" \/>\n<meta property=\"article:publisher\" content=\"https:\/\/pl-pl.facebook.com\/sabajgroup\/\" \/>\n<meta property=\"article:modified_time\" content=\"2024-08-29T09:30:40+00:00\" \/>\n<meta property=\"og:image\" content=\"https:\/\/rtv.sabaj.pl\/wp-content\/uploads\/2023\/06\/autolid-akcesoria-do-podnosnikow-k-premium-2.jpg\" \/>\n\t<meta property=\"og:image:width\" content=\"2000\" \/>\n\t<meta property=\"og:image:height\" content=\"1600\" \/>\n\t<meta property=\"og:image:type\" content=\"image\/jpeg\" \/>\n<meta name=\"twitter:card\" content=\"summary_large_image\" \/>\n<meta name=\"twitter:label1\" content=\"Szacowany czas czytania\" \/>\n\t<meta name=\"twitter:data1\" content=\"1 minuta\" \/>\n<script type=\"application\/ld+json\" class=\"yoast-schema-graph\">{\"@context\":\"https:\/\/schema.org\",\"@graph\":[{\"@type\":\"WebPage\",\"@id\":\"https:\/\/rtv.sabaj.pl\/product\/autolid\/\",\"url\":\"https:\/\/rtv.sabaj.pl\/product\/autolid\/\",\"name\":\"Autolid - akcesorium do podno\u015bnik\u00f3w serii K - Sabaj\",\"isPartOf\":{\"@id\":\"https:\/\/rtv.sabaj.pl\/#website\"},\"primaryImageOfPage\":{\"@id\":\"https:\/\/rtv.sabaj.pl\/product\/autolid\/#primaryimage\"},\"image\":{\"@id\":\"https:\/\/rtv.sabaj.pl\/product\/autolid\/#primaryimage\"},\"thumbnailUrl\":\"https:\/\/rtv.sabaj.pl\/wp-content\/uploads\/2023\/06\/autolid-akcesoria-do-podnosnikow-k-premium-2.jpg\",\"datePublished\":\"2023-06-07T13:15:51+00:00\",\"dateModified\":\"2024-08-29T09:30:40+00:00\",\"description\":\"Autolid to dodatkowe akcesorium do u\u017cytku ze wszystkimi podno\u015bnikami serii K. Mo\u017cna go \u0142atwo zamontowa\u0107 na kolumnie za pomoc\u0105 metalowej opaski dostarczonej z podno\u015bnikiem K. To mocowanie pozwala klientowi ukry\u0107 pokryw\u0119, gdy telewizor jest podniesiony, zamiast montowa\u0107 pokryw\u0119 na g\u00f3rze lub montowa\u0107 j\u0105 na zawiasach z ty\u0142u. Zestaw zawiera mechanizm Autolid oraz skrzynk\u0119 kontroln\u0105 obs\u0142uguj\u0105c\u0105 Autolid, posiadaj\u0105c\u0105 wszystkie cechy serii K-Premium. Skrzynka kontrolna mo\u017ce ponie\u015b\u0107 dodatkow\u0105 moc dla silnika pokrywy i nie pozwoli na ruch w g\u00f3r\u0119, dop\u00f3ki pokrywa nie zostanie opuszczona (ukryta) Star\u0105 skrzynk\u0119 kontroln\u0105 nale\u017cy wymieni\u0107 i mo\u017cna j\u0105 zwr\u00f3ci\u0107 firmie Sabaj. Maksymalna waga pokrowca: 6 kg Wi\u0119cej informacji pod adresem sales@sabaj.pl - Best Quality TV Lifts - Intercontinental Delivery - Sabaj\",\"breadcrumb\":{\"@id\":\"https:\/\/rtv.sabaj.pl\/product\/autolid\/#breadcrumb\"},\"inLanguage\":\"pl-PL\",\"potentialAction\":[{\"@type\":\"ReadAction\",\"target\":[\"https:\/\/rtv.sabaj.pl\/product\/autolid\/\"]}]},{\"@type\":\"ImageObject\",\"inLanguage\":\"pl-PL\",\"@id\":\"https:\/\/rtv.sabaj.pl\/product\/autolid\/#primaryimage\",\"url\":\"https:\/\/rtv.sabaj.pl\/wp-content\/uploads\/2023\/06\/autolid-akcesoria-do-podnosnikow-k-premium-2.jpg\",\"contentUrl\":\"https:\/\/rtv.sabaj.pl\/wp-content\/uploads\/2023\/06\/autolid-akcesoria-do-podnosnikow-k-premium-2.jpg\",\"width\":2000,\"height\":1600,\"caption\":\"autolid akcesoria do podnosnikow k premium 2\"},{\"@type\":\"BreadcrumbList\",\"@id\":\"https:\/\/rtv.sabaj.pl\/product\/autolid\/#breadcrumb\",\"itemListElement\":[{\"@type\":\"ListItem\",\"position\":1,\"name\":\"Katalog produkt\u00f3w\",\"item\":\"https:\/\/rtv.sabaj.pl\/shop-2\/\"},{\"@type\":\"ListItem\",\"position\":2,\"name\":\"Autolid &#8211; akcesorium do podno\u015bnik\u00f3w serii K\"}]},{\"@type\":\"WebSite\",\"@id\":\"https:\/\/rtv.sabaj.pl\/#website\",\"url\":\"https:\/\/rtv.sabaj.pl\/\",\"name\":\"TV Lifts Sabaj\",\"description\":\"TV lifts are a solution that allows motorized hiding of your television in furniture, the ceiling, or the wall. With TV lifts, you can free up your living room space from a large screen, contributing to a more aesthetic and functional interior. Automating the operation of your television with TV lifts enables you to enjoy a modern, organized home. Choose TV lifts to optimize the space in your home.\",\"publisher\":{\"@id\":\"https:\/\/rtv.sabaj.pl\/#organization\"},\"alternateName\":\"RTV Sabaj\",\"potentialAction\":[{\"@type\":\"SearchAction\",\"target\":{\"@type\":\"EntryPoint\",\"urlTemplate\":\"https:\/\/rtv.sabaj.pl\/?s={search_term_string}\"},\"query-input\":{\"@type\":\"PropertyValueSpecification\",\"valueRequired\":true,\"valueName\":\"search_term_string\"}}],\"inLanguage\":\"pl-PL\"},{\"@type\":\"Organization\",\"@id\":\"https:\/\/rtv.sabaj.pl\/#organization\",\"name\":\"Sabaj\",\"url\":\"https:\/\/rtv.sabaj.pl\/\",\"logo\":{\"@type\":\"ImageObject\",\"inLanguage\":\"pl-PL\",\"@id\":\"https:\/\/rtv.sabaj.pl\/#\/schema\/logo\/image\/\",\"url\":\"https:\/\/rtv.sabaj.pl\/wp-content\/uploads\/2018\/07\/sabaj.jpg\",\"contentUrl\":\"https:\/\/rtv.sabaj.pl\/wp-content\/uploads\/2018\/07\/sabaj.jpg\",\"width\":284,\"height\":106,\"caption\":\"Sabaj\"},\"image\":{\"@id\":\"https:\/\/rtv.sabaj.pl\/#\/schema\/logo\/image\/\"},\"sameAs\":[\"https:\/\/pl-pl.facebook.com\/sabajgroup\/\",\"https:\/\/pl.linkedin.com\/company\/sabaj-system\"]}]}<\/script>\n<!-- \/ Yoast SEO plugin. -->","yoast_head_json":{"title":"Autolid - akcesorium do podno\u015bnik\u00f3w serii K - Sabaj","description":"Autolid to dodatkowe akcesorium do u\u017cytku ze wszystkimi podno\u015bnikami serii K.  Mo\u017cna go \u0142atwo zamontowa\u0107 na kolumnie za pomoc\u0105 metalowej opaski dostarczonej z podno\u015bnikiem K.  To mocowanie pozwala klientowi ukry\u0107 pokryw\u0119, gdy telewizor jest podniesiony, zamiast montowa\u0107 pokryw\u0119 na g\u00f3rze lub montowa\u0107 j\u0105 na zawiasach z ty\u0142u.  Zestaw zawiera mechanizm Autolid oraz skrzynk\u0119 kontroln\u0105 obs\u0142uguj\u0105c\u0105 Autolid, posiadaj\u0105c\u0105 wszystkie cechy serii K-Premium.  Skrzynka kontrolna mo\u017ce ponie\u015b\u0107 dodatkow\u0105 moc dla silnika pokrywy i nie pozwoli na ruch w g\u00f3r\u0119, dop\u00f3ki pokrywa nie zostanie opuszczona (ukryta)  Star\u0105 skrzynk\u0119 kontroln\u0105 nale\u017cy wymieni\u0107 i mo\u017cna j\u0105 zwr\u00f3ci\u0107 firmie Sabaj.  Maksymalna waga pokrowca: 6 kg  Wi\u0119cej informacji pod adresem sales@sabaj.pl - Best Quality TV Lifts - Intercontinental Delivery - Sabaj","robots":{"index":"index","follow":"follow","max-snippet":"max-snippet:-1","max-image-preview":"max-image-preview:large","max-video-preview":"max-video-preview:-1"},"canonical":"https:\/\/rtv.sabaj.pl\/pl\/produkt\/autolid\/","og_locale":"pl_PL","og_type":"article","og_title":"Autolid - akcesorium do podno\u015bnik\u00f3w serii K - Sabaj","og_description":"Autolid to dodatkowe akcesorium do u\u017cytku ze wszystkimi podno\u015bnikami serii K.  Mo\u017cna go \u0142atwo zamontowa\u0107 na kolumnie za pomoc\u0105 metalowej opaski dostarczonej z podno\u015bnikiem K.  To mocowanie pozwala klientowi ukry\u0107 pokryw\u0119, gdy telewizor jest podniesiony, zamiast montowa\u0107 pokryw\u0119 na g\u00f3rze lub montowa\u0107 j\u0105 na zawiasach z ty\u0142u.  Zestaw zawiera mechanizm Autolid oraz skrzynk\u0119 kontroln\u0105 obs\u0142uguj\u0105c\u0105 Autolid, posiadaj\u0105c\u0105 wszystkie cechy serii K-Premium.  Skrzynka kontrolna mo\u017ce ponie\u015b\u0107 dodatkow\u0105 moc dla silnika pokrywy i nie pozwoli na ruch w g\u00f3r\u0119, dop\u00f3ki pokrywa nie zostanie opuszczona (ukryta)  Star\u0105 skrzynk\u0119 kontroln\u0105 nale\u017cy wymieni\u0107 i mo\u017cna j\u0105 zwr\u00f3ci\u0107 firmie Sabaj.  Maksymalna waga pokrowca: 6 kg  Wi\u0119cej informacji pod adresem sales@sabaj.pl - Best Quality TV Lifts - Intercontinental Delivery - Sabaj","og_url":"https:\/\/rtv.sabaj.pl\/pl\/produkt\/autolid\/","og_site_name":"Sabaj","article_publisher":"https:\/\/pl-pl.facebook.com\/sabajgroup\/","article_modified_time":"2024-08-29T09:30:40+00:00","og_image":[{"width":2000,"height":1600,"url":"https:\/\/rtv.sabaj.pl\/wp-content\/uploads\/2023\/06\/autolid-akcesoria-do-podnosnikow-k-premium-2.jpg","type":"image\/jpeg"}],"twitter_card":"summary_large_image","twitter_misc":{"Szacowany czas czytania":"1 minuta"},"schema":{"@context":"https:\/\/schema.org","@graph":[{"@type":"WebPage","@id":"https:\/\/rtv.sabaj.pl\/product\/autolid\/","url":"https:\/\/rtv.sabaj.pl\/product\/autolid\/","name":"Autolid - akcesorium do podno\u015bnik\u00f3w serii K - Sabaj","isPartOf":{"@id":"https:\/\/rtv.sabaj.pl\/#website"},"primaryImageOfPage":{"@id":"https:\/\/rtv.sabaj.pl\/product\/autolid\/#primaryimage"},"image":{"@id":"https:\/\/rtv.sabaj.pl\/product\/autolid\/#primaryimage"},"thumbnailUrl":"https:\/\/rtv.sabaj.pl\/wp-content\/uploads\/2023\/06\/autolid-akcesoria-do-podnosnikow-k-premium-2.jpg","datePublished":"2023-06-07T13:15:51+00:00","dateModified":"2024-08-29T09:30:40+00:00","description":"Autolid to dodatkowe akcesorium do u\u017cytku ze wszystkimi podno\u015bnikami serii K. Mo\u017cna go \u0142atwo zamontowa\u0107 na kolumnie za pomoc\u0105 metalowej opaski dostarczonej z podno\u015bnikiem K. To mocowanie pozwala klientowi ukry\u0107 pokryw\u0119, gdy telewizor jest podniesiony, zamiast montowa\u0107 pokryw\u0119 na g\u00f3rze lub montowa\u0107 j\u0105 na zawiasach z ty\u0142u. Zestaw zawiera mechanizm Autolid oraz skrzynk\u0119 kontroln\u0105 obs\u0142uguj\u0105c\u0105 Autolid, posiadaj\u0105c\u0105 wszystkie cechy serii K-Premium. Skrzynka kontrolna mo\u017ce ponie\u015b\u0107 dodatkow\u0105 moc dla silnika pokrywy i nie pozwoli na ruch w g\u00f3r\u0119, dop\u00f3ki pokrywa nie zostanie opuszczona (ukryta) Star\u0105 skrzynk\u0119 kontroln\u0105 nale\u017cy wymieni\u0107 i mo\u017cna j\u0105 zwr\u00f3ci\u0107 firmie Sabaj. Maksymalna waga pokrowca: 6 kg Wi\u0119cej informacji pod adresem sales@sabaj.pl - Best Quality TV Lifts - Intercontinental Delivery - Sabaj","breadcrumb":{"@id":"https:\/\/rtv.sabaj.pl\/product\/autolid\/#breadcrumb"},"inLanguage":"pl-PL","potentialAction":[{"@type":"ReadAction","target":["https:\/\/rtv.sabaj.pl\/product\/autolid\/"]}]},{"@type":"ImageObject","inLanguage":"pl-PL","@id":"https:\/\/rtv.sabaj.pl\/product\/autolid\/#primaryimage","url":"https:\/\/rtv.sabaj.pl\/wp-content\/uploads\/2023\/06\/autolid-akcesoria-do-podnosnikow-k-premium-2.jpg","contentUrl":"https:\/\/rtv.sabaj.pl\/wp-content\/uploads\/2023\/06\/autolid-akcesoria-do-podnosnikow-k-premium-2.jpg","width":2000,"height":1600,"caption":"autolid akcesoria do podnosnikow k premium 2"},{"@type":"BreadcrumbList","@id":"https:\/\/rtv.sabaj.pl\/product\/autolid\/#breadcrumb","itemListElement":[{"@type":"ListItem","position":1,"name":"Katalog produkt\u00f3w","item":"https:\/\/rtv.sabaj.pl\/shop-2\/"},{"@type":"ListItem","position":2,"name":"Autolid &#8211; akcesorium do podno\u015bnik\u00f3w serii K"}]},{"@type":"WebSite","@id":"https:\/\/rtv.sabaj.pl\/#website","url":"https:\/\/rtv.sabaj.pl\/","name":"TV Lifts Sabaj","description":"TV lifts are a solution that allows motorized hiding of your television in furniture, the ceiling, or the wall. With TV lifts, you can free up your living room space from a large screen, contributing to a more aesthetic and functional interior. Automating the operation of your television with TV lifts enables you to enjoy a modern, organized home. Choose TV lifts to optimize the space in your home.","publisher":{"@id":"https:\/\/rtv.sabaj.pl\/#organization"},"alternateName":"RTV Sabaj","potentialAction":[{"@type":"SearchAction","target":{"@type":"EntryPoint","urlTemplate":"https:\/\/rtv.sabaj.pl\/?s={search_term_string}"},"query-input":{"@type":"PropertyValueSpecification","valueRequired":true,"valueName":"search_term_string"}}],"inLanguage":"pl-PL"},{"@type":"Organization","@id":"https:\/\/rtv.sabaj.pl\/#organization","name":"Sabaj","url":"https:\/\/rtv.sabaj.pl\/","logo":{"@type":"ImageObject","inLanguage":"pl-PL","@id":"https:\/\/rtv.sabaj.pl\/#\/schema\/logo\/image\/","url":"https:\/\/rtv.sabaj.pl\/wp-content\/uploads\/2018\/07\/sabaj.jpg","contentUrl":"https:\/\/rtv.sabaj.pl\/wp-content\/uploads\/2018\/07\/sabaj.jpg","width":284,"height":106,"caption":"Sabaj"},"image":{"@id":"https:\/\/rtv.sabaj.pl\/#\/schema\/logo\/image\/"},"sameAs":["https:\/\/pl-pl.facebook.com\/sabajgroup\/","https:\/\/pl.linkedin.com\/company\/sabaj-system"]}]}},"_links":{"self":[{"href":"https:\/\/rtv.sabaj.pl\/pl\/wp-json\/wp\/v2\/product\/9406","targetHints":{"allow":["GET"]}}],"collection":[{"href":"https:\/\/rtv.sabaj.pl\/pl\/wp-json\/wp\/v2\/product"}],"about":[{"href":"https:\/\/rtv.sabaj.pl\/pl\/wp-json\/wp\/v2\/types\/product"}],"version-history":[{"count":0,"href":"https:\/\/rtv.sabaj.pl\/pl\/wp-json\/wp\/v2\/product\/9406\/revisions"}],"wp:featuredmedia":[{"embeddable":true,"href":"https:\/\/rtv.sabaj.pl\/pl\/wp-json\/wp\/v2\/media\/9407"}],"wp:attachment":[{"href":"https:\/\/rtv.sabaj.pl\/pl\/wp-json\/wp\/v2\/media?parent=9406"}],"wp:term":[{"taxonomy":"product_brand","embeddable":true,"href":"https:\/\/rtv.sabaj.pl\/pl\/wp-json\/wp\/v2\/product_brand?post=9406"},{"taxonomy":"product_cat","embeddable":true,"href":"https:\/\/rtv.sabaj.pl\/pl\/wp-json\/wp\/v2\/product_cat?post=9406"},{"taxonomy":"product_tag","embeddable":true,"href":"https:\/\/rtv.sabaj.pl\/pl\/wp-json\/wp\/v2\/product_tag?post=9406"}],"curies":[{"name":"wp","href":"https:\/\/api.w.org\/{rel}","templated":true}]}}